{"id":16073,"date":"2026-03-18T22:03:16","date_gmt":"2026-03-18T21:03:16","guid":{"rendered":"https:\/\/gltestm.webology.pl\/produkt\/kovove-civky-pro-sici-stroje-sada-25-ks-v-krabici\/"},"modified":"2026-03-22T21:43:13","modified_gmt":"2026-03-22T20:43:13","slug":"kovove-civky-pro-sici-stroje-sada-25-ks-v-krabici","status":"publish","type":"product","link":"https:\/\/gltestm.webology.pl\/cs\/produkt\/kovove-civky-pro-sici-stroje-sada-25-ks-v-krabici\/","title":{"rendered":"Kovov\u00e9 c\u00edvky pro \u0161ic\u00ed stroje (sada 25 ks v krabici)"},"content":{"rendered":"<h2>Sada 25 kovov\u00fdch c\u00edvek pro \u0161ic\u00ed stroje v krabi\u010dce<\/h2>\n<p>Tato sada obsahuje <strong>25<\/strong> strojov\u00fdch c\u00edvek. Jejich pr\u016fm\u011br je 2 cm, v\u00fd\u0161ka 1 cm a vnit\u0159n\u00ed pr\u016fm\u011br 6 mm.<\/p>\n<p>Kovov\u00e9 c\u00edvky pro \u0161ic\u00ed stroje Lucznik s<strong>plochou<\/strong><strong>\u010d\u00e1st\u00ed<\/strong>   . Kovov\u00e9 c\u00edvky jsou obecn\u011b <strong>odoln\u011bj\u0161\u00ed<\/strong> ne\u017e plastov\u00e9 c\u00edvky. Vyplat\u00ed se jich m\u00edt <strong>v\u00edce<\/strong> a navinout na n\u011b barvy nit\u00ed, kter\u00e9 m\u00e1te!<\/p>\n<h2>Rozm\u011bry c\u00edvky<\/h2>\n<ul>\n<li>pr\u016fm\u011br: 2 cm<\/li>\n<li>v\u00fd\u0161ka 1 cm<\/li>\n<li>vnit\u0159n\u00ed pr\u016fm\u011br 6 mm<\/li>\n<\/ul>\n<h2>C\u00edvka se hod\u00ed ke stroji<\/h2>\n<p>Archer Alicja 420, Archer Amelia II, Archer Anna 510, Archer Balladyna II 2020, Archer Carmen, Archer Diana 417, Archer Dorota, Archer Ewa II 2014, Archer Everyday, Archer Gabriela 875, Archer Helena 2060, Archer Izabella 888, Archer Jagoda 787, Archer Julia 2009, Archer Julita 777, Archer Justina 2010, Archer Karina 910, Archer Karolina 2040, Archer Katarzyna 444, Archer Kinga 2011, Archer Kornelia II 2004, Archer Laura 555, Archer Lena, Archer Lidia 2016, Archer Magdalena 2050, Archer Maja 827, Archer Malwina 2070, Archer Maria 418, Archer Marilyn 2018, Archer Marta 712, Archer Martina 2080, Archer Milena 419, Archer Mini, Archer Natalia 2007, Archer Ola 803, Archer Olga 418, Archer Otylia 2006, Archer Patrycja 2090, Archer Paulina 511, Archer Paulina 512, Archer Polonia 2018, Archer Telimena II 2030, Archer Teresa, Archer Veronica 2008, Archer Sophia I 2015, Archer Sophia II 2015.<\/p>\n<h2><span>Tato c\u00edvka <strong>se nehod\u00ed<\/strong><\/span><\/h2>\n<p><span>Pro d\u0159\u00edve vyr\u00e1b\u011bn\u00e9 \u0161ic\u00ed stroje zna\u010dky Lucznik, proto\u017ee nem\u00e1 hlubok\u00fd v\u00fd\u0159ez a jedn\u00e1 se o plochou c\u00edvku. P\u0159\u00edklady model\u016f, pro kter\u00e9 tato c\u00edvka NEN\u00cd vhodn\u00e1: 466, 451, 834, 884.<\/span><\/p>\n","protected":false},"excerpt":{"rendered":"<p>Sada 25 kovov\u00fdch c\u00edvek pro \u0161ic\u00ed stroje v praktick\u00e9 krabi\u010dce. Ur\u010deno pro pou\u017eit\u00ed v \u0161ic\u00edch stroj\u00edch Lucznik i mnoha dal\u0161\u00edch v\u00fdrobc\u016f<\/p>\n","protected":false},"featured_media":15706,"comment_status":"open","ping_status":"closed","template":"","meta":[],"product_brand":[],"product_cat":[526],"product_tag":[],"class_list":{"0":"post-16073","1":"product","2":"type-product","3":"status-publish","4":"has-post-thumbnail","6":"product_cat-szpulki-na-nici","8":"first","9":"instock","10":"taxable","11":"shipping-taxable","12":"purchasable","13":"product-type-simple"},"_links":{"self":[{"href":"https:\/\/gltestm.webology.pl\/cs\/wp-json\/wp\/v2\/product\/16073","targetHints":{"allow":["GET"]}}],"collection":[{"href":"https:\/\/gltestm.webology.pl\/cs\/wp-json\/wp\/v2\/product"}],"about":[{"href":"https:\/\/gltestm.webology.pl\/cs\/wp-json\/wp\/v2\/types\/product"}],"replies":[{"embeddable":true,"href":"https:\/\/gltestm.webology.pl\/cs\/wp-json\/wp\/v2\/comments?post=16073"}],"version-history":[{"count":0,"href":"https:\/\/gltestm.webology.pl\/cs\/wp-json\/wp\/v2\/product\/16073\/revisions"}],"wp:featuredmedia":[{"embeddable":true,"href":"https:\/\/gltestm.webology.pl\/cs\/wp-json\/wp\/v2\/media\/15706"}],"wp:attachment":[{"href":"https:\/\/gltestm.webology.pl\/cs\/wp-json\/wp\/v2\/media?parent=16073"}],"wp:term":[{"taxonomy":"product_brand","embeddable":true,"href":"https:\/\/gltestm.webology.pl\/cs\/wp-json\/wp\/v2\/product_brand?post=16073"},{"taxonomy":"product_cat","embeddable":true,"href":"https:\/\/gltestm.webology.pl\/cs\/wp-json\/wp\/v2\/product_cat?post=16073"},{"taxonomy":"product_tag","embeddable":true,"href":"https:\/\/gltestm.webology.pl\/cs\/wp-json\/wp\/v2\/product_tag?post=16073"}],"curies":[{"name":"wp","href":"https:\/\/api.w.org\/{rel}","templated":true}]}}