{"id":16069,"date":"2026-03-18T22:03:15","date_gmt":"2026-03-18T21:03:15","guid":{"rendered":"https:\/\/gltestm.webology.pl\/produkt\/patka-s-horni-dopravou-chuze\/"},"modified":"2026-03-22T21:43:04","modified_gmt":"2026-03-22T20:43:04","slug":"patka-s-horni-dopravou-chuze","status":"publish","type":"product","link":"https:\/\/gltestm.webology.pl\/cs\/produkt\/patka-s-horni-dopravou-chuze\/","title":{"rendered":"Patka s horn\u00ed dopravou &#8211; ch\u016fze"},"content":{"rendered":"<h2>N\u00e1\u0161lapn\u00e1 noha &#8211; noha s horn\u00edm transportem<\/h2>\n<p>Specializovan\u00e1 patka pro \u0161ic\u00ed stroje, kter\u00e1 <strong>usnad\u0148uje \u0161it\u00ed obt\u00ed\u017en\u00fdch materi\u00e1l\u016f.<\/strong> Kr\u00e1\u010dej\u00edc\u00ed patka p\u0159idr\u017euje se\u0161\u00edvan\u00e9 vrstvy materi\u00e1lu pomoc\u00ed horn\u00edch zub\u016f, kter\u00e9 nav\u00edc p\u0159idr\u017euj\u00ed a posouvaj\u00ed materi\u00e1l shora, v jedn\u00e9 rovin\u011b se spodn\u00ed vrstvou.<\/p>\n<p><strong>Pou\u017eit\u00ed: \u0160ic\u00ed stroj je vybaven \u0161ic\u00edmi strojky, kter\u00e9 jsou ur\u010deny pro \u0161it\u00ed do \u0161it\u00ed:<\/strong><\/p>\n<p>Patka pro horn\u00ed veden\u00ed je vhodn\u00e1 pro v\u0161echny druhy l\u00e1tek a \u00faplet\u016f, usnad\u0148uje jejich veden\u00ed a pro\u0161\u00edv\u00e1n\u00ed.<\/p>\n<p><strong>N\u00e1vod k pou\u017eit\u00ed:<\/strong><br \/>N\u00e1vod k pou\u017eit\u00ed: Pomoc\u00ed t\u00e9to patky m\u016f\u017eete \u0161\u00edt v\u0161emi stehy, kter\u00e9 je mo\u017en\u00e9 vy\u0161\u00edvat univerz\u00e1ln\u00ed patkou. Patka se nasazuje p\u0159\u00edmo na trn stroje po sejmut\u00ed upev\u0148ovac\u00edho dr\u017e\u00e1ku se zacvaknut\u00edm. P\u00e1\u010dka patky mus\u00ed b\u00fdt na upev\u0148ovac\u00edm \u0161roubu jehly. P\u0159ed zah\u00e1jen\u00edm vlastn\u00ed pr\u00e1ce v\u017edy prove\u010fte zku\u0161ebn\u00ed \u0161it\u00ed.<\/p>\n<p><strong>Patka se hod\u00ed:<\/strong><\/p>\n<p>\u0160ic\u00ed patka je vhodn\u00e1 pro v\u0161echny \u0161ic\u00ed stroje Archer z aktu\u00e1ln\u00ed prodejn\u00ed \u0159ady \u0160ic\u00ed stroje <strong>Archerse <\/strong><strong>spodn\u00edm n\u00e1stavcem patky<\/strong><\/p>\n<p>&#8211; pro \u0161ic\u00ed stroje s n\u00e1stavcem pro n\u00edzkou patku<\/p>\n<p>&#8211; \u0161ic\u00ed stroje<strong> Archer<\/strong> star\u00e9ho typu (t\u0159\u00edda 800 a dal\u0161\u00ed).<\/p>\n<p>Nehod\u00ed se pro stroje Lucznik: Mini, Everyday, Lena.<\/p>\n<p>Patka je dod\u00e1v\u00e1na s pap\u00edrov\u00fdm n\u00e1vodem k pou\u017eit\u00ed v angli\u010dtin\u011b. Chcete-li si st\u00e1hnout n\u00e1vod v pol\u0161tin\u011b, p\u0159ejd\u011bte do sekce &#8222;Ke sta\u017een\u00ed&#8220; a klikn\u011bte na odkaz.<\/p>\n","protected":false},"excerpt":{"rendered":"<p>Patka s horn\u00edm pod\u00e1v\u00e1n\u00edm (kr\u00e1\u010dej\u00edc\u00ed) zaji\u0161\u0165uje rovnom\u011brn\u00fd pohyb dvou vrstev materi\u00e1lu p\u0159i \u0161it\u00ed.<\/p>\n","protected":false},"featured_media":13976,"comment_status":"open","ping_status":"closed","template":"","meta":[],"product_brand":[],"product_cat":[451],"product_tag":[],"class_list":{"0":"post-16069","1":"product","2":"type-product","3":"status-publish","4":"has-post-thumbnail","6":"product_cat-stopki-do-maszyn","8":"first","9":"instock","10":"taxable","11":"shipping-taxable","12":"purchasable","13":"product-type-simple"},"_links":{"self":[{"href":"https:\/\/gltestm.webology.pl\/cs\/wp-json\/wp\/v2\/product\/16069","targetHints":{"allow":["GET"]}}],"collection":[{"href":"https:\/\/gltestm.webology.pl\/cs\/wp-json\/wp\/v2\/product"}],"about":[{"href":"https:\/\/gltestm.webology.pl\/cs\/wp-json\/wp\/v2\/types\/product"}],"replies":[{"embeddable":true,"href":"https:\/\/gltestm.webology.pl\/cs\/wp-json\/wp\/v2\/comments?post=16069"}],"version-history":[{"count":0,"href":"https:\/\/gltestm.webology.pl\/cs\/wp-json\/wp\/v2\/product\/16069\/revisions"}],"wp:featuredmedia":[{"embeddable":true,"href":"https:\/\/gltestm.webology.pl\/cs\/wp-json\/wp\/v2\/media\/13976"}],"wp:attachment":[{"href":"https:\/\/gltestm.webology.pl\/cs\/wp-json\/wp\/v2\/media?parent=16069"}],"wp:term":[{"taxonomy":"product_brand","embeddable":true,"href":"https:\/\/gltestm.webology.pl\/cs\/wp-json\/wp\/v2\/product_brand?post=16069"},{"taxonomy":"product_cat","embeddable":true,"href":"https:\/\/gltestm.webology.pl\/cs\/wp-json\/wp\/v2\/product_cat?post=16069"},{"taxonomy":"product_tag","embeddable":true,"href":"https:\/\/gltestm.webology.pl\/cs\/wp-json\/wp\/v2\/product_tag?post=16069"}],"curies":[{"name":"wp","href":"https:\/\/api.w.org\/{rel}","templated":true}]}}