{"id":16065,"date":"2026-03-18T22:03:15","date_gmt":"2026-03-18T21:03:15","guid":{"rendered":"https:\/\/gltestm.webology.pl\/produkt\/patka-pro-overlockovy-steh-s-nozem\/"},"modified":"2026-03-22T21:42:55","modified_gmt":"2026-03-22T20:42:55","slug":"patka-pro-overlockovy-steh-s-nozem","status":"publish","type":"product","link":"https:\/\/gltestm.webology.pl\/cs\/produkt\/patka-pro-overlockovy-steh-s-nozem\/","title":{"rendered":"Patka pro overlockov\u00fd steh s no\u017eem"},"content":{"rendered":"<h2>Patka pro overlockov\u00fd steh s \u0159eza\u010dkou<\/h2>\n<p>Patka pro overlockov\u00fd steh s \u0159eza\u010dkou pro \u0161it\u00ed overlockov\u00fdch steh\u016f.<\/p>\n<p>Chcete svou pr\u00e1ci p\u011bkn\u011b zakon\u010dit, ale nel\u00edb\u00ed se v\u00e1m my\u0161lenka na n\u00e1kup cel\u00e9ho overlocku? Tato patka v\u00e1m umo\u017en\u00ed dos\u00e1hnout efektu overlocku co nejbl\u00ed\u017ee s va\u0161\u00edm dom\u00e1c\u00edm \u0161ic\u00edm strojem. Lemuje okraje rovnom\u011brn\u011b, rovn\u011b, esteticky a p\u0159\u00edmo u okraje a pomoc\u00ed speci\u00e1ln\u00edho no\u017ee z\u00e1rove\u0148 od\u0159\u00edzne p\u0159ebyte\u010dn\u00fd materi\u00e1l.<\/p>\n<p>Patka je vhodn\u00e1 pro \u0161it\u00ed v\u011bt\u0161iny overlockov\u00fdch steh\u016f.<\/p>\n<p><strong>Montuje se p\u0159\u00edmo na trn stroje<\/strong>, p\u0159i\u010dem\u017e je t\u0159eba nejprve odstranit n\u00edzk\u00fd maticov\u00fd dr\u017e\u00e1k.<\/p>\n<p>P\u0159ed zah\u00e1jen\u00edm \u0161it\u00ed se v\u017edy ujist\u011bte, \u017ee jsou spr\u00e1vn\u011b nastaveny v\u0161echny parametry zvolen\u00e9ho stehu!<\/p>\n<p>P\u0159ed zah\u00e1jen\u00edm vlastn\u00ed pr\u00e1ce v\u017edy prove\u010fte zku\u0161ebn\u00ed \u0161it\u00ed na nepot\u0159ebn\u00e9m kousku materi\u00e1lu.<\/p>\n<p><strong>Hod\u00ed se pro:<\/strong><\/p>\n<p>-\u0161ic\u00ed stroje Archer s <strong>n\u00e1stavcem pro n\u00edzkou patku<\/strong><\/p>\n<p><strong>Nehod\u00ed se pro stroje Lucznik: Mini, Lena, Everyday.<\/strong><\/p>\n<p>K botce je p\u0159ilo\u017een pap\u00edrov\u00fd n\u00e1vod k pou\u017eit\u00ed v angli\u010dtin\u011b. Chcete-li si st\u00e1hnout n\u00e1vod v pol\u0161tin\u011b, p\u0159ejd\u011bte do sekce &#8222;Ke sta\u017een\u00ed&#8220; a klikn\u011bte na odkaz.<\/p>\n","protected":false},"excerpt":{"rendered":"<p>Patka s \u0159ezac\u00edm no\u017eem pro \u0161it\u00ed overlockov\u00fdch steh\u016f.<\/p>\n","protected":false},"featured_media":13925,"comment_status":"open","ping_status":"closed","template":"","meta":[],"product_brand":[],"product_cat":[451],"product_tag":[],"class_list":{"0":"post-16065","1":"product","2":"type-product","3":"status-publish","4":"has-post-thumbnail","6":"product_cat-stopki-do-maszyn","8":"first","9":"instock","10":"taxable","11":"shipping-taxable","12":"purchasable","13":"product-type-simple"},"_links":{"self":[{"href":"https:\/\/gltestm.webology.pl\/cs\/wp-json\/wp\/v2\/product\/16065","targetHints":{"allow":["GET"]}}],"collection":[{"href":"https:\/\/gltestm.webology.pl\/cs\/wp-json\/wp\/v2\/product"}],"about":[{"href":"https:\/\/gltestm.webology.pl\/cs\/wp-json\/wp\/v2\/types\/product"}],"replies":[{"embeddable":true,"href":"https:\/\/gltestm.webology.pl\/cs\/wp-json\/wp\/v2\/comments?post=16065"}],"version-history":[{"count":0,"href":"https:\/\/gltestm.webology.pl\/cs\/wp-json\/wp\/v2\/product\/16065\/revisions"}],"wp:featuredmedia":[{"embeddable":true,"href":"https:\/\/gltestm.webology.pl\/cs\/wp-json\/wp\/v2\/media\/13925"}],"wp:attachment":[{"href":"https:\/\/gltestm.webology.pl\/cs\/wp-json\/wp\/v2\/media?parent=16065"}],"wp:term":[{"taxonomy":"product_brand","embeddable":true,"href":"https:\/\/gltestm.webology.pl\/cs\/wp-json\/wp\/v2\/product_brand?post=16065"},{"taxonomy":"product_cat","embeddable":true,"href":"https:\/\/gltestm.webology.pl\/cs\/wp-json\/wp\/v2\/product_cat?post=16065"},{"taxonomy":"product_tag","embeddable":true,"href":"https:\/\/gltestm.webology.pl\/cs\/wp-json\/wp\/v2\/product_tag?post=16065"}],"curies":[{"name":"wp","href":"https:\/\/api.w.org\/{rel}","templated":true}]}}