{"id":16061,"date":"2026-03-18T22:03:15","date_gmt":"2026-03-18T21:03:15","guid":{"rendered":"https:\/\/gltestm.webology.pl\/produkt\/kruhova-sici-patka\/"},"modified":"2026-03-22T21:41:19","modified_gmt":"2026-03-22T20:41:19","slug":"kruhova-sici-patka","status":"publish","type":"product","link":"https:\/\/gltestm.webology.pl\/cs\/produkt\/kruhova-sici-patka\/","title":{"rendered":"Kruhov\u00e1 \u0161ic\u00ed patka"},"content":{"rendered":"<h2>Kruhov\u00e1 \u0161ic\u00ed patka<\/h2>\n<p>Tato patka je zaj\u00edmav\u00fdm p\u0159\u00edslu\u0161enstv\u00edm, kter\u00e9 v\u00e1m umo\u017en\u00ed roz\u0161\u00ed\u0159it mo\u017enosti va\u0161eho stroje pro um\u011bleck\u00e9 \u0161it\u00ed a zdoben\u00ed l\u00e1tek. Umo\u017e\u0148uje snadno vy\u0161\u00edt rovnom\u011brn\u00fd kruh pro lemov\u00e1n\u00ed nebo zaji\u0161t\u011bn\u00ed otvoru v l\u00e1tce.<\/p>\n<p>D\u00e1v\u00e1 v\u00e1m tak\u00e9 mo\u017enost vytv\u00e1\u0159et \u00fa\u017easnou \u0161k\u00e1lu ozdobn\u00fdch rozet, kv\u011btin, hv\u011bzdi\u010dek a slun\u00ed\u010dek pomoc\u00ed jednoduch\u00e9 i dvojit\u00e9 jehly.<\/p>\n<p>Vy\u0161\u00edv\u00e1 kruhy o pr\u016fm\u011bru od n\u011bkolika milimetr\u016f do p\u0159ibli\u017en\u011b jednoho centimetru a s pr\u016fm\u011brem otvoru 0,5 &#8211; 1,1 cm.<\/p>\n<p>Patka umo\u017e\u0148uje vy\u0161\u00edvat vzory jednoduch\u00fdm, dvojit\u00fdm, soust\u0159edn\u00fdm, odsazen\u00fdm a sm\u00ed\u0161en\u00fdm stehem.<\/p>\n<p><strong>N\u00e1vod k pou\u017eit\u00ed:<\/strong><br \/>Nejprve skryjte zuby dopravn\u00edku nebo je zakryjte kryc\u00ed deskou. Pot\u00e9, chcete-li patku nainstalovat, uvoln\u011bn\u00edm \u0161roubu sejm\u011bte p\u00e1ku zaklap\u00e1vac\u00ed patky, pot\u00e9 nainstalujte <strong>kruhovou<\/strong> patku p\u0159\u00edmo na trn a \u0161roub ut\u00e1hn\u011bte. P\u00e1\u010dka patky by m\u011bla b\u00fdt v poloze nad \u0161roubem dr\u017e\u00e1ku jehly. Prove\u010fte zkou\u0161ku \u0161it\u00ed na vybran\u00e9m materi\u00e1lu.<\/p>\n<p><strong>Patka se p\u0159izp\u016fsob\u00ed:<\/strong><\/p>\n<p>Patka je vhodn\u00e1 pro v\u0161echny stroje Lucznik z aktu\u00e1ln\u00ed prodejn\u00ed nab\u00eddky.<\/p>\n<p>-\u0161ic\u00ed stroje<strong>lucznik<\/strong> s n\u00edzk\u00fdm ulo\u017een\u00edm patky<\/p>\n<p>&#8211; \u0161ic\u00ed stroje<strong> Lucznik<\/strong> star\u00e9ho typu (t\u0159\u00edda 800 a dal\u0161\u00ed).<\/p>\n<p>Nehod\u00ed se pro stroje Lucznik: Mini, Lena, Everyday.<\/p>\n<p>Patka je dod\u00e1v\u00e1na s pap\u00edrov\u00fdm n\u00e1vodem k pou\u017eit\u00ed v angli\u010dtin\u011b. N\u00e1vod v pol\u0161tin\u011b si m\u016f\u017eete st\u00e1hnout na str\u00e1nce nab\u00eddky.<\/p>\n","protected":false},"excerpt":{"rendered":"<p>Patka pro vy\u0161\u00edv\u00e1n\u00ed kruh\u016f, rozet a hv\u011bzd, kterou m\u016f\u017eeme vy\u0161\u00edvat okraje otvor\u016f nebo ozdobn\u00e9 vzory po obvodu kruhu.<\/p>\n","protected":false},"featured_media":14806,"comment_status":"open","ping_status":"closed","template":"","meta":[],"product_brand":[],"product_cat":[451],"product_tag":[],"class_list":{"0":"post-16061","1":"product","2":"type-product","3":"status-publish","4":"has-post-thumbnail","6":"product_cat-stopki-do-maszyn","8":"first","9":"instock","10":"taxable","11":"shipping-taxable","12":"purchasable","13":"product-type-simple"},"_links":{"self":[{"href":"https:\/\/gltestm.webology.pl\/cs\/wp-json\/wp\/v2\/product\/16061","targetHints":{"allow":["GET"]}}],"collection":[{"href":"https:\/\/gltestm.webology.pl\/cs\/wp-json\/wp\/v2\/product"}],"about":[{"href":"https:\/\/gltestm.webology.pl\/cs\/wp-json\/wp\/v2\/types\/product"}],"replies":[{"embeddable":true,"href":"https:\/\/gltestm.webology.pl\/cs\/wp-json\/wp\/v2\/comments?post=16061"}],"version-history":[{"count":0,"href":"https:\/\/gltestm.webology.pl\/cs\/wp-json\/wp\/v2\/product\/16061\/revisions"}],"wp:featuredmedia":[{"embeddable":true,"href":"https:\/\/gltestm.webology.pl\/cs\/wp-json\/wp\/v2\/media\/14806"}],"wp:attachment":[{"href":"https:\/\/gltestm.webology.pl\/cs\/wp-json\/wp\/v2\/media?parent=16061"}],"wp:term":[{"taxonomy":"product_brand","embeddable":true,"href":"https:\/\/gltestm.webology.pl\/cs\/wp-json\/wp\/v2\/product_brand?post=16061"},{"taxonomy":"product_cat","embeddable":true,"href":"https:\/\/gltestm.webology.pl\/cs\/wp-json\/wp\/v2\/product_cat?post=16061"},{"taxonomy":"product_tag","embeddable":true,"href":"https:\/\/gltestm.webology.pl\/cs\/wp-json\/wp\/v2\/product_tag?post=16061"}],"curies":[{"name":"wp","href":"https:\/\/api.w.org\/{rel}","templated":true}]}}