{"id":16057,"date":"2026-03-18T22:03:13","date_gmt":"2026-03-18T21:03:13","guid":{"rendered":"https:\/\/gltestm.webology.pl\/produkt\/sada-14-nozicek-s-rukojeti-matic-v-krabici\/"},"modified":"2026-03-22T21:40:57","modified_gmt":"2026-03-22T20:40:57","slug":"sada-14-nozicek-s-rukojeti-matic-v-krabici","status":"publish","type":"product","link":"https:\/\/gltestm.webology.pl\/cs\/produkt\/sada-14-nozicek-s-rukojeti-matic-v-krabici\/","title":{"rendered":"Sada 14 no\u017ei\u010dek s rukojet\u00ed Matic v krabici"},"content":{"rendered":"<h2>Univerz\u00e1ln\u00ed sada no\u017ei\u010dek<\/h2>\n<p>R\u016fzn\u00e9 patky pro \u0161ic\u00ed stroje umo\u017e\u0148uj\u00ed <strong>p\u0159esn\u00e9, rychl\u00e9 a snadn\u00e9<\/strong> vyu\u017e\u00edv\u00e1n\u00ed funkc\u00ed, kter\u00e9 jsou na stroji k dispozici, zjednodu\u0161uj\u00ed prov\u00e1d\u011bn\u00ed mnoha prac\u00ed a poskytuj\u00ed i <strong>funkce,<\/strong> kter\u00e9 byste v z\u00e1kladn\u00edch funkc\u00edch stroje hledali marn\u011b.<\/p>\n<p>Patky, kter\u00e9 jsou v sad\u011b k dispozici, lze p\u0159ipojit t\u00e9m\u011b\u0159 k <strong>jak\u00e9mukoli typu stroje<\/strong> &#8211; darujte je a my v\u00e1m zaru\u010dujeme, \u017ee poc\u00edt\u00edte rozd\u00edl v jeho pr\u00e1ci. Patky obsa\u017een\u00e9 v sad\u011b jsou typy patek, kter\u00e9 by nem\u011bly chyb\u011bt ve v\u00fdbav\u011b \u017e\u00e1dn\u00e9ho dom\u00e1c\u00edho \u0161ic\u00edho studia, a tak\u00e9 n\u011bkolik &#8222;b\u00e1je\u010dn\u00fdch&#8220; patek, jejich\u017e pou\u017e\u00edv\u00e1n\u00ed <strong>v\u00e1m ud\u011bl\u00e1 mnoho radosti<\/strong>.<\/p>\n<h2>Obsah sady<\/h2>\n<ol>\n<li><strong>Maticov\u00fd<\/strong> dr\u017e\u00e1k pro uchycen\u00ed patek i na star\u0161\u00ed stroj. Jedn\u00e1 se o n\u00edzk\u00fd dr\u017e\u00e1k, kter\u00fd je vhodn\u00fd pro v\u011bt\u0161inu dom\u00e1c\u00edch \u0161ic\u00edch stroj\u016f (Archer t\u0159\u00eddy 800, Janome, Brother, Toyota, Huskystar, Redstar, Pfaff, Singer, Bernina Bernette, Jaguar).<\/li>\n<li><strong>Univerz\u00e1ln\u00ed<\/strong> patka.<\/li>\n<li>Patka pro lemov\u00e1n\u00ed <strong>knofl\u00edkov\u00fdch d\u00edrek<\/strong> (lze pou\u017e\u00edt i pro vy\u0161\u00edv\u00e1n\u00ed v\u00fdztuh a zapravov\u00e1n\u00ed drobn\u00fdch od\u011brek).<\/li>\n<li>Patka pro <strong>sat\u00e9nov\u00fd <\/strong> steh (nepostradateln\u00e1 p\u0159i \u0161it\u00ed v\u0161ech ozdobn\u00fdch steh\u016f a p\u0159i pou\u017eit\u00ed siln\u011bj\u0161\u00edch nit\u00ed).<\/li>\n<li>Patka pro<strong>quiltov\u00e1n\u00ed <\/strong> (umo\u017e\u0148uje tak\u00e9 v\u00e9st dokonale rovn\u00fd rovn\u00fd steh pomoc\u00ed speci\u00e1ln\u00edho vod\u00edtka).<\/li>\n<li>Patka pro p\u0159i\u0161\u00edv\u00e1n\u00ed <strong>knofl\u00edk\u016f<\/strong>.<\/li>\n<li>Patka pro p\u0159i\u0161\u00edv\u00e1n\u00ed <strong>zip\u016f<\/strong>.<\/li>\n<li>Patka pro <strong>lemov\u00e1n\u00ed <\/strong>(pomoc\u00ed speci\u00e1ln\u00edho &#8222;\u0161neka&#8220; dokonale nav\u00edj\u00ed materi\u00e1l a umo\u017e\u0148uje jeho rovnom\u011brn\u00e9 a estetick\u00e9 lemov\u00e1n\u00ed na okraji).<\/li>\n<li>Patka pro<strong>kryt\u00fd ste<\/strong> h (v\u00fdrazn\u011b usnad\u0148uje obt\u00ed\u017en\u00e9 um\u011bn\u00ed zapo\u0161it\u00ed kryt\u00fdm stehem).<\/li>\n<li>Patka pro <strong>\u0161it\u00ed prov\u00e1zk\u016f<\/strong> (velmi zaj\u00edmav\u00e1 pom\u016fcka umo\u017e\u0148uj\u00edc\u00ed vytv\u00e1\u0159et dekorace z prov\u00e1zk\u016f).<\/li>\n<li>Patka pro <strong>patchwork<\/strong>.<\/li>\n<li>Patka pro <strong>vy\u0161\u00edv\u00e1n\u00ed<\/strong> a <strong>za\u0161\u00edv\u00e1n\u00ed<\/strong>.<\/li>\n<li>Patka pro vytv\u00e1\u0159en\u00ed <strong>z\u00e1hyb\u016f <\/strong>(s jej\u00ed pomoc\u00ed lze velmi snadno vytv\u00e1\u0159et estetick\u00e9 z\u00e1hyby a vol\u00e1ny).<\/li>\n<li>Patka pro<strong>overlockov\u00fd <\/strong> steh (usnad\u0148uje \u0161it\u00ed overlockov\u00fdmi stehy, je esteti\u010dt\u011bj\u0161\u00ed a pom\u00e1h\u00e1 v\u00e9st \u0161it\u00ed rovnom\u011brn\u011b na okraji)<\/li>\n<li>Krokovac\u00ed patka (d\u00edky horn\u00edmu transportu usnad\u0148uje \u0161it\u00ed \u00faplet\u016f, v\u00fdpln\u00ed, pod\u0161\u00edvek, siln\u011bj\u0161\u00edch materi\u00e1l\u016f, \u0161it\u00ed v\u00edce vrstev. Je nepostradateln\u00e1 p\u0159i nejr\u016fzn\u011bj\u0161\u00edch probl\u00e9mech a dok\u00e1\u017ee skute\u010dn\u00e9 divy!&#8220;).<\/li>\n<\/ol>\n<h2>P\u0159ilo\u017een\u00fd n\u00e1vod k pou\u017eit\u00ed<\/h2>\n<p>Sou\u010d\u00e1st\u00ed balen\u00ed je n\u00e1vod k pou\u017eit\u00ed v <strong>angli\u010dtin\u011b<\/strong>. N\u00e1vod k sestaven\u00ed a pou\u017eit\u00ed v\u0161ech patek, kter\u00e9 jsou sou\u010d\u00e1st\u00ed balen\u00ed, v pol\u0161tin\u011b <strong>si<\/strong> m\u016f\u017eete <strong>st\u00e1hnout n\u00ed\u017ee<\/strong>.<\/p>\n<h3><strong>Modely stroj\u016f \u0141ucznik, ke kter\u00fdm se patky hod\u00ed<\/strong><\/h3>\n<p>Lucznik \u0159ady 700, 800, Lucznik <span>Alicja, Anna, Amelia II, Balladyna, Carmen, Diana, Dorota, Ewa II, Izabella II, Jagoda, Karolina, Kornelia, Katarzyna, Karina, Lidia, Laura, Magdalena, Malwina, Maria, Milena, Marta, Martyna, Ola, Paulina, Patrycja, Polonia, Teresa, Weronika, Zofia I, Zofia II a dal\u0161\u00ed.<\/span><\/p>\n<p><span>P\u0159ipojen\u00ed no\u017ei\u010dek k modelu <strong>\u0159ady<\/strong> Archer <strong>400<\/strong> bude vy\u017eadovat p\u0159ipojen\u00ed<strong> vysok\u00e9ho typov\u00e9ho dr\u017e\u00e1ku Matic<\/strong>, kter\u00fd nen\u00ed sou\u010d\u00e1st\u00ed sady. S t\u011bmito modely nebude fungovat ani r\u00fdhovac\u00ed a n\u00e1\u0161lapn\u00e1 patka.<\/span><\/p>\n<h3>Modely stroj\u016f jin\u00fdch v\u00fdrobc\u016f, ke kter\u00fdm se patky hod\u00ed<\/h3>\n<h3><strong>Brother<\/strong><\/h3>\n<p>Brother BN27, Brother BQ17, Brother BQ25, Brother CS10, Brother DS120, Brother DS140, Brother F400, Brother F410, Brother F420, Brother F460, Brother HF27, Brother HF37 STRONG &amp; TOUGH, Brother Innov-is VQ2, Brother Little Angel KD144, Brother Little Angel KD144S, Brother M280D, Brother NV1040SE, Brother NV1100, Brother NV1300, Brother NV15, Brother NV1800Q, Brother NV20 Limited Edition, Brother NV27SE, Brother NV35, Brother NV55FE, Brother RH127, Brother RL425<\/p>\n<h3><strong>Elna<\/strong><\/h3>\n<p>Elna 160 eXplore, Elna 220 eXplore, Elna 240 eXplore, Elna 320 eXplore, Elna 3210 Jeans, Elna 340 eXplore, Elna 520 eXperience, Elna 540 eXperience, Elna 550 eXperience, Elna 560 eXperience, Elna 570 eXperience, Elna 580 eXperience, Elna 680 eXcellence, Elna 720 eXcellence, Elna Sew 75, Elna Sew Fun, Elna Sew Green, Elna Sew Zebra<\/p>\n<h3><strong>Husqvarna<\/strong><\/h3>\n<p>Husqvarna E20, Husqvarna Viking E 20, Husqvarna E10, Husqvarna <span>EMERALD <\/span><span>116<\/span>, Husqvarna<span> <span>H|CLASS 100Q,<\/span><\/span> Husqvarna<span> <span> <span>EMERALD <\/span><span>118, Husqvarna TRIBUTE 145M<\/span><\/span><\/span>, Husqvarna<span> <span><span> <span>TRIBUTE 145C <\/span><\/span><\/span><\/span>, Husqvarna Viking<span> <span><span>OPAL<span>650<\/span><\/span><\/span><\/span>, Husqvarna Viking<span> <span><span><span> <span>OPAL<\/span><\/span><\/span><\/span><\/span> 690Q, Husqvarna<span> <span><span><span><span>Sapphire: husqvarna Viking Brilliance 75Q, Husqvarna EPIC 980Q, Husqvarna JADE 20, Husqvarna Designer JADE 35, Husqvarna Designer TOPAZ: 25, 40, Husqvarna Designer: TOPAZ 50, RUBY Royale, DIAMOND Royale, BRILLIANCE 80, Husqvarna DESIGNER EPIC<\/span><\/span><\/span><\/span><\/span><\/p>\n<h3><strong>Janome<\/strong><\/h3>\n<p>Janome 393, Janome 415, Janome 419S, Janome 423S, Janome 920, Janome E1015, Janome JUNO J15, Janome SAKURA 95, Janome JUNO E1019, Janome Jubilee 60507, Janome 725S, Janome Easy Jeans HD 1800, Janome Juno J100, Janome TXL607, Janome DM7200, Janome Skyline S3, Janome Skyline S5, Janome MC6600P, Janome MC8200QCP SE, Janome MC6700P, Janome Skyline S7 <\/p>\n<h3><strong>Juki<\/strong><\/h3>\n<p>Juki HZL-12Z, Juki HZL-27Z, Juki HZL-29Z, Juki HZL-353ZR, Juki HZL-355ZW-B, Juki HZL-357ZP, Juki HZL-60HR-B, Juki HZL-60HR-C, Juki HZL-70HW-B, Juki HZL-70HW-C, Juki HZL-80HP-B, Juki HZL-80HP-C, Juki HZL-DX5, Juki HZL-DX7, Juki HZL-F300, Juki HZL-F400, Juki HZL-F600, Juki HZL-G110, Juki HZL-G120, Juki HZL-G210, Juki HZL-G220<\/p>\n<h3><strong>SilverCrest<\/strong><\/h3>\n<h3><strong>Singer<\/strong> (star\u00fd typ)<\/h3>\n<p>Singer 833, Singer 814, Singer 518, Singer 514 (k nasazen\u00ed patky je t\u0159eba pou\u017e\u00edt <a href=\"https:\/\/galerialucznik.pl\/product-pol-576-Uchwyt-Matic-typ-niski.html\" target=\"_blank\" rel=\"noopener\">n\u00edzkou rukoje\u0165 MATIC<\/a>!)<\/p>\n<h3><strong>Singer<\/strong> (nov\u00fd typ)<\/h3>\n<p>Singer 1306, Singer 2250, Singer 3221, Singer 3229, Singer 3232, Singer 3333, Singer 3337, Singer 3342, Singer 4411 HEAVY DUTY (Singer 4411 zes\u00edlen\u00fd), Singer 4423 HEAVY DUTY (Singer 4423 zes\u00edlen\u00fd), Singer 4432 HEAVY DUTY (Singer 4432 zes\u00edlen\u00fd), Singer 6180, Singer 6699, Singer 7470, Singer 7640, Singer 8280, Singer 9960, Singer C240, Singer C440, Singer SE 300<\/p>\n<h3><strong>Toyota<\/strong><\/h3>\n<p>Toyota 21DES, Toyota C.E.V. (Toyota creatif elegance vogue), Toyota Decomaster25, Toyota Eco 15CB, Toyota Eco 26C, Toyota ECO15A, Toyota ECO15CG, Toyota ECO15CJ, Toyota ECO26A, Toyota ECO34B, Toyota ESG325, Toyota ESS224, Toyota FSG325, Toyota FSL18, Toyota FSR21, Toyota FSS224, Toyota JCB15, Toyota JEANS17C, Toyota JetB224, Toyota JFS18, ToyotaJNS17CT, Toyota JSA21, Toyota Oekaki Renaissance, Toyota OEKAKI (RS2000),  Toyota Power FabriQ, Toyota SPA15, Toyota SPA15R, Toyota SPA34, Toyota SPB15, Toyota SPB26, ToyotaSPB34, Toyota SUPER JEANS 15 PE (Toyota SUPERJ15PE), Toyota SUPER JEANS 15 WHITE (Toyota SUPERJ15WE), Toyota SUPER JEANS 17 XL (Toyota SPJ17XL), Toyota SUPER JEANS 26 (Toyota SUPERJ26), Toyota SUPER JEANS 34 (Toyota SUPERJ34), Toyota SUPER JEANS SJ 15 (Toyota SUPERJ15), Toyota QUILT226<\/p>\n","protected":false},"excerpt":{"rendered":"<p>Sada 14 no\u017ei\u010dek spolu s nacvak\u00e1vac\u00edm dr\u017e\u00e1kem no\u017ei\u010dek. Praktick\u00e1 krabi\u010dka usnad\u0148uje skladov\u00e1n\u00ed a n\u00edzk\u00fd dr\u017e\u00e1k typu Matic umo\u017e\u0148uje p\u0159ipevnit patky ke star\u0161\u00edm stroj\u016fm, jako je legend\u00e1rn\u00ed \u0159ada 800 Archers<\/p>\n","protected":false},"featured_media":13041,"comment_status":"open","ping_status":"closed","template":"","meta":[],"product_brand":[],"product_cat":[466],"product_tag":[],"class_list":{"0":"post-16057","1":"product","2":"type-product","3":"status-publish","4":"has-post-thumbnail","6":"product_cat-uchwyty-do-stopek","8":"first","9":"instock","10":"taxable","11":"shipping-taxable","12":"purchasable","13":"product-type-simple"},"_links":{"self":[{"href":"https:\/\/gltestm.webology.pl\/cs\/wp-json\/wp\/v2\/product\/16057","targetHints":{"allow":["GET"]}}],"collection":[{"href":"https:\/\/gltestm.webology.pl\/cs\/wp-json\/wp\/v2\/product"}],"about":[{"href":"https:\/\/gltestm.webology.pl\/cs\/wp-json\/wp\/v2\/types\/product"}],"replies":[{"embeddable":true,"href":"https:\/\/gltestm.webology.pl\/cs\/wp-json\/wp\/v2\/comments?post=16057"}],"version-history":[{"count":0,"href":"https:\/\/gltestm.webology.pl\/cs\/wp-json\/wp\/v2\/product\/16057\/revisions"}],"wp:featuredmedia":[{"embeddable":true,"href":"https:\/\/gltestm.webology.pl\/cs\/wp-json\/wp\/v2\/media\/13041"}],"wp:attachment":[{"href":"https:\/\/gltestm.webology.pl\/cs\/wp-json\/wp\/v2\/media?parent=16057"}],"wp:term":[{"taxonomy":"product_brand","embeddable":true,"href":"https:\/\/gltestm.webology.pl\/cs\/wp-json\/wp\/v2\/product_brand?post=16057"},{"taxonomy":"product_cat","embeddable":true,"href":"https:\/\/gltestm.webology.pl\/cs\/wp-json\/wp\/v2\/product_cat?post=16057"},{"taxonomy":"product_tag","embeddable":true,"href":"https:\/\/gltestm.webology.pl\/cs\/wp-json\/wp\/v2\/product_tag?post=16057"}],"curies":[{"name":"wp","href":"https:\/\/api.w.org\/{rel}","templated":true}]}}