{"id":16053,"date":"2026-03-18T22:03:12","date_gmt":"2026-03-18T21:03:12","guid":{"rendered":"https:\/\/gltestm.webology.pl\/produkt\/overlockova-patka-pro-siti-z-provazku\/"},"modified":"2026-03-22T21:39:11","modified_gmt":"2026-03-22T20:39:11","slug":"overlockova-patka-pro-siti-z-provazku","status":"publish","type":"product","link":"https:\/\/gltestm.webology.pl\/cs\/produkt\/overlockova-patka-pro-siti-z-provazku\/","title":{"rendered":"Overlockov\u00e1 patka pro \u0161it\u00ed z prov\u00e1zku"},"content":{"rendered":"<p>Patka vhodn\u00e1 pro overlocky Lucznik 820D5 a 720D.<\/p>\n<p>Umo\u017e\u0148uje pro\u0161\u00edt dv\u011b d\u00e1vky l\u00e1tky s lemovac\u00ed p\u00e1skou mezi nimi v jedn\u00e9 operaci. M\u00e1 speci\u00e1ln\u00ed dr\u00e1\u017eku pro veden\u00ed lemovac\u00ed p\u00e1sky. Je ide\u00e1ln\u00ed pro \u0161it\u00ed voln\u00fdch od\u011bv\u016f, sportovn\u00edch ta\u0161ek a povlak\u016f na pol\u0161t\u00e1\u0159e.<\/p>\n","protected":false},"excerpt":{"rendered":"<p>Ide\u00e1ln\u00ed pro rychl\u00e9 p\u0159i\u0161\u00edv\u00e1n\u00ed potrubn\u00ed p\u00e1sky mezi dv\u011bma materi\u00e1ly.<\/p>\n","protected":false},"featured_media":14161,"comment_status":"open","ping_status":"closed","template":"","meta":[],"product_brand":[],"product_cat":[456],"product_tag":[],"class_list":{"0":"post-16053","1":"product","2":"type-product","3":"status-publish","4":"has-post-thumbnail","6":"product_cat-stopki-do-overlockow","8":"first","9":"instock","10":"taxable","11":"shipping-taxable","12":"purchasable","13":"product-type-simple"},"_links":{"self":[{"href":"https:\/\/gltestm.webology.pl\/cs\/wp-json\/wp\/v2\/product\/16053","targetHints":{"allow":["GET"]}}],"collection":[{"href":"https:\/\/gltestm.webology.pl\/cs\/wp-json\/wp\/v2\/product"}],"about":[{"href":"https:\/\/gltestm.webology.pl\/cs\/wp-json\/wp\/v2\/types\/product"}],"replies":[{"embeddable":true,"href":"https:\/\/gltestm.webology.pl\/cs\/wp-json\/wp\/v2\/comments?post=16053"}],"version-history":[{"count":0,"href":"https:\/\/gltestm.webology.pl\/cs\/wp-json\/wp\/v2\/product\/16053\/revisions"}],"wp:featuredmedia":[{"embeddable":true,"href":"https:\/\/gltestm.webology.pl\/cs\/wp-json\/wp\/v2\/media\/14161"}],"wp:attachment":[{"href":"https:\/\/gltestm.webology.pl\/cs\/wp-json\/wp\/v2\/media?parent=16053"}],"wp:term":[{"taxonomy":"product_brand","embeddable":true,"href":"https:\/\/gltestm.webology.pl\/cs\/wp-json\/wp\/v2\/product_brand?post=16053"},{"taxonomy":"product_cat","embeddable":true,"href":"https:\/\/gltestm.webology.pl\/cs\/wp-json\/wp\/v2\/product_cat?post=16053"},{"taxonomy":"product_tag","embeddable":true,"href":"https:\/\/gltestm.webology.pl\/cs\/wp-json\/wp\/v2\/product_tag?post=16053"}],"curies":[{"name":"wp","href":"https:\/\/api.w.org\/{rel}","templated":true}]}}