{"id":16049,"date":"2026-03-18T22:03:11","date_gmt":"2026-03-18T21:03:11","guid":{"rendered":"https:\/\/gltestm.webology.pl\/produkt\/overlockova-patka-pro-siti-gumy\/"},"modified":"2026-03-22T21:06:52","modified_gmt":"2026-03-22T20:06:52","slug":"overlockova-patka-pro-siti-gumy","status":"publish","type":"product","link":"https:\/\/gltestm.webology.pl\/cs\/produkt\/overlockova-patka-pro-siti-gumy\/","title":{"rendered":"Overlockov\u00e1 patka pro \u0161it\u00ed gumy"},"content":{"rendered":"<h2><span>Overlockov\u00e1 patka pro \u0161it\u00ed gumi\u010dek<\/span><\/h2>\n<p>Tato pru\u017en\u00e1 patka je speci\u00e1ln\u011b navr\u017eena pro <strong>veden\u00ed<\/strong> a <strong>natahov\u00e1n\u00ed<\/strong> \u00fazk\u00e9 <strong>gumi\u010dky<\/strong> p\u0159i \u0161it\u00ed na l\u00e1tku. \u0160\u00ed\u0159ka gumy by m\u011bla b\u00fdt v rozmez\u00ed<strong> 6-12 mm<\/strong> (\u00bc a\u017e \u00bd palce). Je to vynikaj\u00edc\u00ed n\u00e1stroj pro \u0161it\u00ed <strong>aktivn\u00edho oble\u010den\u00ed<\/strong>, <strong>spodn\u00edho pr\u00e1dla<\/strong> a dal\u0161\u00edch projekt\u016f.<\/p>\n<h2>Jak pou\u017e\u00edvat gumovou \u0161ic\u00ed patku?<\/h2>\n<ol>\n<li><strong>P\u0159ed<\/strong> nasazen\u00edm patky na <strong>stroj<\/strong> prot\u00e1hn\u011bte gumi\u010dku otvorem v patce a nastavte <strong>nap\u011bt\u00ed<\/strong> pomoc\u00ed regula\u010dn\u00edho \u0161roubu.<\/li>\n<li>P\u0159ipevn\u011bte \u0161ic\u00ed patku ke stroji a ujist\u011bte se, \u017ee je <strong>bezpe\u010dn\u011b upevn\u011bna<\/strong>.<\/li>\n<li>Za\u010dn\u011bte \u0161\u00edt a <strong>pro\u0161ijte prvn\u00ed 2-3 stehy<\/strong>. Jemn\u011b t\u00e1hn\u011bte gumi\u010dku sm\u011brem k <strong>zadn\u00ed \u010d\u00e1sti stroje<\/strong>, co\u017e pom\u016f\u017ee <strong>rovnom\u011brn\u011b<\/strong> nat\u00e1hnout gumi\u010dku.<\/li>\n<li>Pokra\u010dujte v \u0161it\u00ed gumi\u010dky k l\u00e1tce a st\u00e1le lehce <strong>t\u00e1hn\u011bte za<\/strong> konec gumi\u010dky. To<strong> v\u00e1m<\/strong> pom\u016f\u017ee<strong> udr\u017eet kontrolu nad<\/strong> napnut\u00edm, co\u017e je p\u0159i \u0161it\u00ed projekt\u016f s gumou <strong>z\u00e1sadn\u00ed<\/strong>.<\/li>\n<\/ol>\n<h2>Patka je vhodn\u00e1 pro stroje<\/h2>\n<ul>\n<li>Overlock Lucznik 820D5 a <span>720D5<\/span><\/li>\n<li><span>Pfaff Hobbylock 2.0, Pfaff Hobbylock 4762, Pfaff Coverlock 4772<\/span><\/li>\n<li>Singer 14U544, Singer 14U554, Singer 14U555, Singer 14CG744,<\/li>\n<li>Singer 14CG754, Singer 14SH654, Singer 14SH744, Singer 14SH754, Singer 50SCH<\/li>\n<li>Husqvarna Viking Huskylock s15<\/li>\n<\/ul>\n","protected":false},"excerpt":{"rendered":"<p>Patka pro \u0161it\u00ed elastick\u00fdch p\u00e1sek a gumy. \u0160\u00ed\u0159ka gumy je 6-12 mm. Ide\u00e1ln\u00ed pro \u0161it\u00ed spodn\u00edho pr\u00e1dla nebo aktivn\u00edho oble\u010den\u00ed.<\/p>\n","protected":false},"featured_media":15092,"comment_status":"open","ping_status":"closed","template":"","meta":[],"product_brand":[],"product_cat":[456],"product_tag":[],"class_list":{"0":"post-16049","1":"product","2":"type-product","3":"status-publish","4":"has-post-thumbnail","6":"product_cat-stopki-do-overlockow","8":"first","9":"instock","10":"taxable","11":"shipping-taxable","12":"purchasable","13":"product-type-simple"},"_links":{"self":[{"href":"https:\/\/gltestm.webology.pl\/cs\/wp-json\/wp\/v2\/product\/16049","targetHints":{"allow":["GET"]}}],"collection":[{"href":"https:\/\/gltestm.webology.pl\/cs\/wp-json\/wp\/v2\/product"}],"about":[{"href":"https:\/\/gltestm.webology.pl\/cs\/wp-json\/wp\/v2\/types\/product"}],"replies":[{"embeddable":true,"href":"https:\/\/gltestm.webology.pl\/cs\/wp-json\/wp\/v2\/comments?post=16049"}],"version-history":[{"count":0,"href":"https:\/\/gltestm.webology.pl\/cs\/wp-json\/wp\/v2\/product\/16049\/revisions"}],"wp:featuredmedia":[{"embeddable":true,"href":"https:\/\/gltestm.webology.pl\/cs\/wp-json\/wp\/v2\/media\/15092"}],"wp:attachment":[{"href":"https:\/\/gltestm.webology.pl\/cs\/wp-json\/wp\/v2\/media?parent=16049"}],"wp:term":[{"taxonomy":"product_brand","embeddable":true,"href":"https:\/\/gltestm.webology.pl\/cs\/wp-json\/wp\/v2\/product_brand?post=16049"},{"taxonomy":"product_cat","embeddable":true,"href":"https:\/\/gltestm.webology.pl\/cs\/wp-json\/wp\/v2\/product_cat?post=16049"},{"taxonomy":"product_tag","embeddable":true,"href":"https:\/\/gltestm.webology.pl\/cs\/wp-json\/wp\/v2\/product_tag?post=16049"}],"curies":[{"name":"wp","href":"https:\/\/api.w.org\/{rel}","templated":true}]}}