{"id":16045,"date":"2026-03-18T22:03:11","date_gmt":"2026-03-18T21:03:11","guid":{"rendered":"https:\/\/gltestm.webology.pl\/produkt\/overlockova-patka-pro-siti-koralku\/"},"modified":"2026-03-22T21:06:50","modified_gmt":"2026-03-22T20:06:50","slug":"overlockova-patka-pro-siti-koralku","status":"publish","type":"product","link":"https:\/\/gltestm.webology.pl\/cs\/produkt\/overlockova-patka-pro-siti-koralku\/","title":{"rendered":"Overlockov\u00e1 patka pro \u0161it\u00ed kor\u00e1lk\u016f"},"content":{"rendered":"<h2>Overlockov\u00e1 patka pro \u0161it\u00ed kor\u00e1lk\u016f <\/h2>\n<p>Ide\u00e1ln\u00ed patka pro v\u0161\u00edv\u00e1n\u00ed <strong>kor\u00e1lk\u016f<\/strong>, <strong>flitr\u016f<\/strong> apod., ale i <strong>gumi\u010dek<\/strong> a r\u016fzn\u00fdch druh\u016f <strong>prov\u00e1zk\u016f<\/strong>. M\u00e1 <strong>vod\u00edtko pro kor\u00e1lky<\/strong> na\u0161it\u00e9 na okraji materi\u00e1lu.<\/p>\n<h2>Jak pou\u017e\u00edvat patku pro<span> v\u0161\u00edv\u00e1n\u00ed kor\u00e1lk\u016f<\/span><span>?<\/span><\/h2>\n<ol>\n<li>Nastavte overlock na po\u017eadovan\u00fd typ \u0161vu.<\/li>\n<li>Provl\u00e9kn\u011bte kor\u00e1lkovou \u0161\u0148\u016fru kan\u00e1lkem na spodn\u00ed stran\u011b patky.<\/li>\n<li>P\u0159ipevn\u011bte patku ke stroji.<\/li>\n<li>Pomoc\u00ed setrva\u010dn\u00edku prove\u010fte dva po\u010d\u00e1te\u010dn\u00ed stehy, aby kor\u00e1lky z\u016fstaly na sv\u00e9m m\u00edst\u011b.<\/li>\n<li>P\u0159i\u0161ijte kor\u00e1lky k okraji l\u00e1tky a p\u0159ebyte\u010dnou l\u00e1tku p\u0159i \u0161it\u00ed minim\u00e1ln\u011b zast\u0159ihn\u011bte, nebo \u0161ijte pod\u00e9l z\u00e1hybu bez st\u0159\u00edh\u00e1n\u00ed.<\/li>\n<\/ol>\n<h2>Patka je vhodn\u00e1 pro stroje<\/h2>\n<ul>\n<li>Overlock Lucznik 820D5 a <span>720D5<\/span><\/li>\n<li><span>Pfaff Hobbylock 2.0, Pfaff Hobbylock 4762, Pfaff Coverlock 4772<\/span><\/li>\n<li>Singer 14U544, Singer 14U554, Singer 14U555, Singer 14CG744,<\/li>\n<li>Singer 14CG754, Singer 14SH654, Singer 14SH744, Singer 14SH754, Singer 50SCH<\/li>\n<li>Husqvarna Viking Huskylock s15<\/li>\n<\/ul>\n","protected":false},"excerpt":{"rendered":"<p>Patka s vod\u00edtkem pro \u0161it\u00ed kor\u00e1lk\u016f, flitr\u016f atd<\/p>\n","protected":false},"featured_media":13682,"comment_status":"open","ping_status":"closed","template":"","meta":[],"product_brand":[],"product_cat":[456],"product_tag":[],"class_list":{"0":"post-16045","1":"product","2":"type-product","3":"status-publish","4":"has-post-thumbnail","6":"product_cat-stopki-do-overlockow","8":"first","9":"instock","10":"taxable","11":"shipping-taxable","12":"purchasable","13":"product-type-simple"},"_links":{"self":[{"href":"https:\/\/gltestm.webology.pl\/cs\/wp-json\/wp\/v2\/product\/16045","targetHints":{"allow":["GET"]}}],"collection":[{"href":"https:\/\/gltestm.webology.pl\/cs\/wp-json\/wp\/v2\/product"}],"about":[{"href":"https:\/\/gltestm.webology.pl\/cs\/wp-json\/wp\/v2\/types\/product"}],"replies":[{"embeddable":true,"href":"https:\/\/gltestm.webology.pl\/cs\/wp-json\/wp\/v2\/comments?post=16045"}],"version-history":[{"count":0,"href":"https:\/\/gltestm.webology.pl\/cs\/wp-json\/wp\/v2\/product\/16045\/revisions"}],"wp:featuredmedia":[{"embeddable":true,"href":"https:\/\/gltestm.webology.pl\/cs\/wp-json\/wp\/v2\/media\/13682"}],"wp:attachment":[{"href":"https:\/\/gltestm.webology.pl\/cs\/wp-json\/wp\/v2\/media?parent=16045"}],"wp:term":[{"taxonomy":"product_brand","embeddable":true,"href":"https:\/\/gltestm.webology.pl\/cs\/wp-json\/wp\/v2\/product_brand?post=16045"},{"taxonomy":"product_cat","embeddable":true,"href":"https:\/\/gltestm.webology.pl\/cs\/wp-json\/wp\/v2\/product_cat?post=16045"},{"taxonomy":"product_tag","embeddable":true,"href":"https:\/\/gltestm.webology.pl\/cs\/wp-json\/wp\/v2\/product_tag?post=16045"}],"curies":[{"name":"wp","href":"https:\/\/api.w.org\/{rel}","templated":true}]}}