{"id":16041,"date":"2026-03-18T22:03:10","date_gmt":"2026-03-18T21:03:10","guid":{"rendered":"https:\/\/gltestm.webology.pl\/produkt\/overlockova-sici-patka-pro-siti-krytym-stehem\/"},"modified":"2026-03-22T21:06:49","modified_gmt":"2026-03-22T20:06:49","slug":"overlockova-sici-patka-pro-siti-krytym-stehem","status":"publish","type":"product","link":"https:\/\/gltestm.webology.pl\/cs\/produkt\/overlockova-sici-patka-pro-siti-krytym-stehem\/","title":{"rendered":"Overlockov\u00e1 \u0161ic\u00ed patka pro \u0161it\u00ed kryt\u00fdm stehem"},"content":{"rendered":"<p>Patka pro pou\u017eit\u00ed se stroji Overlock 820D5 a 720D.<\/p>\n<p>Patka pro kryt\u00e9 stehy je ide\u00e1ln\u00ed pro profesion\u00e1ln\u00ed \u0161it\u00ed neviditeln\u00fdch \u0161v\u016f na st\u0159edn\u011b siln\u00fdch a siln\u00fdch materi\u00e1lech.<\/p>\n<p>\u0160ev je hotov\u00fd, vy\u0161it\u00fd a &#8222;skryt\u00fd&#8220; jedn\u00edm tahem.  <\/p>\n","protected":false},"excerpt":{"rendered":"<p>Ide\u00e1ln\u00ed pro vytv\u00e1\u0159en\u00ed neviditeln\u00fdch \u0161v\u016f na l\u00e1tk\u00e1ch.<\/p>\n","protected":false},"featured_media":14118,"comment_status":"open","ping_status":"closed","template":"","meta":[],"product_brand":[],"product_cat":[456],"product_tag":[],"class_list":{"0":"post-16041","1":"product","2":"type-product","3":"status-publish","4":"has-post-thumbnail","6":"product_cat-stopki-do-overlockow","8":"first","9":"instock","10":"taxable","11":"shipping-taxable","12":"purchasable","13":"product-type-simple"},"_links":{"self":[{"href":"https:\/\/gltestm.webology.pl\/cs\/wp-json\/wp\/v2\/product\/16041","targetHints":{"allow":["GET"]}}],"collection":[{"href":"https:\/\/gltestm.webology.pl\/cs\/wp-json\/wp\/v2\/product"}],"about":[{"href":"https:\/\/gltestm.webology.pl\/cs\/wp-json\/wp\/v2\/types\/product"}],"replies":[{"embeddable":true,"href":"https:\/\/gltestm.webology.pl\/cs\/wp-json\/wp\/v2\/comments?post=16041"}],"version-history":[{"count":0,"href":"https:\/\/gltestm.webology.pl\/cs\/wp-json\/wp\/v2\/product\/16041\/revisions"}],"wp:featuredmedia":[{"embeddable":true,"href":"https:\/\/gltestm.webology.pl\/cs\/wp-json\/wp\/v2\/media\/14118"}],"wp:attachment":[{"href":"https:\/\/gltestm.webology.pl\/cs\/wp-json\/wp\/v2\/media?parent=16041"}],"wp:term":[{"taxonomy":"product_brand","embeddable":true,"href":"https:\/\/gltestm.webology.pl\/cs\/wp-json\/wp\/v2\/product_brand?post=16041"},{"taxonomy":"product_cat","embeddable":true,"href":"https:\/\/gltestm.webology.pl\/cs\/wp-json\/wp\/v2\/product_cat?post=16041"},{"taxonomy":"product_tag","embeddable":true,"href":"https:\/\/gltestm.webology.pl\/cs\/wp-json\/wp\/v2\/product_tag?post=16041"}],"curies":[{"name":"wp","href":"https:\/\/api.w.org\/{rel}","templated":true}]}}