{"id":16037,"date":"2026-03-18T22:03:10","date_gmt":"2026-03-18T21:03:10","guid":{"rendered":"https:\/\/gltestm.webology.pl\/produkt\/overlockova-patka-pro-siti-krajek\/"},"modified":"2026-03-22T21:39:05","modified_gmt":"2026-03-22T20:39:05","slug":"overlockova-patka-pro-siti-krajek","status":"publish","type":"product","link":"https:\/\/gltestm.webology.pl\/cs\/produkt\/overlockova-patka-pro-siti-krajek\/","title":{"rendered":"Overlockov\u00e1 patka pro \u0161it\u00ed krajek"},"content":{"rendered":"<p> Patka pro pou\u017eit\u00ed se stroji Overlock 820D5 a 720.<\/p>\n<p>Patka pro stuhy umo\u017e\u0148uje se\u0161\u00edvat krajky a \u0161irok\u00e9 stuhy nebo je p\u0159i\u0161\u00edvat k jin\u00e9 l\u00e1tce.<\/p>\n<p>Patka, kter\u00e1 umo\u017e\u0148uje snadno a rychle p\u0159i\u0161\u00edt<strong> jakoukoli krajku<\/strong> na l\u00e1tku a z\u00e1rove\u0148 poskytuje profesion\u00e1ln\u00ed a estetick\u00fd efekt.<\/p>\n","protected":false},"excerpt":{"rendered":"<p>Ide\u00e1ln\u00ed pro \u0161it\u00ed a pro\u0161\u00edv\u00e1n\u00ed stuh a krajek.<\/p>\n","protected":false},"featured_media":14671,"comment_status":"open","ping_status":"closed","template":"","meta":[],"product_brand":[],"product_cat":[456],"product_tag":[],"class_list":{"0":"post-16037","1":"product","2":"type-product","3":"status-publish","4":"has-post-thumbnail","6":"product_cat-stopki-do-overlockow","8":"first","9":"instock","10":"taxable","11":"shipping-taxable","12":"purchasable","13":"product-type-simple"},"_links":{"self":[{"href":"https:\/\/gltestm.webology.pl\/cs\/wp-json\/wp\/v2\/product\/16037","targetHints":{"allow":["GET"]}}],"collection":[{"href":"https:\/\/gltestm.webology.pl\/cs\/wp-json\/wp\/v2\/product"}],"about":[{"href":"https:\/\/gltestm.webology.pl\/cs\/wp-json\/wp\/v2\/types\/product"}],"replies":[{"embeddable":true,"href":"https:\/\/gltestm.webology.pl\/cs\/wp-json\/wp\/v2\/comments?post=16037"}],"version-history":[{"count":0,"href":"https:\/\/gltestm.webology.pl\/cs\/wp-json\/wp\/v2\/product\/16037\/revisions"}],"wp:featuredmedia":[{"embeddable":true,"href":"https:\/\/gltestm.webology.pl\/cs\/wp-json\/wp\/v2\/media\/14671"}],"wp:attachment":[{"href":"https:\/\/gltestm.webology.pl\/cs\/wp-json\/wp\/v2\/media?parent=16037"}],"wp:term":[{"taxonomy":"product_brand","embeddable":true,"href":"https:\/\/gltestm.webology.pl\/cs\/wp-json\/wp\/v2\/product_brand?post=16037"},{"taxonomy":"product_cat","embeddable":true,"href":"https:\/\/gltestm.webology.pl\/cs\/wp-json\/wp\/v2\/product_cat?post=16037"},{"taxonomy":"product_tag","embeddable":true,"href":"https:\/\/gltestm.webology.pl\/cs\/wp-json\/wp\/v2\/product_tag?post=16037"}],"curies":[{"name":"wp","href":"https:\/\/api.w.org\/{rel}","templated":true}]}}