{"id":16033,"date":"2026-03-18T22:03:10","date_gmt":"2026-03-18T21:03:10","guid":{"rendered":"https:\/\/gltestm.webology.pl\/produkt\/overlockova-patka-pro-ryhovani\/"},"modified":"2026-03-22T21:39:04","modified_gmt":"2026-03-22T20:39:04","slug":"overlockova-patka-pro-ryhovani","status":"publish","type":"product","link":"https:\/\/gltestm.webology.pl\/cs\/produkt\/overlockova-patka-pro-ryhovani\/","title":{"rendered":"Overlockov\u00e1 patka pro r\u00fdhov\u00e1n\u00ed"},"content":{"rendered":"<h2>Overlockov\u00e1 r\u00fdhovac\u00ed patka<\/h2>\n<p>P\u0159ekr\u00fdvac\u00ed <strong>rylovac\u00ed<\/strong> patka umo\u017e\u0148uje se\u0161\u00edt <strong>dv\u011b d\u00e1vky l\u00e1tky<\/strong> dohromady a z\u00e1rove\u0148 rylovat spodn\u00ed vrstvu l\u00e1tky. Je ide\u00e1ln\u00ed pro \u0161it\u00ed <strong>d\u011btsk\u00e9ho<\/strong> oble\u010den\u00ed, kombinov\u00e1n\u00ed na\u0159asen\u00fdch <strong>vol\u00e1n\u016f se z\u00e1clonami<\/strong>, stejn\u011b jako pokr\u00fdvek na st\u016fl nebo <strong>v\u00edcevrstv\u00fdch<\/strong> <strong>sukn\u00ed<\/strong>. <strong>Stupe\u0148<\/strong> na\u0159asen\u00ed se nastavuje nastaven\u00edm <strong>diferenci\u00e1ln\u00edho transportu<\/strong>.<\/p>\n<h2>Jak pou\u017e\u00edvat rylovac\u00ed patku?<\/h2>\n<ol>\n<li>Na stroj polo\u017ete<strong>dv\u011b<\/strong> vrstvy l\u00e1tky a mezi n\u011b vlo\u017ete odd\u011blovac\u00ed desku.<\/li>\n<li>Prove\u010fte <strong>2-3 \u0161vy<\/strong>.<\/li>\n<li>P\u0159i \u0161it\u00ed jemn\u011b ve\u010fte a udr\u017eujte horn\u00ed i spodn\u00ed vrstvu l\u00e1tky odd\u011blen\u00e9.<\/li>\n<\/ol>\n<h2>Patka je vhodn\u00e1 pro stroje<\/h2>\n<ul>\n<li>Overlock Lucznik 820D5 a <span>720D5<\/span><\/li>\n<li><span>Pfaff Hobbylock 2.0, Pfaff Hobbylock 4762, Pfaff Coverlock 4772<\/span><\/li>\n<li>Singer 14U544, Singer 14U554, Singer 14U555, Singer 14CG744,<\/li>\n<li>Singer 14CG754, Singer 14SH654, Singer 14SH744, Singer 14SH754, Singer 50SCH<\/li>\n<li>Husqvarna Viking Huskylock s15<\/li>\n<\/ul>\n","protected":false},"excerpt":{"rendered":"<p>Ide\u00e1ln\u00ed pro vytv\u00e1\u0159en\u00ed z\u00e1hyb\u016f p\u0159i \u0161it\u00ed t\u0159men\u016f, man\u017eet, vol\u00e1n\u016f nebo otvor\u016f.<\/p>\n","protected":false},"featured_media":15903,"comment_status":"open","ping_status":"closed","template":"","meta":[],"product_brand":[],"product_cat":[456],"product_tag":[],"class_list":{"0":"post-16033","1":"product","2":"type-product","3":"status-publish","4":"has-post-thumbnail","6":"product_cat-stopki-do-overlockow","8":"first","9":"instock","10":"taxable","11":"shipping-taxable","12":"purchasable","13":"product-type-simple"},"_links":{"self":[{"href":"https:\/\/gltestm.webology.pl\/cs\/wp-json\/wp\/v2\/product\/16033","targetHints":{"allow":["GET"]}}],"collection":[{"href":"https:\/\/gltestm.webology.pl\/cs\/wp-json\/wp\/v2\/product"}],"about":[{"href":"https:\/\/gltestm.webology.pl\/cs\/wp-json\/wp\/v2\/types\/product"}],"replies":[{"embeddable":true,"href":"https:\/\/gltestm.webology.pl\/cs\/wp-json\/wp\/v2\/comments?post=16033"}],"version-history":[{"count":0,"href":"https:\/\/gltestm.webology.pl\/cs\/wp-json\/wp\/v2\/product\/16033\/revisions"}],"wp:featuredmedia":[{"embeddable":true,"href":"https:\/\/gltestm.webology.pl\/cs\/wp-json\/wp\/v2\/media\/15903"}],"wp:attachment":[{"href":"https:\/\/gltestm.webology.pl\/cs\/wp-json\/wp\/v2\/media?parent=16033"}],"wp:term":[{"taxonomy":"product_brand","embeddable":true,"href":"https:\/\/gltestm.webology.pl\/cs\/wp-json\/wp\/v2\/product_brand?post=16033"},{"taxonomy":"product_cat","embeddable":true,"href":"https:\/\/gltestm.webology.pl\/cs\/wp-json\/wp\/v2\/product_cat?post=16033"},{"taxonomy":"product_tag","embeddable":true,"href":"https:\/\/gltestm.webology.pl\/cs\/wp-json\/wp\/v2\/product_tag?post=16033"}],"curies":[{"name":"wp","href":"https:\/\/api.w.org\/{rel}","templated":true}]}}