{"id":16029,"date":"2026-03-18T22:03:09","date_gmt":"2026-03-18T21:03:09","guid":{"rendered":"https:\/\/gltestm.webology.pl\/produkt\/sada-6-patek-pro-overlocky\/"},"modified":"2026-03-22T21:06:43","modified_gmt":"2026-03-22T20:06:43","slug":"sada-6-patek-pro-overlocky","status":"publish","type":"product","link":"https:\/\/gltestm.webology.pl\/cs\/produkt\/sada-6-patek-pro-overlocky\/","title":{"rendered":"Sada 6 patek pro overlocky"},"content":{"rendered":"<h2>Sada patek pro overlocky<\/h2>\n<p>Sada specializovan\u00fdch patek pro overlocky Lucznik 820D5 a 720D. Sada se skl\u00e1d\u00e1 ze 6 patek a je uzav\u0159ena v praktick\u00e9m boxu pro snadn\u00e9 skladov\u00e1n\u00ed patek.<\/p>\n<h2>Obsah sady<\/h2>\n<ol>\n<li>Patka pro r\u00fdhov\u00e1n\u00ed<\/li>\n<li>Patka pro p\u0159i\u0161\u00edv\u00e1n\u00ed gumi\u010dek<\/li>\n<li>Patka pro \u0161it\u00ed kryt\u00fdm stehem<\/li>\n<li>Patka pro \u0161it\u00ed krajek<\/li>\n<li>Slitina pro v\u0161\u00edv\u00e1n\u00ed kor\u00e1lk\u016f<\/li>\n<li>Patka pro v\u0161\u00edv\u00e1n\u00ed prov\u00e1zk\u016f<\/li>\n<\/ol>\n","protected":false},"excerpt":{"rendered":"<p>Sada \u0161esti no\u017ei\u010dek pro Overlok 820D5 a 720D4 od spole\u010dnosti Lucznik ve v\u00fdhodn\u00e9 krabici.<\/p>\n","protected":false},"featured_media":13651,"comment_status":"open","ping_status":"closed","template":"","meta":[],"product_brand":[],"product_cat":[456],"product_tag":[],"class_list":{"0":"post-16029","1":"product","2":"type-product","3":"status-publish","4":"has-post-thumbnail","6":"product_cat-stopki-do-overlockow","8":"first","9":"instock","10":"taxable","11":"shipping-taxable","12":"purchasable","13":"product-type-simple"},"_links":{"self":[{"href":"https:\/\/gltestm.webology.pl\/cs\/wp-json\/wp\/v2\/product\/16029","targetHints":{"allow":["GET"]}}],"collection":[{"href":"https:\/\/gltestm.webology.pl\/cs\/wp-json\/wp\/v2\/product"}],"about":[{"href":"https:\/\/gltestm.webology.pl\/cs\/wp-json\/wp\/v2\/types\/product"}],"replies":[{"embeddable":true,"href":"https:\/\/gltestm.webology.pl\/cs\/wp-json\/wp\/v2\/comments?post=16029"}],"version-history":[{"count":0,"href":"https:\/\/gltestm.webology.pl\/cs\/wp-json\/wp\/v2\/product\/16029\/revisions"}],"wp:featuredmedia":[{"embeddable":true,"href":"https:\/\/gltestm.webology.pl\/cs\/wp-json\/wp\/v2\/media\/13651"}],"wp:attachment":[{"href":"https:\/\/gltestm.webology.pl\/cs\/wp-json\/wp\/v2\/media?parent=16029"}],"wp:term":[{"taxonomy":"product_brand","embeddable":true,"href":"https:\/\/gltestm.webology.pl\/cs\/wp-json\/wp\/v2\/product_brand?post=16029"},{"taxonomy":"product_cat","embeddable":true,"href":"https:\/\/gltestm.webology.pl\/cs\/wp-json\/wp\/v2\/product_cat?post=16029"},{"taxonomy":"product_tag","embeddable":true,"href":"https:\/\/gltestm.webology.pl\/cs\/wp-json\/wp\/v2\/product_tag?post=16029"}],"curies":[{"name":"wp","href":"https:\/\/api.w.org\/{rel}","templated":true}]}}