{"id":16021,"date":"2024-09-22T21:40:53","date_gmt":"2024-09-22T19:40:53","guid":{"rendered":"https:\/\/gltestm.webology.pl\/produkt\/sici-stroj-lucznik-ewa-ii-2014\/"},"modified":"2026-03-22T21:39:59","modified_gmt":"2026-03-22T20:39:59","slug":"sici-stroj-lucznik-ewa-ii-2014","status":"publish","type":"product","link":"https:\/\/gltestm.webology.pl\/cs\/produkt\/sici-stroj-lucznik-ewa-ii-2014\/","title":{"rendered":"\u0160ic\u00ed stroj Lucznik Ewa II 2014"},"content":{"rendered":"<h2><strong>\u0160ic\u00ed stroj Lucznik Ewa II 2014<\/strong><\/h2>\n<p><strong>Lehk\u00e9<\/strong>, <strong>p\u0159enosn\u00e9<\/strong> a velmi <strong>vkusn\u00e9<\/strong> t\u011blo \u0161ic\u00edho stroje <strong>Lucznik<\/strong> <strong>Ewa II 2014<\/strong> skr\u00fdv\u00e1 a\u017e <strong>38<\/strong> \u0161ic\u00edch program\u016f (22 \u0161ic\u00edch program\u016f bez pou\u017eit\u00ed dvojjehly). Jsou mezi nimi nastaven\u00ed zohled\u0148uj\u00edc\u00ed nejen <strong>z\u00e1kladn\u00ed stehy<\/strong>, ale tak\u00e9 <strong>overlockov\u00e9<\/strong> <strong>stehy<\/strong> a <strong>pru\u017en\u00e9<\/strong> <strong>stehy<\/strong>, kter\u00e9 pracuj\u00ed i s <strong>elastick\u00fdmi<\/strong> materi\u00e1ly. D\u00e9lku stehu lze nastavit v rozmez\u00ed 0-4 mm. Stroj nab\u00edz\u00ed <strong>4-krokov\u00e9<\/strong> o\u0159ez\u00e1v\u00e1n\u00ed <strong>knofl\u00edkov\u00fdch d\u00edrek<\/strong> a mo\u017enost <strong>o\u0159ezu okraj\u016f<\/strong>. Pro pr\u00e1ci s r\u016fzn\u00fdmi typy materi\u00e1l\u016f se v\u00e1m jist\u011b bude hodit \u0161irok\u00e1 nab\u00eddka steh\u016f a mo\u017enost vysok\u00e9ho zdvihu patky, tak\u017ee se m\u016f\u017eete libovoln\u011b p\u0159izp\u016fsobit r\u016fzn\u00fdm typ\u016fm a r\u016fzn\u00fdm tlou\u0161\u0165k\u00e1m materi\u00e1l\u016f.<\/p>\n<h2>Ewa II 2014 &#8211; kl\u00ed\u010dov\u00e9 vlastnosti<\/h2>\n<ul>\n<li><strong>38 \u0161ic\u00edch program\u016f<\/strong> (22 \u0161ic\u00edch program\u016f bez dvojit\u00e9 jehly)<\/li>\n<li>rovn\u00fd steh, <strong>ovrlockov\u00fd<\/strong> steh, <strong>pru\u017en\u00fd<\/strong> steh, <strong>klikat\u00fd<\/strong> steh, troj\u00faheln\u00edkov\u00fd steh, kryt\u00fd steh (2 typy) a mnoho dal\u0161\u00edch<\/li>\n<li><strong>nastaven\u00ed<\/strong> d\u00e9lky a <strong>\u0161\u00ed\u0159ky<\/strong> <strong>stehu<\/strong> <\/li>\n<li><strong>automatick\u00e9<\/strong> nav\u00edjen\u00ed <strong>nit\u011b<\/strong> na spodn\u00ed c\u00edvku<\/li>\n<li>poloautomatick\u00e9 <strong>d\u011brov\u00e1n\u00ed<\/strong><\/li>\n<li>nastaven\u00ed <strong>nap\u011bt\u00ed nit\u011b<\/strong><\/li>\n<li><strong>vysok\u00fd<\/strong> zdvih patky<\/li>\n<li><strong>dokon\u010dov\u00e1n\u00ed okraj\u016f<\/strong>: kritick\u00fd steh, overlockov\u00fd steh, klikat\u00fd steh<\/li>\n<li>neviditeln\u00e9<strong> lemov\u00e1n\u00ed<\/strong>: kritick\u00fd steh<\/li>\n<li>mo\u017enost \u0161it\u00ed <strong>dvojitou jehlou<\/strong><\/li>\n<li><strong>voln\u00e9 rameno<\/strong> (dosah)<\/li>\n<li><strong>kyvadlov\u00fd<\/strong> chapa\u010d<\/li>\n<li>zp\u011btn\u00fd steh<\/li>\n<li>4-krokov\u00e9 \u0161it\u00ed knofl\u00edkov\u00e9 d\u00edrky<\/li>\n<li>z\u0159eteln\u00e9<strong> zna\u010den\u00ed na t\u011ble<\/strong> stroje<\/li>\n<li><strong>lED<\/strong> osv\u011btlen\u00ed<\/li>\n<li> p\u00e1ka<strong> transportn\u00edho z\u00e1mku<\/strong> <\/li>\n<li>rukoje\u0165 pro p\u0159en\u00e1\u0161en\u00ed<\/li>\n<\/ul>\n<h2>\u0160ic\u00ed stroj \u0141ucznik Ewa II 2014 &#8211; u\u017eite\u010dn\u00e9 p\u0159\u00edslu\u0161enstv\u00ed zdarma<\/h2>\n<p>Ve vn\u011bj\u0161\u00ed \u010d\u00e1sti polystyrenu se nach\u00e1z\u00ed n\u00e1doba\/z\u00e1suvka na p\u0159\u00edslu\u0161enstv\u00ed.<\/p>\n<ul>\n<li><strong>univerz\u00e1ln\u00ed<\/strong> patka<\/li>\n<li>patka na<strong>zip<\/strong> <\/li>\n<li>patka pro<strong>p\u0159i\u0161\u00edv\u00e1n\u00ed knofl\u00edk\u016f<\/strong><\/li>\n<li><strong>d\u011brovac\u00ed<\/strong> patka<\/li>\n<li>prujka<\/li>\n<li>olejni\u010dka s olejem pro \u00fadr\u017ebu<\/li>\n<li><strong>3 n\u00e1hradn\u00ed<\/strong> univerz\u00e1ln\u00ed <strong>jehly<\/strong> 90\/14<\/li>\n<li><strong>3 c\u00edvky pro spodn\u00ed nit<\/strong><\/li>\n<li><strong>dvojit\u00e1 jehla<\/strong><\/li>\n<li>deska kryj\u00edc\u00ed zuby transport\u00e9ru<\/li>\n<li><strong>2 kol\u00edky<\/strong> pro horn\u00ed nit<\/li>\n<li>2 podlo\u017eky pod c\u00edvku nit\u011b<\/li>\n<li><strong>regul\u00e1tor rychlosti s nap\u00e1jec\u00edm kabelem<\/strong><\/li>\n<li>2 \u0161roubov\u00e1ky (mal\u00fd a velk\u00fd)<\/li>\n<li>kryt proti prachu<\/li>\n<\/ul>\n<h2>Jak\u00e9 stehy m\u00e1 \u0161ic\u00ed stroj Ewa II?<\/h2>\n<p>Na hlavn\u00edm voli\u010di stroje m\u016f\u017eete nastavit<strong> 22 r\u016fzn\u00fdch program\u016f<\/strong>. Pokud si nainstalujete <strong>dvojjehlu<\/strong> (je sou\u010d\u00e1st\u00ed <strong>sady<\/strong>), celkov\u00fd po\u010det vzor\u016f, kter\u00e9 lze vy\u0161\u00edvat, je a\u017e <strong>38<\/strong>! <strong>Dvojit\u00e9 stehy<\/strong> (siln\u00fd a pru\u017en\u00fd) jsou <strong>na t\u011ble<\/strong> stroje <strong>zn\u00e1zorn\u011bny<\/strong> <strong>\u010derven\u011b<\/strong>. <strong>Overlockov\u00e9<\/strong> stehy a pru\u017en\u00e9 stehy <strong>usnad\u0148uj\u00ed<\/strong> \u0161it\u00ed s <strong>elastick\u00fdmi<\/strong> materi\u00e1ly, jako je <strong>\u00faplet<\/strong> a <strong>stre\u010d.<\/strong> Mezi stehy, kter\u00e9 lze na stroji \u0141ucznik EWA II 2014 \u0161\u00edt, pat\u0159\u00ed nap\u0159:<\/p>\n<ul>\n<li>rovn\u00fd<\/li>\n<li>cikcak<\/li>\n<li>troj\u00faheln\u00edk<\/li>\n<li>kryt\u00fd<\/li>\n<li>sko\u0159\u00e1pka<\/li>\n<li>sat\u00e9n<\/li>\n<li>trojit\u00fd<\/li>\n<li>most<\/li>\n<li>overlock<\/li>\n<li>trojit\u00fd<\/li>\n<li>elastick\u00fd<\/li>\n<li>rovn\u00fd<\/li>\n<\/ul>\n<h2>\u0160ic\u00ed stroj Ewa II 2014 &#8211; pln\u00fd overlockov\u00fd steh<\/h2>\n<p>EWA II 2014 m\u00e1 a\u017e <strong>3 re\u017eimy \u0161it\u00ed overlocku<\/strong>, v\u010detn\u011b roz\u0161\u00ed\u0159en\u00e9ho <strong>oboustrann\u00e9ho overlockov\u00e9ho stehu<\/strong> &#8211; s jeho pomoc\u00ed esteticky olemujete okraje sv\u00fdch v\u00fdrobk\u016f. Patka na fotografii nen\u00ed sou\u010d\u00e1st\u00ed sady, lze ji zakoupit <strong><a href=\"https:\/\/galerialucznik.pl\/pl\/products\/czesci-i-akcesoria\/stopki-i-lamowniki\/stopki-do-maszyn\/stopka-do-sciegow-overlockowych-97.html\" target=\"_blank\" rel=\"noopener\">zde<\/a><\/strong>.<\/p>\n<h2>Kovov\u00fd kyvn\u00fd d\u0159\u00edk<\/h2>\n<p>\u0160ic\u00ed stroj m\u00e1 <strong>klasick\u00fd<\/strong> <strong>kovov\u00fd<\/strong> <strong>kyvn\u00fd<\/strong> <strong>chapa\u010d<\/strong>, kter\u00fd ocen\u00ed tradicionalist\u00e9.<\/p>\n<h2>Sou\u010d\u00e1st\u00ed balen\u00ed je voln\u00e9 rameno a dvojit\u00e1 jehla<\/h2>\n<p>Levou \u010d\u00e1st pracovn\u00ed plochy stroje lze voln\u011b vysunout a vytvo\u0159it tak tzv.<strong> voln\u00e9 rameno stroje<\/strong> &#8211; m\u016f\u017eete tak <strong>pohodln\u011b lemovat nohav<\/strong>ice, <strong>man\u017eety<\/strong> nebo <strong>v\u00fdst\u0159ihy<\/strong>.<\/p>\n<p>Ewa II 2014 umo\u017e\u0148uje <strong>\u0161it\u00ed dvojjehlou<\/strong>. Pro pohodln\u00e9 pou\u017e\u00edv\u00e1n\u00ed tohoto re\u017eimu \u0161it\u00ed m\u00e1 <strong>dva navl\u00e9ka\u010de nit\u00ed<\/strong>. Po instalaci dvojit\u00e9 jehly se po\u010det vzor\u016f, kter\u00e9 lze na stroji Ewa II 2014 vy\u0161\u00edvat, zv\u00fd\u0161\u00ed na <strong>38<\/strong>!<\/p>\n<h2>z\u00e1ruka 24 m\u011bs\u00edc\u016f<\/h2>\n<p>\u0160ic\u00ed stroj Lucznik<strong> Ewa II 2014<\/strong> je dod\u00e1v\u00e1n s <strong>24m\u011bs\u00ed\u010dn\u00ed z\u00e1rukou od dve\u0159\u00ed ke dve\u0159\u00edm <\/strong>a n\u00e1vodem k pou\u017eit\u00ed v pol\u0161tin\u011b, kter\u00fd je t\u0159eba si p\u0159ed pou\u017eit\u00edm za\u0159\u00edzen\u00ed p\u0159e\u010d\u00edst.<\/p>\n<h2>\u00dadr\u017eba \u0161ic\u00edho stroje. Krok za krokem.<\/h2>\n","protected":false},"excerpt":{"rendered":"<p>Jednoduchost s plusem, to je elegantn\u00ed a velmi u\u017eite\u010dn\u00fd Lucznik Ewa II 2014, kter\u00fd je kombinac\u00ed klasick\u00fdch mo\u017enost\u00ed v\u00fdrobk\u016f Lucznik a modern\u00edch \u0159e\u0161en\u00ed pro modern\u00ed u\u017eivatele.<\/p>\n","protected":false},"featured_media":13701,"comment_status":"open","ping_status":"closed","template":"","meta":[],"product_brand":[],"product_cat":[396],"product_tag":[],"class_list":{"0":"post-16021","1":"product","2":"type-product","3":"status-publish","4":"has-post-thumbnail","6":"product_cat-maszyny-do-szycia-tradycyjne","8":"first","9":"instock","10":"purchasable","11":"product-type-simple"},"_links":{"self":[{"href":"https:\/\/gltestm.webology.pl\/cs\/wp-json\/wp\/v2\/product\/16021","targetHints":{"allow":["GET"]}}],"collection":[{"href":"https:\/\/gltestm.webology.pl\/cs\/wp-json\/wp\/v2\/product"}],"about":[{"href":"https:\/\/gltestm.webology.pl\/cs\/wp-json\/wp\/v2\/types\/product"}],"replies":[{"embeddable":true,"href":"https:\/\/gltestm.webology.pl\/cs\/wp-json\/wp\/v2\/comments?post=16021"}],"version-history":[{"count":0,"href":"https:\/\/gltestm.webology.pl\/cs\/wp-json\/wp\/v2\/product\/16021\/revisions"}],"wp:featuredmedia":[{"embeddable":true,"href":"https:\/\/gltestm.webology.pl\/cs\/wp-json\/wp\/v2\/media\/13701"}],"wp:attachment":[{"href":"https:\/\/gltestm.webology.pl\/cs\/wp-json\/wp\/v2\/media?parent=16021"}],"wp:term":[{"taxonomy":"product_brand","embeddable":true,"href":"https:\/\/gltestm.webology.pl\/cs\/wp-json\/wp\/v2\/product_brand?post=16021"},{"taxonomy":"product_cat","embeddable":true,"href":"https:\/\/gltestm.webology.pl\/cs\/wp-json\/wp\/v2\/product_cat?post=16021"},{"taxonomy":"product_tag","embeddable":true,"href":"https:\/\/gltestm.webology.pl\/cs\/wp-json\/wp\/v2\/product_tag?post=16021"}],"curies":[{"name":"wp","href":"https:\/\/api.w.org\/{rel}","templated":true}]}}