{"id":16017,"date":"2024-09-22T21:40:53","date_gmt":"2024-09-22T19:40:53","guid":{"rendered":"https:\/\/gltestm.webology.pl\/produkt\/sici-stroj-lucznik-mia\/"},"modified":"2026-03-22T21:59:23","modified_gmt":"2026-03-22T20:59:23","slug":"sici-stroj-lucznik-mia","status":"publish","type":"product","link":"https:\/\/gltestm.webology.pl\/cs\/produkt\/sici-stroj-lucznik-mia\/","title":{"rendered":"\u0160ic\u00ed stroj Lucznik Mia"},"content":{"rendered":"<h2><strong>\u0160ic\u00ed stroj MIA &#8211; \u0161it\u00ed p\u0159\u00edmo od srdce!<\/strong><\/h2>\n<p><strong><span>D\u00edky stroji MIA se m\u016f\u017eete st\u00e1t mistrem (nebo mistry) jehly! <\/span><span> D\u00edky<\/span><span>jeho <\/span>jednoduch\u00e9mu mechanismu<span> a n\u00e1vodu k pou\u017eit\u00ed, kter\u00fd je sou\u010d\u00e1st\u00ed ka\u017ed\u00e9ho exempl\u00e1\u0159e, nebude vkl\u00e1d\u00e1n\u00ed prvn\u00edch steh\u016f do va\u0161\u00ed \u0161ic\u00ed kari\u00e9ry \u017e\u00e1dn\u00fd probl\u00e9m<\/span>.<span> Jsme p\u0159esv\u011bd\u010deni, \u017ee na ka\u017ed\u00e9m \u0161ic\u00edm projektu, kter\u00fd spole\u010dn\u011b s MIA vytvo\u0159\u00edte, bude vid\u011bt srdce do n\u011bj vlo\u017een\u00e9.<\/span><\/strong><\/p>\n<h2><strong>MIA &#8211; stroj, kter\u00fd v\u00e1m umo\u017en\u00ed rozv\u00edjet va\u0161e v\u00e1\u0161n\u011b<\/strong><\/h2>\n<p><strong><span>Samostatn\u00e9 \u0161it\u00ed podn\u011bcuje kreativitu!!!<\/span><span>Abyste mohli realizovat v\u0161echny sv\u00e9 n\u00e1pady, je MIA vybav<\/span> en 38 \u0161ic\u00edmi programy, v\u010detn\u011b &#8211; mo\u017enosti \u0161it\u00ed dvojjehlou. <span>Velk\u00fd po\u010det steh\u016f poskytuje \u0161irok\u00e9 mo\u017enosti p\u0159i \u0161it\u00ed r\u016fzn\u00fdch druh\u016f materi\u00e1l\u016f &#8211; zejm\u00e9na p\u0159i pr\u00e1ci s<\/span><span> jemn\u00fdmi, tenk\u00fdmi a tradi\u010dn\u00edmi materi\u00e1ly<\/span><span>. I kdy\u017e &#8211; s v\u00fdb\u011brem spr\u00e1vn\u00e9 jehly &#8211; a d\u017e\u00ednoviny se j\u00ed neboj\u00ed!<\/span><\/strong><\/p>\n<p><strong><span>MIA m\u00e1 zacvak\u00e1vac\u00ed patky, kyvn\u00fd chapa\u010d nit\u011b a mo\u017enost \u0161it\u00ed pozp\u00e1tku. Jej\u00ed reperto\u00e1r zahrnuje z\u00e1kladn\u00ed, pru\u017en\u00e9 a overlockov\u00e9 stehy. M\u00e1 tak\u00e9 funkci pro nastaven\u00ed jejich d\u00e9lky.<\/span><\/strong><\/p>\n<p><strong><span>V\u011bt\u0161ina n\u00e1pad\u016f se v\u00e1m rod\u00ed v hlav\u011b ve\u010der? Pro MII to nen\u00ed \u017e\u00e1dn\u00fd probl\u00e9m! <\/span><span>N\u00e1\u0161 &#8222;mal\u00ed\u010dek&#8220; m\u00e1 zabudovan\u00e9 <\/span>modern\u00ed LED osv\u011btlen\u00ed,<span> kter\u00e9 v\u00e1m usnadn\u00ed pr\u00e1ci bez ohledu na \u010das. Ji\u017e p\u0159i prvn\u00edm setk\u00e1n\u00ed s MII pozn\u00e1te, \u017ee byl navr\u017een pr\u00e1v\u011b pro v\u00e1s. <\/span><\/strong><\/p>\n<h2><strong>\u0160ijte s MIA barevn\u011b<\/strong><\/h2>\n<p><strong><span>Slogan &#8222;\u0161\u00edt s barvami&#8220; nevznikl jen tak z ni\u010deho. <\/span><span> Energick\u00e1 r\u016f\u017eov\u00e1 barva<\/span> pou\u017eit\u00e1 v<span> tomto modelu ve v\u00e1s probud\u00ed emoce k vytv\u00e1\u0159en\u00ed jedine\u010dn\u00fdch model\u016f<\/span>.<\/strong><\/p>\n<p><strong><span>MIA m\u00e1 samoz\u0159ejm\u011b i pat\u0159i\u010dnou &#8222;v\u00fdbavu&#8220; &#8211; dostanete ji se<\/span> sadou p\u0159\u00edslu\u0161enstv\u00ed,<span> kter\u00e1 obsahuje<\/span>:<\/strong><\/p>\n<ul>\n<li><strong><span>univerz\u00e1ln\u00ed patku (nasazenou na stroji)<\/span><\/strong><\/li>\n<li><strong><span>patku pro z\u00e1mky<\/span><\/strong><\/li>\n<li><strong><span>patku pro lemov\u00e1n\u00ed otvor\u016f<\/span><\/strong><\/li>\n<li><strong><span>patku na knofl\u00edky<\/span><\/strong><\/li>\n<li><strong><span>\u0161roubov\u00e1ky<\/span><\/strong><\/li>\n<li><strong><span>ripper<\/span><\/strong><\/li>\n<li><strong><span>olejni\u010dka<\/span><\/strong><\/li>\n<li><strong><span>jehly<\/span><\/strong><\/li>\n<li><strong><span>c\u00edvky<\/span><\/strong><\/li>\n<li><strong><span>dvojjehla<\/span><\/strong><\/li>\n<li><strong><span>deska chr\u00e1n\u00edc\u00ed zuby transport\u00e9ru<\/span><\/strong><\/li>\n<li><strong><span>p\u0159\u00eddavn\u00fd kol\u00edk pro c\u00edvku<\/span><\/strong><\/li>\n<li><strong><span>start\u00e9r<\/span><\/strong><\/li>\n<li><strong><span>kryt z PVC pro stroj<\/span><\/strong><\/li>\n<li><strong><span>z\u00e1ruka 24 m\u011bs\u00edc\u016f<\/span><\/strong><\/li>\n<\/ul>\n<h2>z\u00e1ruka 24 m\u011bs\u00edc\u016f<\/h2>\n<p><span>Na stroj je <\/span><strong>poskytov\u00e1na 24m\u011bs\u00ed\u010dn\u00ed<\/strong><span>z\u00e1rukaa <\/span><strong>n\u00e1vod k pou\u017eit\u00ed v pol\u0161tin\u011b<\/strong>,<span> kter\u00fd je t\u0159eba si p\u0159e\u010d\u00edst p\u0159ed pou\u017eit\u00edm za\u0159\u00edzen\u00ed, abyste mohli bezpe\u010dn\u011b a v souladu s ur\u010den\u00edm vyu\u017e\u00edvat v\u0161echny jeho mo\u017enosti<\/span>.<\/p>\n<h2>\u00dadr\u017eba \u0161ic\u00edho stroje. Krok za krokem.<\/h2>\n","protected":false},"excerpt":{"rendered":"<p>Mamma Mia, to je r\u016f\u017eov\u00e1! 38 program\u016f (v\u010detn\u011b \u0161it\u00ed dvojjehlou), kter\u00e9 v\u00e1m umo\u017en\u00ed vytvo\u0159it mnoho kr\u00e1sn\u00fdch v\u00fdtvor\u016f. MIA je dobrou volbou pro ty, kte\u0159\u00ed se \u0161it\u00edm za\u010d\u00ednaj\u00ed a cht\u011bj\u00ed proniknout do jeho taj\u016f.<\/p>\n","protected":false},"featured_media":15927,"comment_status":"open","ping_status":"closed","template":"","meta":[],"product_brand":[],"product_cat":[396],"product_tag":[],"class_list":{"0":"post-16017","1":"product","2":"type-product","3":"status-publish","4":"has-post-thumbnail","6":"product_cat-maszyny-do-szycia-tradycyjne","8":"first","9":"instock","10":"purchasable","11":"product-type-variable"},"_links":{"self":[{"href":"https:\/\/gltestm.webology.pl\/cs\/wp-json\/wp\/v2\/product\/16017","targetHints":{"allow":["GET"]}}],"collection":[{"href":"https:\/\/gltestm.webology.pl\/cs\/wp-json\/wp\/v2\/product"}],"about":[{"href":"https:\/\/gltestm.webology.pl\/cs\/wp-json\/wp\/v2\/types\/product"}],"replies":[{"embeddable":true,"href":"https:\/\/gltestm.webology.pl\/cs\/wp-json\/wp\/v2\/comments?post=16017"}],"version-history":[{"count":0,"href":"https:\/\/gltestm.webology.pl\/cs\/wp-json\/wp\/v2\/product\/16017\/revisions"}],"wp:featuredmedia":[{"embeddable":true,"href":"https:\/\/gltestm.webology.pl\/cs\/wp-json\/wp\/v2\/media\/15927"}],"wp:attachment":[{"href":"https:\/\/gltestm.webology.pl\/cs\/wp-json\/wp\/v2\/media?parent=16017"}],"wp:term":[{"taxonomy":"product_brand","embeddable":true,"href":"https:\/\/gltestm.webology.pl\/cs\/wp-json\/wp\/v2\/product_brand?post=16017"},{"taxonomy":"product_cat","embeddable":true,"href":"https:\/\/gltestm.webology.pl\/cs\/wp-json\/wp\/v2\/product_cat?post=16017"},{"taxonomy":"product_tag","embeddable":true,"href":"https:\/\/gltestm.webology.pl\/cs\/wp-json\/wp\/v2\/product_tag?post=16017"}],"curies":[{"name":"wp","href":"https:\/\/api.w.org\/{rel}","templated":true}]}}