{"id":16005,"date":"2024-09-22T21:40:53","date_gmt":"2024-09-22T19:40:53","guid":{"rendered":"https:\/\/gltestm.webology.pl\/produkt\/sici-stroj-lucznik-polonia-2018\/"},"modified":"2026-03-22T21:52:47","modified_gmt":"2026-03-22T20:52:47","slug":"sici-stroj-lucznik-polonia-2018","status":"publish","type":"product","link":"https:\/\/gltestm.webology.pl\/cs\/produkt\/sici-stroj-lucznik-polonia-2018\/","title":{"rendered":"\u0160ic\u00ed stroj Lucznik Polonia 2018"},"content":{"rendered":"<h2>Lucznik Polonia 2018 &#8211; jednoduch\u00fd a v\u0161estrann\u00fd dom\u00e1c\u00ed \u0161ic\u00ed stroj<\/h2>\n<p><strong>Jednoduch\u00fd \u0161ic\u00ed stroj je nepostradateln\u00fd v ka\u017ed\u00e9 dom\u00e1cnosti<\/strong> &#8211; st\u00e1le pot\u0159ebujete bu\u010f za\u0161\u00edt d\u00edru, nebo zkr\u00e1tit z\u00e1clony \u010di olemovat nohavice kalhot. Stroj <strong>prvn\u00ed pot\u0159eby<\/strong>, kter\u00fd vyt\u00e1hnete ze sk\u0159\u00edn\u011b, aby v\u00e1m pomohl zvl\u00e1dnout mal\u00e9 dom\u00e1c\u00ed krize. Takov\u00fd je <strong>Polonia 2018<\/strong>, stroj, kter\u00fd si zamilujete na prvn\u00ed pohled. Strojek v kr\u00e1sn\u00fdch \u010derven\u00fdch makovic\u00edch, kter\u00fd jsme vytvo\u0159ili speci\u00e1ln\u011b ke <strong>100. v\u00fdro\u010d\u00ed<\/strong> nez\u00e1vislosti Polska.  <\/p>\n<h2>Kl\u00ed\u010dov\u00e9 vlastnosti<\/h2>\n<ul>\n<li><strong>22 steh\u016f<\/strong> (rovn\u00fd, <strong>overlockov\u00fd<\/strong>, klikat\u00fd, trikotov\u00fd, <strong>pru\u017en\u00fd<\/strong> a mnoho dal\u0161\u00edch)<\/li>\n<li><strong>vysok\u00fd<\/strong> zdvih <strong>patky<\/strong> <\/li>\n<li> nastaven\u00ed<strong> rychlosti \u0161it\u00ed<\/strong> (patka),<\/li>\n<li><strong>nastaven\u00ed \u0161\u00ed\u0159ky<\/strong> cikcakov\u00e9ho stehu <\/li>\n<li>nastaven\u00ed<strong>d\u00e9lky stehu<\/strong> (a\u017e 4 mm)<\/li>\n<li>nastaven\u00ed <strong>nap\u011bt\u00ed<\/strong> nit\u011b <\/li>\n<li><strong>zp\u011btn\u00e9 \u0161it\u00ed<\/strong> (p\u00e1\u010dka)<\/li>\n<li>automatick\u00e9 <strong>nav\u00edjen\u00ed<\/strong> nit\u011b na c\u00edvku<\/li>\n<li>automatick\u00fd navl\u00e9ka\u010d nit\u011b na <strong>jehlu<\/strong><\/li>\n<li>mo\u017enost \u0161it\u00ed <strong>dvojjehlou<\/strong><\/li>\n<li>4krokov\u00fd syst\u00e9m <strong>knofl\u00edkov\u00e9 d\u00edrky<\/strong> <\/li>\n<li>odst\u0159ih nit\u011b<\/li>\n<li>zacvak\u00e1vac\u00ed patky<strong>(matic)<\/strong><\/li>\n<li><strong>voln\u00e9 rameno<\/strong><\/li>\n<li>lED osv\u011btlen\u00ed<\/li>\n<\/ul>\n<h2><strong>Dod\u00e1van\u00e9 p\u0159\u00edslu\u0161enstv\u00ed<\/strong><\/h2>\n<p><strong>V\u00fdsuvn\u00e1 p\u0159ihr\u00e1dka na p\u0159\u00edslu\u0161enstv\u00ed<\/strong> obsahuje z\u00e1kladn\u00ed vybaven\u00ed stroje a p\u0159\u00edslu\u0161enstv\u00ed nezbytn\u00e9 pro jeho \u00fadr\u017ebu:<\/p>\n<ul>\n<li>univerz\u00e1ln\u00ed patka (namontovan\u00e1 ve stroji)<\/li>\n<li>patka pro v\u0161\u00edv\u00e1n\u00ed zip\u016f<\/li>\n<li>patka pro \u0161it\u00ed knofl\u00edkov\u00e9 d\u00edrky<\/li>\n<li>patka pro p\u0159i\u0161\u00edv\u00e1n\u00ed knofl\u00edk\u016f<\/li>\n<li>vol\u00e1n s kart\u00e1\u010dem<\/li>\n<li>vod\u00edtko pro pro\u0161\u00edv\u00e1n\u00ed<\/li>\n<li>n\u00e1hradn\u00ed jehly<\/li>\n<li>zar\u00e1\u017eky pro horn\u00ed c\u00edvkov\u00fd trn<\/li>\n<li>c\u00edvky 3 ks<\/li>\n<li>\u0161roubov\u00e1k<\/li>\n<li>olejni\u010dka<\/li>\n<li>deska kryj\u00edc\u00ed zuby transport\u00e9ru<\/li>\n<li>p\u0159\u00eddavn\u00fd trn<\/li>\n<li>podlo\u017eka pod c\u00edvky<\/li>\n<li><strong>regul\u00e1tor ot\u00e1\u010dek<\/strong><\/li>\n<li><strong>kryt proti prachu<\/strong><\/li>\n<\/ul>\n<h2>22 steh\u016f a intuitivn\u00ed ovl\u00e1d\u00e1n\u00ed jedn\u00edm knofl\u00edkem<\/h2>\n<p>Na stroji <strong>Polonia 2018<\/strong> m\u016f\u017eete snadno zvolit kter\u00fdkoli z <strong>22 steh\u016f<\/strong> pomoc\u00ed <strong>p\u0159ehledn\u00e9ho kole\u010dka<\/strong> na p\u0159edn\u00ed stran\u011b stroje &#8211; ka\u017ed\u00e9 p\u00edsmeno p\u0159edstavuje odpov\u00eddaj\u00edc\u00ed \u0161ic\u00ed re\u017eim pro dan\u00fd vzor. A jak vzor vypad\u00e1? V\u0161echny <strong>jsou<\/strong> <strong>nakresleny na jeho t\u011ble<\/strong> &#8211; tak\u017ee si vybran\u00fd steh m\u016f\u017eete kdykoli prohl\u00e9dnout.  <\/p>\n<h2>Automatick\u00fd navl\u00e9ka\u010d usnad\u0148uje a urychluje navl\u00e9k\u00e1n\u00ed jehly<\/h2>\n<p>\u0160ic\u00ed strojPolonia<strong>2018<\/strong> m\u00e1 funkci, kterou jist\u011b ocen\u00edte: <strong>automatick\u00fd<\/strong> navl\u00e9ka\u010d, kter\u00fd v\u00e1m umo\u017en\u00ed snadno a rychle navl\u00e9knout nit do jehly stroje a p\u0159ipravit ji tak bez n\u00e1mahy k pou\u017eit\u00ed. Nemus\u00edte tedy m\u00ed\u0159it na o\u010dko! Samotn\u00fd proces navl\u00e9k\u00e1n\u00ed nit\u011b usnad\u0148uj\u00ed tak\u00e9 <strong>\u0161ipky a p\u0159ehledov\u00e9 obr\u00e1zky<\/strong> nakreslen\u00e9 na pouzd\u0159e, kter\u00e9 v\u00e1m krok za krokem ukazuj\u00ed, kam a kter\u00fdm sm\u011brem nit tahat.  <\/p>\n<h2>Voln\u00e9 rameno s \u00falo\u017en\u00fdm prostorem a vysok\u00fdm zdvihem patky<\/h2>\n<p>D\u00edky <strong>voln\u00e9mu rameni<\/strong> \u0161ic\u00edho stroje <strong>Polonia 2018<\/strong>, kter\u00e9 se vytvo\u0159\u00ed po vysunut\u00ed p\u0159ihr\u00e1dky na p\u0159\u00edslu\u0161enstv\u00ed, m\u016f\u017eete snadno olemovat nohavice, p\u0159i\u0161\u00edt ruk\u00e1v nebo l\u00edmec. V p\u0159\u00edpad\u011b pot\u0159eby m\u016f\u017eete pod patku pod\u00e1vat i vy\u0161\u0161\u00ed z\u00e1hyb materi\u00e1lu d\u00edky <strong>mo\u017enosti vysok\u00e9ho zdvihu patky<\/strong>.<\/p>\n<h2>Pou\u017eit\u00ed overlockov\u00fdch a pru\u017en\u00fdch steh\u016f<\/h2>\n<p>Samotn\u00e9 overlockov\u00e1n\u00ed se strojem <strong>Polonia 2018<\/strong> je skute\u010dn\u00fdm pot\u011b\u0161en\u00edm d\u00edky <strong>overlockov\u00fdm steh\u016fm, kter\u00fdmi<\/strong>stroj disponuje. Jedn\u00e1 se o speci\u00e1ln\u00ed stehy, kter\u00e9 umo\u017e\u0148uj\u00ed dokon\u010dit pr\u00e1ci a napodobuj\u00ed lem vytvo\u0159en\u00fd pomoc\u00ed plnohodnotn\u00e9ho overlocku. V p\u0159\u00edpad\u011b pot\u0159eby s jeho pomoc\u00ed vy\u0161ijete tak\u00e9 <strong>pru\u017en\u00e9 ste<\/strong> hy &#8211; ty jsou v\u0161echny zobrazeny v \u010d\u00e1sti S1, viditeln\u00e9 na prav\u00e9 stran\u011b pouzdra.<\/p>\n<p>P\u0159i dokon\u010dov\u00e1n\u00ed pr\u00e1ce snadno odst\u0159ihnete nit prota\u017een\u00edm p\u0159es speci\u00e1ln\u00ed <strong>\u0159eza\u010dku ukrytou v pouzd\u0159e<\/strong>, p\u0159i zah\u00e1jen\u00ed \u0161it\u00ed zajist\u00edte steh \u0161roubem proveden\u00fdm pomoc\u00ed <strong>p\u00e1\u010dky zp\u011btn\u00e9ho \u0161it\u00ed<\/strong>.<\/p>\n<h2>Mo\u017enost \u0161it\u00ed dvojjehlou<\/h2>\n<p><strong>Polonia 2018<\/strong> umo\u017e\u0148uje tak\u00e9 <strong>pohodln\u00e9 \u0161it\u00ed dvojjehlou<\/strong>, a to d\u00edky druh\u00e9mu kol\u00edku pro dal\u0161\u00ed c\u00edvku nit\u011b, kterou m\u016f\u017eete v p\u0159\u00edpad\u011b pot\u0159eby p\u0159ipojit.<\/p>\n<p>Ve\u0161ker\u00e9 <strong>dostupn\u00e9 dvojn\u00e1sobn\u00e9 pot\u0159eby<\/strong> les najdete <strong><a href=\"https:\/\/galerialucznik.pl\/pl\/menu\/czesci-i-akcesoria\/akcesoria-do-maszyn-do-szycia\/igly-do-maszyn-676.html?filter_traits[781]=3803\" target=\"_blank\" rel=\"noopener\">zde<\/a><\/strong>.<\/p>\n<h2>z\u00e1ruka 24 m\u011bs\u00edc\u016f od dve\u0159\u00ed ke dve\u0159\u00edm<\/h2>\n<p>Na stroj je poskytov\u00e1na<strong> 24m\u011bs\u00ed\u010dn\u00ed <\/strong> z\u00e1ruka<strong> door-to-door<\/strong>. Dod\u00e1v\u00e1 se tak\u00e9 s <strong>p\u0159\u00edstupn\u011b napsan\u00fdm n\u00e1vodem<\/strong> v pol\u0161tin\u011b a angli\u010dtin\u011b, kter\u00fd je ur\u010den k sezn\u00e1men\u00ed se strojem a umo\u017en\u00ed v\u00e1m pln\u011b vyu\u017e\u00edvat jeho mo\u017enosti. Ne\u017e za\u010dnete \u0161\u00edt, ur\u010dit\u011b se do n\u011bj pod\u00edvejte!<\/p>\n<h2>\u00dadr\u017eba \u0161ic\u00edho stroje. Krok za krokem.<\/h2>\n","protected":false},"excerpt":{"rendered":"<p>Polonia: limitovan\u00e1 edice ke 100. v\u00fdro\u010d\u00ed nez\u00e1vislosti! S\u00edla tradice, funk\u010dnost a snadn\u00e9 pou\u017e\u00edv\u00e1n\u00ed v jednom. Intuitivn\u00ed ovl\u00e1d\u00e1n\u00ed a pevn\u00e9 kovov\u00e9 sou\u010d\u00e1sti<\/p>\n","protected":false},"featured_media":15674,"comment_status":"open","ping_status":"closed","template":"","meta":[],"product_brand":[],"product_cat":[396],"product_tag":[],"class_list":{"0":"post-16005","1":"product","2":"type-product","3":"status-publish","4":"has-post-thumbnail","6":"product_cat-maszyny-do-szycia-tradycyjne","8":"first","9":"outofstock","10":"purchasable","11":"product-type-simple"},"_links":{"self":[{"href":"https:\/\/gltestm.webology.pl\/cs\/wp-json\/wp\/v2\/product\/16005","targetHints":{"allow":["GET"]}}],"collection":[{"href":"https:\/\/gltestm.webology.pl\/cs\/wp-json\/wp\/v2\/product"}],"about":[{"href":"https:\/\/gltestm.webology.pl\/cs\/wp-json\/wp\/v2\/types\/product"}],"replies":[{"embeddable":true,"href":"https:\/\/gltestm.webology.pl\/cs\/wp-json\/wp\/v2\/comments?post=16005"}],"version-history":[{"count":0,"href":"https:\/\/gltestm.webology.pl\/cs\/wp-json\/wp\/v2\/product\/16005\/revisions"}],"wp:featuredmedia":[{"embeddable":true,"href":"https:\/\/gltestm.webology.pl\/cs\/wp-json\/wp\/v2\/media\/15674"}],"wp:attachment":[{"href":"https:\/\/gltestm.webology.pl\/cs\/wp-json\/wp\/v2\/media?parent=16005"}],"wp:term":[{"taxonomy":"product_brand","embeddable":true,"href":"https:\/\/gltestm.webology.pl\/cs\/wp-json\/wp\/v2\/product_brand?post=16005"},{"taxonomy":"product_cat","embeddable":true,"href":"https:\/\/gltestm.webology.pl\/cs\/wp-json\/wp\/v2\/product_cat?post=16005"},{"taxonomy":"product_tag","embeddable":true,"href":"https:\/\/gltestm.webology.pl\/cs\/wp-json\/wp\/v2\/product_tag?post=16005"}],"curies":[{"name":"wp","href":"https:\/\/api.w.org\/{rel}","templated":true}]}}