{"id":15997,"date":"2024-09-22T21:40:53","date_gmt":"2024-09-22T19:40:53","guid":{"rendered":"https:\/\/gltestm.webology.pl\/produkt\/sici-stroj-lucznik-everyday\/"},"modified":"2026-03-22T21:41:15","modified_gmt":"2026-03-22T20:41:15","slug":"sici-stroj-lucznik-everyday","status":"publish","type":"product","link":"https:\/\/gltestm.webology.pl\/cs\/produkt\/sici-stroj-lucznik-everyday\/","title":{"rendered":"\u0160ic\u00ed stroj Lucznik Everyday"},"content":{"rendered":"<h2><strong>Ka\u017edodenn\u00ed stroj &#8211; \u0161ijte, kdekoli<\/strong><strong>chcete!<\/strong><\/h2>\n<p>Archer Everyday je stroj ur\u010den\u00fd pro <strong>za\u010d\u00e1te\u010dn\u00edky, d\u011bti<\/strong> a v\u0161echny, kte\u0159\u00ed hledaj\u00ed <strong>miniaturn\u00ed stroj<\/strong>, kter\u00fd si mohou vz\u00edt kamkoli s sebou. Stroj Everyday je toti\u017e <strong>zmen\u0161en\u00fd<\/strong> oproti klasick\u00fdm stroj\u016fm pln\u00e9 velikosti, tak\u017ee je <strong>leh\u010d\u00ed<\/strong> a <strong>l\u00e9pe se skladuje. <\/strong>Zachov\u00e1v\u00e1 si v\u0161ak v\u0161echny z\u00e1kladn\u00ed funkce \u0161ic\u00edho stroje. D\u00edky <strong>snadn\u00e9mu ovl\u00e1d\u00e1n\u00ed <\/strong>a mal\u00fdm rozm\u011br\u016fm je <strong>vhodn\u00fd i pro d\u011bti<\/strong>.<\/p>\n<h2>Kl\u00ed\u010dov\u00e9 vlastnosti<\/h2>\n<ul>\n<li><strong>16 \u0161ic\u00edch program\u016f<\/strong> ( v\u010detn\u011b rovn\u00e9ho, klikat\u00e9ho, kryt\u00e9ho a sat\u00e9nov\u00e9ho \u0161it\u00ed)<\/li>\n<li>Funkce automatick\u00e9ho <strong>4-krokov\u00e9ho lemov\u00e1n\u00ed knofl\u00edkov\u00e9 d\u00edrky<\/strong> <\/li>\n<li>Rovn\u00fd <strong>stehzamykateln\u00fd<\/strong> steh <\/li>\n<li><strong>Zp\u011btn\u00fd steh<\/strong><\/li>\n<li><strong>Automatick\u00e9<\/strong> nav\u00edjen\u00ed nit\u011b na c\u00edvku<\/li>\n<li><strong>Automatick\u00e9<\/strong> \u0161it\u00ed (rychlost \u0161it\u00ed lze nastavit posuvn\u00edkem)<\/li>\n<li><strong>Chyta\u010d nit\u011b &#8211; rota\u010dn\u00ed<\/strong><\/li>\n<li>Nastaven\u00ed<strong>nap\u011bt\u00ed nit\u011b<\/strong> <\/li>\n<li>vestav\u011bn\u00e9 <strong>LED<\/strong> sv\u011btlo<\/li>\n<li>odst\u0159ih nit\u011b<\/li>\n<li>Vyp\u00edna\u010d<\/li>\n<li><strong>Voln\u00e9 rameno<\/strong><\/li>\n<\/ul>\n<h2>Standardn\u00ed v\u00fdbava<\/h2>\n<ul>\n<li><strong>univerz\u00e1ln\u00ed<\/strong> patka<\/li>\n<li>patka pro<strong>knofl\u00edkov\u00e9 d\u00edrky<\/strong> <\/li>\n<li>2 x <strong>plastov\u00e1<\/strong> c\u00edvka<\/li>\n<li>2 x kovov\u00e9 c\u00edvky<\/li>\n<li><strong>univerz\u00e1ln\u00ed<\/strong> jehla<\/li>\n<li><strong>navl\u00e9ka\u010d<\/strong> jehly <\/li>\n<li>start\u00e9r pro stroj (tzv. <strong>ped\u00e1l<\/strong>) s nap\u00e1jec\u00edmi kabely<\/li>\n<li>ru\u010dn\u00ed <\/li>\n<\/ul>\n<h2>\u0160ic\u00ed stroj se snadno pou\u017e\u00edv\u00e1<\/h2>\n<p><span>\u0160it\u00ed s <strong>Everyday<\/strong><\/span><span> lze prov\u00e1d\u011bt bez patkov\u00e9ho regul\u00e1toru d\u00edky mo\u017enosti <\/span><strong>ovl\u00e1d\u00e1n\u00ed posuvn\u00edkem<\/strong><span> na sk\u0159\u00edni stroje. Ten zap\u00edn\u00e1 pomal\u00e9 nebo m\u00edrn\u011b rychlej\u0161\u00ed automatick\u00e9 \u0161it\u00ed &#8211; tedy<\/span><strong> stroj \u0161ije s\u00e1m<\/strong><span>. Tento re\u017eim je jednodu\u0161\u0161\u00ed pro za\u010d\u00e1te\u010dn\u00edky v \u0161it\u00ed, proto\u017ee nevy\u017eaduje rozvoj koordinace ruka-noha.<span> <strong>Ka\u017edodenn\u00ed<\/strong><\/span><\/span><span> v\u00e1m tak\u00e9 nab\u00edz\u00ed mo\u017enost p\u0159ipojit miniaturn\u00ed ped\u00e1l a zapnout <\/span><strong>ovl\u00e1d\u00e1n\u00ed<\/strong> nohou<span>.<\/span><span> D\u00edky tomu je <\/span><strong>ide\u00e1ln\u00edm \u00favodem do \u0161it\u00ed<\/strong>, kdy<span> si postupn\u011b zvyk\u00e1te na zp\u016fsob, jak\u00fdm pracuje &#8222;dosp\u011bl\u00fd&#8220; stroj<\/span>.<\/p>\n<h2><span>16 \u0161ic\u00edch program\u016f <\/span><\/h2>\n<p>Tento stroj m\u00e1 <strong>16<\/strong> vestav\u011bn\u00fdch \u0161ic\u00edch <strong>program\u016f,<\/strong><span> kter\u00e9 se nastavuj\u00ed jedin\u00fdm knofl\u00edkem. Je nemo\u017en\u00e9 se v nich ztratit! Funk\u010dnost je roz\u0161\u00ed\u0159ena o mo\u017enost <\/span><strong>zp\u011btn\u00e9ho <\/strong>\u0161it\u00ed a<strong> nastaven\u00ed rychlosti \u0161it\u00ed<\/strong>, tak\u017ee pr\u00e1ci stroje m\u016f\u017eeme snadno p\u0159izp\u016fsobit \u00farovni na\u0161ich dovednost\u00ed p\u0159i pr\u00e1ci s materi\u00e1lem. Samoz\u0159ejmost\u00ed je vestav\u011bn\u00e1<strong>z\u00e1suvka na p\u0159\u00edslu\u0161enstv\u00ed<\/strong> ,  <strong>odst\u0159ih nit\u011b<\/strong> a <strong>pohodln\u00e9 dr\u017eadlo pro p\u0159en\u00e1\u0161en\u00ed<\/strong>, kter\u00e9 v\u00fdrazn\u011b usnad\u0148uje p\u0159epravu stroje.<\/p>\n<h2>Rota\u010dn\u00ed chapadlo a LED osv\u011btlen\u00ed<\/h2>\n<p>Stroj Lucznik Everyday je vybaven rota\u010dn\u00edm <strong>chapadlem<\/strong>, kter\u00e9 bylo dosud k dispozici pouze u stroj\u016f vy\u0161\u0161\u00ed t\u0159\u00eddy. D\u00edky n\u011bmu je nejen snaz\u0161\u00ed navl\u00e9k\u00e1n\u00ed spodn\u00ed nit\u011b, ale je tak\u00e9 mo\u017en\u00e9 p\u0159\u00edmo sledovat mno\u017estv\u00ed nit\u011b zb\u00fdvaj\u00edc\u00ed na c\u00edvce. M\u00e1  <strong>LEDosv\u011btlen\u00ed<\/strong><strong>pracovn\u00edho pole<\/strong>. <\/p>\n<h2>Nepostradateln\u00fd pro p\u0159\u00edle\u017eitostn\u00e9 \u0161it\u00ed jednoduch\u00fdch materi\u00e1l\u016f<\/h2>\n<p><strong>Stroj<\/strong><strong>Everyday<\/strong>  je i p\u0159es sv\u00e9 kompaktn\u00ed rozm\u011bry pln\u011b<strong> funk\u010dn\u00ed<\/strong> &#8211;<strong> ide\u00e1ln\u00ed pro drobn\u00e9 p\u0159\u00edle\u017eitostn\u00e9 pr\u00e1ce na jednoduch\u00fdch materi\u00e1lech <\/strong>a<strong> rozv\u00edjej\u00edc\u00ed se kon\u00ed\u010dky<\/strong>. Nav\u00edc je stroj d\u00edky sv\u00fdm mal\u00fdm rozm\u011br\u016fm (v\u00e1\u017e\u00ed jen n\u011bco m\u00e1lo p\u0159es 3 kg!) ide\u00e1ln\u00ed pro to, abyste si jej mohli vz\u00edt s sebou na v\u00edkend nebo na dovolenou. Bude se hodit nejen na drobn\u00e9 opravy roztrhan\u00e9ho oble\u010den\u00ed, ale bude tak\u00e9 ide\u00e1ln\u00edm zp\u016fsobem, jak str\u00e1vit de\u0161tiv\u00fd ve\u010der &#8211;<span> prost\u0159ednictv\u00edm <\/span><strong>kreativn\u00ed<\/strong> <strong>z\u00e1bavy pro<\/strong> va\u0161e d\u00edt\u011b!<\/p>\n<h2>\u0160ic\u00ed stroj podporuj\u00edc\u00ed d\u011btskou kreativitu<\/h2>\n<p>\u0160ic\u00ed stroj Everyday bude tak\u00e9 skv\u011bl\u00fdm dopl\u0148kem do pokoje ka\u017ed\u00e9ho kreativn\u00edho d\u00edt\u011bte. \u0160ic\u00ed stroj poskytne nejen dlouh\u00e9 hodiny skv\u011bl\u00e9 z\u00e1bavy, ale tak\u00e9 podpo\u0159\u00ed rozvoj<strong> koordinace oko-ruka, smyslu pro estetiku <\/strong>a<strong> p\u0159edstavivosti<\/strong>. <\/p>\n<p>\u0160ic\u00ed stroj <strong>Lucznik Everyday<\/strong> nejl\u00e9pe pracuje s l\u00e1tkami jednoduch\u00e9 konstrukce a tenk\u00fdmi a st\u0159edn\u011b siln\u00fdmi l\u00e1tkami. M\u011bjte na pam\u011bti, \u017ee se jedn\u00e1 o zjednodu\u0161en\u00fd a zmen\u0161en\u00fd stroj se sn\u00ed\u017eenou hmotnost\u00ed a z\u00e1kladn\u00ed funk\u010dnost\u00ed. Proto nebude vhodn\u00fd pro \u0161it\u00ed s t\u011b\u017ek\u00fdmi, siln\u00fdmi l\u00e1tkami nebo elastick\u00fdmi \u00faplety.<\/p>\n<h2>Kompatibiln\u00ed se syst\u00e9mem MATIC<\/h2>\n<p>Stroj je mo\u017en\u00e9 pou\u017e\u00edvat s patkami se zaklapnut\u00edm, kter\u00e9 jsou p\u0159ipevn\u011bny k rukojeti Matic. <\/p>\n<h2>Spr\u00e1vn\u00e1 obsluha stroje<\/h2>\n<p>Pro zaji\u0161t\u011bn\u00ed <strong>spr\u00e1vn\u00e9ho<\/strong> provozu stroje pou\u017e\u00edvejte <span><strong>pouze kovov\u00e9 c\u00edvky se spodn\u00ed nit\u00ed<\/strong><\/span>. Pou\u017eit\u00ed <strong>plastov\u00fdch<\/strong> c\u00edvek m\u016f\u017ee v\u00e9st k poru\u0161e funkce nebo dokonce k <strong>po\u0161kozen\u00ed stroje<\/strong>.<\/p>\n<h2>z\u00e1ruka 24 m\u011bs\u00edc\u016f<\/h2>\n<p>Na<span>stroj <\/span>je poskytov\u00e1na 24m\u011bs\u00ed\u010dn\u00ed z\u00e1ruka a n\u00e1vod k pou\u017eit\u00ed v polsk\u00e9m jazyce, kter\u00fd je t\u0159eba si p\u0159ed pou\u017eit\u00edm za\u0159\u00edzen\u00ed p\u0159e\u010d\u00edst.<\/p>\n","protected":false},"excerpt":{"rendered":"<p>Mal\u00fd a lehk\u00fd, ale s bohat\u00fdm interi\u00e9rem. \u0160ic\u00ed stroj Everyday mini je ide\u00e1ln\u00edm n\u00e1strojem pro drobnou p\u0159\u00edle\u017eitostnou pr\u00e1ci s jednoduch\u00fdmi materi\u00e1ly.<\/p>\n","protected":false},"featured_media":15646,"comment_status":"open","ping_status":"closed","template":"","meta":[],"product_brand":[],"product_cat":[416],"product_tag":[],"class_list":{"0":"post-15997","1":"product","2":"type-product","3":"status-publish","4":"has-post-thumbnail","6":"product_cat-maszyny-do-szycia-dla-dzieci","8":"first","9":"instock","10":"purchasable","11":"product-type-simple"},"_links":{"self":[{"href":"https:\/\/gltestm.webology.pl\/cs\/wp-json\/wp\/v2\/product\/15997","targetHints":{"allow":["GET"]}}],"collection":[{"href":"https:\/\/gltestm.webology.pl\/cs\/wp-json\/wp\/v2\/product"}],"about":[{"href":"https:\/\/gltestm.webology.pl\/cs\/wp-json\/wp\/v2\/types\/product"}],"replies":[{"embeddable":true,"href":"https:\/\/gltestm.webology.pl\/cs\/wp-json\/wp\/v2\/comments?post=15997"}],"version-history":[{"count":0,"href":"https:\/\/gltestm.webology.pl\/cs\/wp-json\/wp\/v2\/product\/15997\/revisions"}],"wp:featuredmedia":[{"embeddable":true,"href":"https:\/\/gltestm.webology.pl\/cs\/wp-json\/wp\/v2\/media\/15646"}],"wp:attachment":[{"href":"https:\/\/gltestm.webology.pl\/cs\/wp-json\/wp\/v2\/media?parent=15997"}],"wp:term":[{"taxonomy":"product_brand","embeddable":true,"href":"https:\/\/gltestm.webology.pl\/cs\/wp-json\/wp\/v2\/product_brand?post=15997"},{"taxonomy":"product_cat","embeddable":true,"href":"https:\/\/gltestm.webology.pl\/cs\/wp-json\/wp\/v2\/product_cat?post=15997"},{"taxonomy":"product_tag","embeddable":true,"href":"https:\/\/gltestm.webology.pl\/cs\/wp-json\/wp\/v2\/product_tag?post=15997"}],"curies":[{"name":"wp","href":"https:\/\/api.w.org\/{rel}","templated":true}]}}