{"id":15993,"date":"2024-09-22T21:40:53","date_gmt":"2024-09-22T19:40:53","guid":{"rendered":"https:\/\/gltestm.webology.pl\/produkt\/sici-stroj-lucznik-kornelia-ii-2004\/"},"modified":"2026-03-22T21:40:58","modified_gmt":"2026-03-22T20:40:58","slug":"sici-stroj-lucznik-kornelia-ii-2004","status":"publish","type":"product","link":"https:\/\/gltestm.webology.pl\/cs\/produkt\/sici-stroj-lucznik-kornelia-ii-2004\/","title":{"rendered":"\u0160ic\u00ed stroj \u0141ucznik Kornelia II 2004"},"content":{"rendered":"<h2>\u0160ic\u00ed stroj \u0141ucznik Kornelia II 2004<\/h2>\n<p>\u0160ic\u00ed stroj<strong> Kornelia II 2004<\/strong> m\u00e1 zabudovan\u00fdch 27 \u0161ic\u00edch program\u016f &#8211; co\u017e p\u0159i pou\u017eit\u00ed dvojjehly d\u00e1v\u00e1 na v\u00fdb\u011br a\u017e <strong>48 stehov\u00fdch vzor\u016f<\/strong> ! Bude to skv\u011bl\u00fd n\u00e1stroj, kter\u00fd v\u00e1m umo\u017en\u00ed rozv\u00edjet va\u0161e dovednosti.<\/p>\n<p>Tento stroj, vybaven\u00fd <strong>voln\u00fdm ramenem <\/strong>a <strong>kyvn\u00fdm chapa\u010dem nit\u00ed<\/strong>, je ide\u00e1ln\u00ed pro \u0161it\u00ed pol\u0161t\u00e1\u0159\u016f, z\u00e1clon, \u0161at\u016f, ko\u0161il, ale i nen\u00e1ro\u010dn\u00fdch \u00faplet\u016f a v\u00fdrobu r\u016fzn\u00fdch druh\u016f dekorac\u00ed. Umo\u017en\u00ed v\u00e1m esteticky zakon\u010dit okraje pomoc\u00ed <strong>overlockov\u00e9ho stehu<\/strong>, <strong>kryt\u00e9ho<\/strong> nebo  klikat\u00e9ho<strong>  a p\u0159i\u0161\u00edt gumi\u010dku pru\u017en\u00fdmi stehy.<\/strong><\/p>\n<p>\u0160ic\u00ed stroj Kornelia II 2004 je skv\u011bl\u00fd pro v\u00fduku \u0161it\u00ed z r\u016fzn\u00fdch tenk\u00fdch a st\u0159edn\u011b tenk\u00fdch materi\u00e1l\u016f. <strong>Nastaven\u00ed d\u00e9lky <\/strong>stehu lze prov\u00e9st v rozmez\u00ed<strong> a\u017e 4 milimetry<\/strong>, co\u017e umo\u017e\u0148uje p\u0159izp\u016fsobit steh vhodn\u011b struktu\u0159e l\u00e1tky a druhu nit\u011b. Umo\u017e\u0148uje tak\u00e9<strong> zp\u011btn\u00e9 pro\u0161\u00edv\u00e1n\u00ed<\/strong> a<strong> lemov\u00e1n\u00ed<\/strong>  l\u00e1tek. Po dokon\u010den\u00ed \u0161it\u00ed lze nit pohodln\u011b odst\u0159ihnout pomoc\u00ed <strong>\u0159eza\u010dky ukryt\u00e9 v pouzd\u0159e<\/strong>.<\/p>\n<p>Stroj <strong>Kornelia II 2004<\/strong> je nav\u00edc vybaven osv\u011btlen\u00edm, kter\u00e9 usnad\u0148uje \u0161it\u00ed za sn\u00ed\u017een\u00e9 viditelnosti. D\u00edky kompaktn\u00edmu t\u011blu a konstrukci vyroben\u00e9 p\u0159ev\u00e1\u017en\u011b z kvalitn\u00edho plastu je Kornelia velmi lehk\u00e1 a <strong>snadno se p\u0159en\u00e1\u0161\u00ed<\/strong> a<strong> skladuje<\/strong>. P\u0159en\u00e1\u0161en\u00ed samotn\u00e9ho stroje d\u00e1le usnad\u0148uje<strong> praktick\u00e9 transportn\u00ed madlo<\/strong>. Stroj m\u00e1 tak\u00e9 vestav\u011bn\u00fd<strong> \u00falo\u017en\u00fd prostor pro p\u0159\u00edslu\u0161enstv\u00ed<\/strong>.<\/p>\n<p><strong>Stroj je dod\u00e1v\u00e1n se sadou<\/strong> p\u0159\u00edslu\u0161enstv\u00ed, kter\u00e1 obsahuje mimo jin\u00e9 patky &#8211; univerz\u00e1ln\u00ed, na zipy a na lemov\u00e1n\u00ed d\u00edrek, d\u00e1le vod\u00edtko pro \u0161it\u00ed kryt\u00fdm stehem, jehly nebo n\u00e1hradn\u00ed c\u00edvky.  <\/p>\n<h2>Vybaven\u00ed v sad\u011b<\/h2>\n<p>Stroj je dod\u00e1v\u00e1n se sadou p\u0159\u00edslu\u0161enstv\u00ed, kter\u00e1 zahrnuje:<\/p>\n<ul>\n<li><strong>90 jehel (3 ks)<\/strong><\/li>\n<li><strong>dvojitou<\/strong>jehlu<\/li>\n<li>n\u00e1hradn\u00ed <strong>c\u00edvky<\/strong> (3 ks)<\/li>\n<li>prujka<\/li>\n<li>olej<\/li>\n<li>\u0161roubov\u00e1k<\/li>\n<li>uzav\u00edrac\u00ed deska transport\u00e9ru<\/li>\n<li>univerz\u00e1ln\u00ed patka<\/li>\n<li>patka na knofl\u00edkov\u00e9 d\u00edrky<\/li>\n<li>\u0161ic\u00ed patka pro zipy<\/li>\n<li>vod\u00edtko pro \u0161it\u00ed naslepo<\/li>\n<li>kryt proti<strong>prachu<\/strong> <\/li>\n<\/ul>\n<h2>24m\u011bs\u00ed\u010dn\u00ed z\u00e1ruka<\/h2>\n<p><span>Na stroj je <\/span><strong>poskytov\u00e1na<\/strong> 24m\u011bs\u00ed\u010dn\u00ed <span>z\u00e1rukaa <\/span><strong>n\u00e1vod v pol\u0161tin\u011b<\/strong>,<span> kter\u00fd je t\u0159eba si p\u0159ed pou\u017eit\u00edm za\u0159\u00edzen\u00ed p\u0159e\u010d\u00edst, abyste mohli bezpe\u010dn\u011b a spr\u00e1vn\u011b vyu\u017e\u00edvat v\u0161echny jeho mo\u017enosti<\/span>.<\/p>\n<h2>\u00dadr\u017eba \u0161ic\u00edho stroje. Krok za krokem.<\/h2>\n<\/div>\n","protected":false},"excerpt":{"rendered":"<p>Kornelia II 2004 je jednoduch\u00fd model mechanick\u00e9ho dom\u00e1c\u00edho \u0161ic\u00edho stroje vybaven\u00e9ho overlockov\u00fdm a pru\u017en\u00fdm stehem. Umo\u017e\u0148uje nastaven\u00ed d\u00e9lky stehu. Dva kovov\u00e9 nitn\u00ed kol\u00edky zasunut\u00e9 v pouzd\u0159e usnad\u0148uj\u00ed \u0161it\u00ed dvojjehlou.<\/p>\n","protected":false},"featured_media":15067,"comment_status":"open","ping_status":"closed","template":"","meta":[],"product_brand":[],"product_cat":[396],"product_tag":[],"class_list":{"0":"post-15993","1":"product","2":"type-product","3":"status-publish","4":"has-post-thumbnail","6":"product_cat-maszyny-do-szycia-tradycyjne","8":"first","9":"instock","10":"purchasable","11":"product-type-simple"},"_links":{"self":[{"href":"https:\/\/gltestm.webology.pl\/cs\/wp-json\/wp\/v2\/product\/15993","targetHints":{"allow":["GET"]}}],"collection":[{"href":"https:\/\/gltestm.webology.pl\/cs\/wp-json\/wp\/v2\/product"}],"about":[{"href":"https:\/\/gltestm.webology.pl\/cs\/wp-json\/wp\/v2\/types\/product"}],"replies":[{"embeddable":true,"href":"https:\/\/gltestm.webology.pl\/cs\/wp-json\/wp\/v2\/comments?post=15993"}],"version-history":[{"count":0,"href":"https:\/\/gltestm.webology.pl\/cs\/wp-json\/wp\/v2\/product\/15993\/revisions"}],"wp:featuredmedia":[{"embeddable":true,"href":"https:\/\/gltestm.webology.pl\/cs\/wp-json\/wp\/v2\/media\/15067"}],"wp:attachment":[{"href":"https:\/\/gltestm.webology.pl\/cs\/wp-json\/wp\/v2\/media?parent=15993"}],"wp:term":[{"taxonomy":"product_brand","embeddable":true,"href":"https:\/\/gltestm.webology.pl\/cs\/wp-json\/wp\/v2\/product_brand?post=15993"},{"taxonomy":"product_cat","embeddable":true,"href":"https:\/\/gltestm.webology.pl\/cs\/wp-json\/wp\/v2\/product_cat?post=15993"},{"taxonomy":"product_tag","embeddable":true,"href":"https:\/\/gltestm.webology.pl\/cs\/wp-json\/wp\/v2\/product_tag?post=15993"}],"curies":[{"name":"wp","href":"https:\/\/api.w.org\/{rel}","templated":true}]}}