{"id":15989,"date":"2024-09-22T21:40:53","date_gmt":"2024-09-22T19:40:53","guid":{"rendered":"https:\/\/gltestm.webology.pl\/produkt\/sici-stroj-lucznik-weronika-ii-2008\/"},"modified":"2026-03-22T21:40:31","modified_gmt":"2026-03-22T20:40:31","slug":"sici-stroj-lucznik-weronika-ii-2008","status":"publish","type":"product","link":"https:\/\/gltestm.webology.pl\/cs\/produkt\/sici-stroj-lucznik-weronika-ii-2008\/","title":{"rendered":"\u0160ic\u00ed stroj \u0141ucznik Weronika II 2008"},"content":{"rendered":"<h2><strong>Archer Veronica II 2008 &#8211; relaxa\u010dn\u00ed s\u00edla \u0161it\u00ed<\/strong><\/h2>\n<p>Zd\u00e1 se, \u017ee je to jemn\u00e9? Nenechte se zm\u00e1st! Weronika II 2008 je zn\u00e1m\u00fd a obl\u00edben\u00fd stroj, kter\u00fd je ji\u017e l\u00e9ta obl\u00edbenou volbou pro prvn\u00ed vybaven\u00ed pro v\u00fduku \u0161it\u00ed. Disponuje nejen standardn\u00edmi re\u017eimy, ale tak\u00e9 overlockov\u00fdm a pru\u017en\u00fdm stehem. Je to zkr\u00e1tka <strong>jednoduch\u00fd<\/strong> \u0161ic\u00ed <strong> <a href=\"https:\/\/galerialucznik.pl\/\" target=\"_blank\" rel=\"noopener\">stroj<\/a><\/strong>, kter\u00fd se bude hodit v ka\u017ed\u00e9 dom\u00e1cnosti a pom\u016f\u017ee vy\u0159e\u0161it \u0161ic\u00ed krize. <\/p>\n<p>D\u00edky sv\u00fdm dobr\u00fdm technick\u00fdm parametr\u016fm je <strong>Weronika II 2008<\/strong> tak\u00e9 strojem mimo\u0159\u00e1dn\u00e9 kr\u00e1sy. Podtrhuj\u00ed ho levandulov\u00e9 kv\u011bty namalovan\u00e9 na t\u011ble, kter\u00e9 se jemn\u011b pohupuj\u00ed ve v\u011btru. D\u00edky tomu v\u0161emu bude \u0161it\u00ed s pomoc\u00ed nov\u00e9 verze na\u0161\u00ed klasiky nejen efektivn\u00ed, ale tak\u00e9 p\u016fsobiv\u00e9. A d\u00edky levandulov\u00fdm kv\u011bt\u016fm tak\u00e9 uklid\u0148uj\u00edc\u00ed.<\/p>\n<h2><strong>\u0160ic\u00ed stroj \u0141ucznik Weronika II 2008 &#8211; jednoduchost je jeho trumfem!<\/strong><\/h2>\n<p>Weronika II 2008 se neuv\u011b\u0159iteln\u011b jednodu\u0161e pou\u017e\u00edv\u00e1. Pomoc\u00ed kole\u010dka na p\u0159edn\u00ed stran\u011b stroje si snadno zvol\u00edte n\u011bkter\u00fd z <strong>22 steh\u016f, kter\u00fdmi disponuje<\/strong>. Ud\u011bl\u00e1te to tak, \u017ee najdete \u010d\u00edslo odpov\u00eddaj\u00edc\u00ed dan\u00e9mu stehu. A jak dohled\u00e1te ten, kter\u00fd v\u00e1s pr\u00e1v\u011b zaj\u00edm\u00e1? To je snadn\u00e9! Sta\u010d\u00ed nahl\u00e9dnout do praktick\u00e9ho v\u00fdsuvn\u00e9ho seznamu, kter\u00fd je k dispozici na t\u011ble stroje, a vybrat si ten, kter\u00fd v\u00e1s zaj\u00edm\u00e1!<\/p>\n<p>T\u00edm to ale nekon\u010d\u00ed! Weronika II 2008 m\u00e1 tak\u00e9 funkci <strong>nastaven\u00ed d\u00e9lky stehu<\/strong> <strong>, zp\u011btn\u00fd chod, vestav\u011bn\u00e9 osv\u011btlen\u00ed a voln\u00e9 rameno pro praktick\u00e9 lemov\u00e1n\u00ed nohavic nebo ruk\u00e1v\u016f<\/strong>. D\u00edky t\u011bmto \u0159e\u0161en\u00edm je \u0161it\u00ed rozhodn\u011b jednodu\u0161\u0161\u00ed a pohodln\u011bj\u0161\u00ed.<\/p>\n<h2><strong>Weronika II 2008 &#8211; osv\u011bd\u010d\u00ed se na mnoha \u0161ic\u00edch front\u00e1ch!<\/strong><\/h2>\n<p>\u0160ic\u00ed stroj \u0141ucznik Weronika II 2008 umo\u017e\u0148uje velmi pohodln\u00e9 <strong>\u0161it\u00ed dvojjehlou<\/strong>. Umo\u017e\u0148uje to <strong>druh\u00fd trn pro dal\u0161\u00ed c\u00edvku nit\u011b<\/strong>, kterou lze &#8211; v p\u0159\u00edpad\u011b pot\u0159eby &#8211; p\u0159idat. Pro mnoho \u0161vadlen je to d\u016fle\u017eit\u00e1 a velmi u\u017eite\u010dn\u00e1 vymo\u017eenost.<\/p>\n<p>\u0160ic\u00ed stroj Weronika II 2008 je vybaven <strong>z\u00e1kladn\u00edmi, u\u017eitkov\u00fdmi a overlockov\u00fdmi stehy<\/strong>. Takov\u00e9 bohatstv\u00ed steh\u016f n\u00e1m d\u00e1v\u00e1 \u0161irok\u00e9 mo\u017enosti p\u0159i u\u010den\u00ed se \u0161it\u00ed, zejm\u00e9na u tenk\u00fdch a jemn\u00fdch l\u00e1tek a l\u00e1tek st\u0159edn\u00ed tlou\u0161\u0165ky. Pr\u00e1v\u011b s pomoc\u00ed Veroniky 2008 u\u0161ijete sv\u00e9 prvn\u00ed pol\u0161t\u00e1\u0159e a elegantn\u00ed povle\u010den\u00ed, u\u0161ijete pl\u00e1t\u011bn\u00e9 ta\u0161ky a ko\u0161ile, ozdob\u00edte a zkr\u00e1t\u00edte z\u00e1clony. V\u00fdb\u011br pru\u017en\u00fdch steh\u016f v\u00e1m zase poskytne mo\u017enost pohodln\u011b \u0161\u00edt elastick\u00e9 l\u00e1tky a z\u00e1rove\u0148 je ide\u00e1ln\u00edm \u00favodem do v\u00fduky \u0161it\u00ed s \u00faplety.<\/p>\n<p>V praktick\u00e9m v\u00fdsuvn\u00e9m \u00falo\u017en\u00e9m prostoru um\u00edst\u011bn\u00e9m na p\u0159edn\u00ed stran\u011b stroje je ulo\u017eeno z\u00e1kladn\u00ed vybaven\u00ed stroje a p\u0159\u00edslu\u0161enstv\u00ed pot\u0159ebn\u00e9 k jeho \u00fadr\u017eb\u011b:<\/p>\n<ul>\n<li>3 c\u00edvky na spodn\u00ed nit<\/li>\n<li>univerz\u00e1ln\u00ed patka<\/li>\n<li>patka pro p\u0159i\u0161\u00edv\u00e1n\u00ed knofl\u00edk\u016f<\/li>\n<li>patka pro v\u0161\u00edv\u00e1n\u00ed zipu (zipu)<\/li>\n<li>patka pro \u0161it\u00ed knofl\u00edkov\u00e9 d\u00edrky<\/li>\n<li>3 n\u00e1hradn\u00ed univerz\u00e1ln\u00ed jehly<\/li>\n<li>vol\u00e1n<\/li>\n<li>deska kryj\u00edc\u00ed transport\u00e9r materi\u00e1lu<\/li>\n<li>olejni\u010dka<\/li>\n<li>\u0161roubov\u00e1k<\/li>\n<\/ul>\n<p>Sou\u010d\u00e1st\u00ed dod\u00e1vky stroje je tak\u00e9:<\/p>\n<ul>\n<li>kryt proti prachu<\/li>\n<li>no\u017en\u00ed regul\u00e1tor<\/li>\n<\/ul>\n<h2>24m\u011bs\u00ed\u010dn\u00ed z\u00e1ruka<\/h2>\n<p><strong>\u0160ic\u00ed stroj<\/strong> Weronika<strong>II 2008 je dod\u00e1v\u00e1n s 24m\u011bs\u00ed\u010dn\u00ed z\u00e1rukou<\/strong> a n\u00e1vodem k obsluze v pol\u0161tin\u011b. Seznamte se s n\u00edm p\u0159ed prvn\u00edm pou\u017eit\u00edm stroje!<\/p>\n<h2>\u00dadr\u017eba \u0161ic\u00edho stroje. Krok za krokem.<\/h2>\n","protected":false},"excerpt":{"rendered":"<p>Veronica II 2008 je klasick\u00fd mechanick\u00fd \u0161ic\u00ed stroj. Zn\u00e1te ji, nebo sp\u00ed\u0161e jej\u00ed p\u0159edch\u016fdkyni. Seznamte se s Weronikou v nov\u00e9 levandulov\u00e9 edici, kter\u00e1 v\u00e1s svede nejen sv\u00fdm vzhledem! M\u00e1 22 steh\u016f &#8211; v\u010detn\u011b pru\u017en\u00fdch a overlockov\u00fdch.<\/p>\n","protected":false},"featured_media":15316,"comment_status":"open","ping_status":"closed","template":"","meta":[],"product_brand":[],"product_cat":[396],"product_tag":[],"class_list":{"0":"post-15989","1":"product","2":"type-product","3":"status-publish","4":"has-post-thumbnail","6":"product_cat-maszyny-do-szycia-tradycyjne","8":"first","9":"instock","10":"purchasable","11":"product-type-simple"},"_links":{"self":[{"href":"https:\/\/gltestm.webology.pl\/cs\/wp-json\/wp\/v2\/product\/15989","targetHints":{"allow":["GET"]}}],"collection":[{"href":"https:\/\/gltestm.webology.pl\/cs\/wp-json\/wp\/v2\/product"}],"about":[{"href":"https:\/\/gltestm.webology.pl\/cs\/wp-json\/wp\/v2\/types\/product"}],"replies":[{"embeddable":true,"href":"https:\/\/gltestm.webology.pl\/cs\/wp-json\/wp\/v2\/comments?post=15989"}],"version-history":[{"count":0,"href":"https:\/\/gltestm.webology.pl\/cs\/wp-json\/wp\/v2\/product\/15989\/revisions"}],"wp:featuredmedia":[{"embeddable":true,"href":"https:\/\/gltestm.webology.pl\/cs\/wp-json\/wp\/v2\/media\/15316"}],"wp:attachment":[{"href":"https:\/\/gltestm.webology.pl\/cs\/wp-json\/wp\/v2\/media?parent=15989"}],"wp:term":[{"taxonomy":"product_brand","embeddable":true,"href":"https:\/\/gltestm.webology.pl\/cs\/wp-json\/wp\/v2\/product_brand?post=15989"},{"taxonomy":"product_cat","embeddable":true,"href":"https:\/\/gltestm.webology.pl\/cs\/wp-json\/wp\/v2\/product_cat?post=15989"},{"taxonomy":"product_tag","embeddable":true,"href":"https:\/\/gltestm.webology.pl\/cs\/wp-json\/wp\/v2\/product_tag?post=15989"}],"curies":[{"name":"wp","href":"https:\/\/api.w.org\/{rel}","templated":true}]}}