{"id":15985,"date":"2024-09-22T21:40:53","date_gmt":"2024-09-22T19:40:53","guid":{"rendered":"https:\/\/gltestm.webology.pl\/produkt\/sici-stroj-lucznik-milena-ii-419\/"},"modified":"2026-03-22T21:40:20","modified_gmt":"2026-03-22T20:40:20","slug":"sici-stroj-lucznik-milena-ii-419","status":"publish","type":"product","link":"https:\/\/gltestm.webology.pl\/cs\/produkt\/sici-stroj-lucznik-milena-ii-419\/","title":{"rendered":"\u0160ic\u00ed stroj Lucznik Milena II 419"},"content":{"rendered":"<h2><strong>\u0160ic\u00ed stroj Lucznik Milena II 419 &#8211; osv\u011bd\u010den\u00fd zp\u016fsob pro dom\u00e1c\u00ed krize!<\/strong><\/h2>\n<p><strong>Jednoduch\u00fd<\/strong> \u0161ic\u00ed <strong>stroj<\/strong> je nezbytn\u00fd v ka\u017ed\u00e9 dom\u00e1cnosti. Pro\u010d? Je to stroj prvn\u00ed pot\u0159eby, kter\u00fd se vyplat\u00ed m\u00edt v\u017edy po ruce &#8211; nebo, jak n\u011bkte\u0159\u00ed preferuj\u00ed: &#8222;v pohotovosti&#8220; &#8211; aby pomohl zvl\u00e1dnout mal\u00e9 i trochu v\u011bt\u0161\u00ed dom\u00e1c\u00ed \u0161ic\u00ed krize.<\/p>\n<p>Pokud hled\u00e1te &#8222;startovac\u00ed&#8220; <a href=\"https:\/\/galerialucznik.pl\/\" target=\"_blank\" rel=\"noopener\">\u0161ic\u00ed stroj<\/a>, se kter\u00fdm za\u010dnete sv\u00e9 dobrodru\u017estv\u00ed s krej\u010dovsk\u00fdm um\u011bn\u00edm, <strong>Milena II 419<\/strong> bude ide\u00e1ln\u00ed volbou.<\/p>\n<h2><strong>Milena II 419- zaujme v\u00e1s nejen svou povrchnost\u00ed<\/strong><\/h2>\n<p>Sta\u010d\u00ed se na tento stroj pod\u00edvat a <strong>zamilujete si ho na prvn\u00ed pohled!<\/strong> A to u\u017e jen pro jej\u00ed vzhled. Milena II 419 je nyn\u00ed k dispozici v nov\u00e9m, odleh\u010den\u00e9m designu a jej\u00ed t\u011blo <strong>zdob\u00ed kr\u00e1sn\u00e9 nafukovac\u00ed prvky, spojen\u00e9 s jarem<\/strong>.<\/p>\n<p>Draci, nafukovac\u00ed p\u0159edm\u011bty, v\u011btrn\u00e9&#8230; P\u0159i pohledu na n\u00e1\u0161 nov\u00fd stroj se v\u00e1m bude ze v\u0161ech sil cht\u00edt zp\u00edvat a \u0161\u00edt! A proto\u017ee je stejn\u011b jednoduch\u00fd jako jeho zn\u00e1m\u00fd a obl\u00edben\u00fd p\u0159edch\u016fdce, \u0161it\u00ed na n\u011bm bude zp\u011bvn\u00e9.<\/p>\n<h2><strong>Se \u0161ic\u00edm strojem Lucznik Milena II 419 je \u0161it\u00ed \u010dist\u00e1 radost!<\/strong><\/h2>\n<p>Milena II 419 je univerz\u00e1ln\u00ed model, kter\u00fd si porad\u00ed s celou \u0159adou materi\u00e1l\u016f. Nezklame v\u00e1s p\u0159i zkracov\u00e1n\u00ed z\u00e1clon, bude perfektn\u011b spolupracovat p\u0159i oprav\u00e1ch nebo \u00faprav\u00e1ch od\u011bv\u016f, a &#8211; pokud budete m\u00edt chu\u0165 &#8211; u\u0161ije s v\u00e1mi kr\u00e1sn\u00e9 v\u00fdtvory pro d\u011bti, vnou\u010data a bl\u00edzk\u00e9.<\/p>\n<p>Milena II 419 se ovl\u00e1d\u00e1 pomoc\u00ed knofl\u00edk\u016f Pomoc\u00ed p\u00edsmenkov\u00e9ho knofl\u00edku snadno zvol\u00edte n\u011bkter\u00fd z <strong>22 steh\u016f<\/strong> (provedete to v\u00fdb\u011brem p\u00edsmene odpov\u00eddaj\u00edc\u00edho stehu). Nev\u00edte, pro kter\u00fd se rozhodnout? Nen\u00ed nic jednodu\u0161\u0161\u00edho! V\u0161echny <strong>jsou<\/strong> <strong>vyobrazeny na jeho t\u011ble<\/strong> &#8211; tak\u017ee m\u016f\u017eete kdykoli nahl\u00e9dnout a vybrat si ten, kter\u00fd nejl\u00e9pe vyhovuje materi\u00e1lu, s n\u00edm\u017e n\u00e1hodou pracujete. Druh\u00fd knofl\u00edk slou\u017e\u00ed k volb\u011b d\u00e9lky stehu &#8211; tedy toho, jak jemn\u00fd steh chcete m\u00edt.<\/p>\n<p>\u0160ic\u00ed stroj Lucznik Milena II 419 m\u00e1 <strong>z\u00e1kladn\u00ed u\u017eitkov\u00e9, pru\u017en\u00e9 a overlockov\u00e9 stehy<\/strong>. Velk\u00fd po\u010det steh\u016f v\u00e1m d\u00e1v\u00e1 \u0161irok\u00e9 mo\u017enosti pro v\u00fduku \u0161it\u00ed, zejm\u00e9na s tenk\u00fdmi, jemn\u00fdmi a st\u0159edn\u011b siln\u00fdmi l\u00e1tkami. S jeho pomoc\u00ed \u00fasp\u011b\u0161n\u011b u\u0161ijete sv\u00e9 prvn\u00ed pol\u0161t\u00e1\u0159e, pl\u00e1t\u011bn\u00e9 ta\u0161ky, pouzdra na telefony nebo ko\u0161ile, ozdob\u00edte a zkr\u00e1t\u00edte z\u00e1clony a vytvo\u0159\u00edte elegantn\u00ed lo\u017en\u00ed pr\u00e1dlo. V\u00fdb\u011br pru\u017en\u00fdch steh\u016f v\u00e1m zase poskytne mo\u017enost pohodln\u011b \u0161\u00edt elastick\u00e9 l\u00e1tky a z\u00e1rove\u0148 je \u00favodem do v\u00fduky \u0161it\u00ed s \u00faplety.<\/p>\n<p><strong>Milena II 419<\/strong> m\u00e1 tak\u00e9 funkci <strong>nastaven\u00ed d\u00e9lky stehu<\/strong>, <strong>zp\u011btn\u00e9 \u0161it\u00ed, vestav\u011bn\u00e9 osv\u011btlen\u00ed a voln\u00e9 rameno (dosah<\/strong> ) pro praktick\u00e9 lemov\u00e1n\u00ed nohavic nebo ruk\u00e1v\u016f. D\u00edky t\u011bmto \u0159e\u0161en\u00edm se \u0161it\u00ed st\u00e1v\u00e1 jednodu\u0161\u0161\u00ed a pohodln\u011bj\u0161\u00ed.<\/p>\n<p>Milena II 419 umo\u017e\u0148uje <strong>pohodln\u00e9 \u0161it\u00ed dvojjehlou<\/strong> &#8211; to je mo\u017en\u00e9 d\u00edky <strong>druh\u00e9mu trnu pro dal\u0161\u00ed c\u00edvku nit\u011b<\/strong>, kterou lze &#8211; v p\u0159\u00edpad\u011b pot\u0159eby &#8211; kdykoli p\u0159idat.<\/p>\n<h2>Standardn\u00ed v\u00fdbava<\/h2>\n<p>Ve <strong>v\u00fdsuvn\u00e9m \u00falo\u017en\u00e9m prostoru pro p\u0159\u00edslu\u0161enstv\u00ed<\/strong> je ulo\u017eeno z\u00e1kladn\u00ed vybaven\u00ed stroje a p\u0159\u00edslu\u0161enstv\u00ed nezbytn\u00e9 pro jeho \u00fadr\u017ebu:<\/p>\n<ul>\n<li>3 c\u00edvky na spodn\u00ed nit<\/li>\n<li>patka pro \u0161it\u00ed knofl\u00edk\u016f<\/li>\n<li>patka pro v\u0161\u00edv\u00e1n\u00ed zipu (zipu)<\/li>\n<li>patka pro \u0161it\u00ed knofl\u00edkov\u00e9 d\u00edrky<\/li>\n<li>3 n\u00e1hradn\u00ed jehly<\/li>\n<li>prujka<\/li>\n<li>deska kryj\u00edc\u00ed transport\u00e9r materi\u00e1lu<\/li>\n<li>olejni\u010dka<\/li>\n<li>\u0161roubov\u00e1ky<\/li>\n<li>kryt proti prachu<\/li>\n<li>no\u017en\u00ed regul\u00e1tor<\/li>\n<\/ul>\n<h2>24m\u011bs\u00ed\u010dn\u00ed z\u00e1ruka<\/h2>\n<p><span>Na stroj je <\/span><strong>poskytov\u00e1na 24m\u011bs\u00ed\u010dn\u00ed<\/strong><span>z\u00e1rukaa <\/span><strong>n\u00e1vod v pol\u0161tin\u011b<\/strong>,<span> se kter\u00fdm byste se m\u011bli p\u0159ed pou\u017eit\u00edm za\u0159\u00edzen\u00ed sezn\u00e1mit, abyste mohli bezpe\u010dn\u011b a v souladu se sv\u00fdm ur\u010den\u00edm vyu\u017e\u00edvat v\u0161echny jeho mo\u017enosti<\/span>.<\/p>\n<h2>\u00dadr\u017eba \u0161ic\u00edho stroje. Krok za krokem.<\/h2>\n","protected":false},"excerpt":{"rendered":"<p>Zn\u00e1m\u00fd a obl\u00edben\u00fd \u0161ic\u00ed stroj Milena II 419 se zcela nov\u00fdm vzhledem! Milena II 419 zdoben\u00e1 kr\u00e1sn\u00fdmi, vzdu\u0161n\u00fdmi pampeli\u0161kami je jednoduch\u00fd, mechanick\u00fd stroj vybaven\u00fd 22 stehy, v\u010detn\u011b pru\u017en\u00fdch a overlockov\u00fdch steh\u016f &#8211; dob\u0159e se s n\u00edm bude pracovat v..<\/p>\n","protected":false},"featured_media":13937,"comment_status":"open","ping_status":"closed","template":"","meta":[],"product_brand":[],"product_cat":[396],"product_tag":[],"class_list":{"0":"post-15985","1":"product","2":"type-product","3":"status-publish","4":"has-post-thumbnail","6":"product_cat-maszyny-do-szycia-tradycyjne","8":"first","9":"instock","10":"purchasable","11":"product-type-simple"},"_links":{"self":[{"href":"https:\/\/gltestm.webology.pl\/cs\/wp-json\/wp\/v2\/product\/15985","targetHints":{"allow":["GET"]}}],"collection":[{"href":"https:\/\/gltestm.webology.pl\/cs\/wp-json\/wp\/v2\/product"}],"about":[{"href":"https:\/\/gltestm.webology.pl\/cs\/wp-json\/wp\/v2\/types\/product"}],"replies":[{"embeddable":true,"href":"https:\/\/gltestm.webology.pl\/cs\/wp-json\/wp\/v2\/comments?post=15985"}],"version-history":[{"count":0,"href":"https:\/\/gltestm.webology.pl\/cs\/wp-json\/wp\/v2\/product\/15985\/revisions"}],"wp:featuredmedia":[{"embeddable":true,"href":"https:\/\/gltestm.webology.pl\/cs\/wp-json\/wp\/v2\/media\/13937"}],"wp:attachment":[{"href":"https:\/\/gltestm.webology.pl\/cs\/wp-json\/wp\/v2\/media?parent=15985"}],"wp:term":[{"taxonomy":"product_brand","embeddable":true,"href":"https:\/\/gltestm.webology.pl\/cs\/wp-json\/wp\/v2\/product_brand?post=15985"},{"taxonomy":"product_cat","embeddable":true,"href":"https:\/\/gltestm.webology.pl\/cs\/wp-json\/wp\/v2\/product_cat?post=15985"},{"taxonomy":"product_tag","embeddable":true,"href":"https:\/\/gltestm.webology.pl\/cs\/wp-json\/wp\/v2\/product_tag?post=15985"}],"curies":[{"name":"wp","href":"https:\/\/api.w.org\/{rel}","templated":true}]}}