{"id":15981,"date":"2024-09-22T21:40:53","date_gmt":"2024-09-22T19:40:53","guid":{"rendered":"https:\/\/gltestm.webology.pl\/produkt\/sici-stroj-lucznik-karina-910\/"},"modified":"2026-03-22T21:39:49","modified_gmt":"2026-03-22T20:39:49","slug":"sici-stroj-lucznik-karina-910","status":"publish","type":"product","link":"https:\/\/gltestm.webology.pl\/cs\/produkt\/sici-stroj-lucznik-karina-910\/","title":{"rendered":"\u0160ic\u00ed stroj Lucznik Karina 910"},"content":{"rendered":"<h2>\u0160ic\u00ed stroj Lucznik Karina 910 &#8211; \u010dist\u00e1 radost a z\u00e1ruka pln\u00e9ho rozsahu z\u00e1kladn\u00edch schopnost\u00ed.<\/h2>\n<p>Karina 910 umo\u017e\u0148uje pracovat na <strong>38 \u0161ic\u00edch<\/strong> programech (22 \u0161ic\u00edch program\u016f bez dvojjehly). Je vybavena <strong>voln\u00fdm ramenem<\/strong> mimo jin\u00e9 pro lemov\u00e1n\u00ed <strong>nohavic nebo ruk\u00e1v\u016f<\/strong>. <a href=\"https:\/\/galerialucznik.pl\/\" target=\"_blank\" rel=\"noopener\">Stroj <\/a>umo\u017e\u0148uje pou\u017e\u00edvat z\u00e1kladn\u00ed, pru\u017en\u00e9, u\u017eitkov\u00e9, overlockov\u00e9 stehy a m\u00e1 mo\u017enost nastaven\u00ed jejich d\u00e9lky.<\/p>\n<h2>Nejd\u016fle\u017eit\u011bj\u0161\u00ed funkce<\/h2>\n<ul>\n<li><strong>22 steh\u016f (pru\u017en\u00fd<\/strong>, kryt\u00fd, rovn\u00fd, mu\u0161lov\u00fd,  klikat\u00fd, trojit\u00fd, m\u016fstkov\u00fd, <strong>trojit\u00fd<\/strong>, <strong>overlockov\u00fd<\/strong>)<\/li>\n<li>mo\u017enost \u0161it\u00ed <strong>dvojjehlou <\/strong>(celkem a\u017e 38 steh\u016f!)<\/li>\n<li>\u0161it\u00ed <strong>knofl\u00edkov\u00e9<\/strong> d\u00edrky (4 kroky)<\/li>\n<li>funkce  \u0161it\u00ed<strong>knofl\u00edk\u016f<\/strong> <\/li>\n<li>\u0161it\u00ed <strong>zp\u011btn\u00fd chod<\/strong> (p\u00e1ka)<\/li>\n<li>nastaven\u00ed  d\u00e9lky <strong>stehu<\/strong> <\/li>\n<li>nastaven\u00ed  z <strong>\u0161\u00ed\u0159ka<\/strong> cikcakov\u00e9ho stehu<\/li>\n<li>nastaven\u00ed napnut\u00ed <strong>nit\u011b<\/strong><\/li>\n<li><strong>automatick\u00e9 na<\/strong>v\u00edjen\u00ed nit\u011b na c\u00edvku <\/li>\n<li><strong>voln\u00e9 rameno<\/strong> &#8211; p\u0159evis<\/li>\n<li><strong>vysok\u00fd<\/strong> zdvih patky<\/li>\n<li> <strong>LED<\/strong> osv\u011btlen\u00ed<\/li>\n<\/ul>\n<h2><strong>Prvn\u00ed &#8211; \u00fa\u010dinnost<\/strong><\/h2>\n<p>Karina 910 se osv\u011bd\u010d\u00ed jako <strong>spolehliv\u00fd spole\u010dn\u00edk pro<\/strong> va\u0161e prvn\u00ed \u0161ic\u00ed projekty. Jej\u00ed <strong>lehk\u00e9 pouzdro<\/strong> zaru\u010duje vysokou mobilitu, d\u00edky n\u00ed\u017e m\u016f\u017eete stroj doma pohodln\u011b p\u0159en\u00e1\u0161et, nastavovat a skladovat. Se strojem Karina 910 budete bez probl\u00e9m\u016f pracovat na <strong>z\u00e1kladn\u00edch materi\u00e1lech<\/strong>, p\u0159i\u010dem\u017e m\u00e1te mo\u017enost pou\u017e\u00edvat <strong>dv\u011b jehly<\/strong> i <strong>r\u016fzn\u00e9 typy patek<\/strong>. <\/p>\n<h2>Dod\u00e1van\u00e9 vybaven\u00ed<\/h2>\n<p>V p\u0159\u00eddavn\u00e9m vybaven\u00ed, kter\u00e9 se nach\u00e1z\u00ed v <strong>praktick\u00e9m \u00falo\u017en\u00e9m prostoru<\/strong> na p\u0159edn\u00ed stran\u011b stroje.<\/p>\n<ul>\n<li><strong>patky<\/strong> (univerz\u00e1ln\u00ed, na zipy, na knofl\u00edkov\u00e9 d\u00edrky, na knofl\u00edky)<\/li>\n<li><strong>n\u00e1hradn\u00ed jehly 90<\/strong> (3 ks)<\/li>\n<li><strong>c\u00edvka<\/strong> (2 ks)<\/li>\n<li><strong>n\u00e1hradn\u00ed c\u00edvky <\/strong>(3 ks)<\/li>\n<li>c\u00edvkov\u00e1 <strong>c\u00edvka<\/strong> (2 ks)<\/li>\n<li>prujka<\/li>\n<li>olej<\/li>\n<li>\u0161roubov\u00e1ky<\/li>\n<li>plst\u011bn\u00e9 podlo\u017eky pro c\u00edvkov\u00fd trn<\/li>\n<li>kryt proti <strong>prachu<\/strong> <\/li>\n<li>uzav\u00edrac\u00ed deska transport\u00e9ru<\/li>\n<li>no\u017en\u00ed regul\u00e1tor<\/li>\n<\/ul>\n<h2>24m\u011bs\u00ed\u010dn\u00ed z\u00e1ruka<\/h2>\n<p><span>Na stroj je <\/span><strong>poskytov\u00e1na 24m\u011bs\u00ed\u010dn\u00ed<\/strong><span>z\u00e1rukaa <\/span><strong>n\u00e1vod k pou\u017eit\u00ed v pol\u0161tin\u011b<\/strong>,<span> kter\u00fd je t\u0159eba si p\u0159ed pou\u017eit\u00edm za\u0159\u00edzen\u00ed p\u0159e\u010d\u00edst, abyste mohli bezpe\u010dn\u011b a v souladu se sv\u00fdm ur\u010den\u00edm vyu\u017e\u00edvat v\u0161echny jeho mo\u017enosti<\/span>.<\/p>\n<h2>\u00dadr\u017eba \u0161ic\u00edho stroje. Krok za krokem.<\/h2>\n","protected":false},"excerpt":{"rendered":"<p>Karina 910 je z\u00e1kladn\u00ed model \u0161ic\u00edho stroje zna\u010dky Lucznik. Stroj nab\u00edz\u00ed pr\u00e1ci s mnoha stehy. Je skv\u011bl\u00fd pro prvn\u00ed projekty, nab\u00edz\u00ed dal\u0161\u00ed v\u00fdbavu a \u0159adu schopnost\u00ed, kter\u00e9 spln\u00ed o\u010dek\u00e1v\u00e1n\u00ed za\u010d\u00e1te\u010dn\u00edk\u016f.<\/p>\n","protected":false},"featured_media":12952,"comment_status":"open","ping_status":"closed","template":"","meta":[],"product_brand":[],"product_cat":[396],"product_tag":[],"class_list":{"0":"post-15981","1":"product","2":"type-product","3":"status-publish","4":"has-post-thumbnail","6":"product_cat-maszyny-do-szycia-tradycyjne","8":"first","9":"instock","10":"purchasable","11":"product-type-simple"},"_links":{"self":[{"href":"https:\/\/gltestm.webology.pl\/cs\/wp-json\/wp\/v2\/product\/15981","targetHints":{"allow":["GET"]}}],"collection":[{"href":"https:\/\/gltestm.webology.pl\/cs\/wp-json\/wp\/v2\/product"}],"about":[{"href":"https:\/\/gltestm.webology.pl\/cs\/wp-json\/wp\/v2\/types\/product"}],"replies":[{"embeddable":true,"href":"https:\/\/gltestm.webology.pl\/cs\/wp-json\/wp\/v2\/comments?post=15981"}],"version-history":[{"count":0,"href":"https:\/\/gltestm.webology.pl\/cs\/wp-json\/wp\/v2\/product\/15981\/revisions"}],"wp:featuredmedia":[{"embeddable":true,"href":"https:\/\/gltestm.webology.pl\/cs\/wp-json\/wp\/v2\/media\/12952"}],"wp:attachment":[{"href":"https:\/\/gltestm.webology.pl\/cs\/wp-json\/wp\/v2\/media?parent=15981"}],"wp:term":[{"taxonomy":"product_brand","embeddable":true,"href":"https:\/\/gltestm.webology.pl\/cs\/wp-json\/wp\/v2\/product_brand?post=15981"},{"taxonomy":"product_cat","embeddable":true,"href":"https:\/\/gltestm.webology.pl\/cs\/wp-json\/wp\/v2\/product_cat?post=15981"},{"taxonomy":"product_tag","embeddable":true,"href":"https:\/\/gltestm.webology.pl\/cs\/wp-json\/wp\/v2\/product_tag?post=15981"}],"curies":[{"name":"wp","href":"https:\/\/api.w.org\/{rel}","templated":true}]}}