{"id":15977,"date":"2024-09-22T21:40:53","date_gmt":"2024-09-22T19:40:53","guid":{"rendered":"https:\/\/gltestm.webology.pl\/produkt\/sici-stroj-lucznik-patrycja-2090\/"},"modified":"2026-03-22T21:39:48","modified_gmt":"2026-03-22T20:39:48","slug":"sici-stroj-lucznik-patrycja-2090","status":"publish","type":"product","link":"https:\/\/gltestm.webology.pl\/cs\/produkt\/sici-stroj-lucznik-patrycja-2090\/","title":{"rendered":"\u0160ic\u00ed stroj \u0141ucznik Patrycja 2090"},"content":{"rendered":"<h2><strong>\u0160ic\u00ed stroj Lucznik Patrycja 2090<\/strong><\/h2>\n<p><strong>Patrycja 2090<\/strong> je \u0161pi\u010dkov\u00fd elektronick\u00fd stroj s nejnov\u011bj\u0161\u00edmi <strong>technologick\u00fdmi<\/strong> a<strong>konstruk\u010dn\u00edmi \u0159e\u0161en\u00edmi<\/strong>. Je pevn\u00fd, spolehliv\u00fd a d\u00edky tomu, \u017ee v\u00e1m nab\u00edz\u00ed plnost sv\u00fdch mo\u017enost\u00ed, v\u00e1m umo\u017en\u00ed \u0161iroce rozt\u00e1hnout krej\u010dovsk\u00e1 k\u0159\u00eddla. D\u00edky <strong>mno\u017estv\u00ed vymo\u017eenost\u00ed<\/strong> a funkc\u00ed, kter\u00e9 urychluj\u00ed jednotliv\u00e9 operace a programov\u00e1n\u00ed stroje, je \u0161it\u00ed je\u0161t\u011b snaz\u0161\u00ed a <strong>p\u0159\u00edjemn\u011bj\u0161\u00ed<\/strong>.<\/p>\n<p><strong>Patrycja 2090<\/strong> umo\u017e\u0148uje obsluhovat co nejv\u00edce <strong>198 steh\u016f<\/strong>, a to jak u\u017eitkov\u00fdch (nap\u0159. overlockov\u00fdch nebo pru\u017en\u00fdch), tak <strong>dekorativn\u00edch<\/strong>. Dok\u00e1\u017ee tak\u00e9 esteticky vy\u0161\u00edvat <strong>194 znaky<\/strong>, jako jsou \u010d\u00edsla, p\u00edsmena a interpunk\u010dn\u00ed znam\u00e9nka. V\u0161echny tyto stehy maj\u00ed v sob\u011b naprogramov\u00e1ny p\u0159\u00edslu\u0161n\u00e9 <strong>v\u00fdchoz\u00ed hodnoty<\/strong>, tak\u017ee se nemus\u00edte poka\u017ed\u00e9 starat o nastaven\u00ed parametr\u016f jako u tradi\u010dn\u00edch mechanick\u00fdch <strong><a href=\"https:\/\/galerialucznik.pl\/\" target=\"_blank\" rel=\"noopener\">stroj\u016f<\/a><\/strong>. D\u00edky<strong>intuitivn\u00edmu menu<\/strong>   , v\u0161ak m\u016f\u017eeme plynule upravovat a ovl\u00e1dat v\u0161echna nastaven\u00ed, a dokonce naprogramovat po\u0159ad\u00ed, v jak\u00e9m jsou jednotliv\u00e9 stehy prov\u00e1d\u011bny. Tato funkce se naz\u00fdv\u00e1 <strong>pam\u011b\u0165 steh\u016f<\/strong> &#8211; a je neoceniteln\u00e1 mimo jin\u00e9 p\u0159i ozna\u010dov\u00e1n\u00ed v\u00fdrobk\u016f vlastn\u00edm monogramem nebo vy\u0161\u00edv\u00e1n\u00ed jmen. Pam\u011b\u0165 obsahuje  <strong>4moduly<\/strong>, do kter\u00fdch lze ulo\u017eit a\u017e <strong>20 jednotek<\/strong> steh\u016f.<\/p>\n<h2>Funk\u010dn\u00ed tla\u010d\u00edtka pro snadn\u00e9 \u0161it\u00ed na stroji<\/h2>\n<p>Speci\u00e1ln\u00ed <strong>funk\u010dn\u00ed tla\u010d\u00edtka<\/strong> jsou navr\u017eena tak, aby v\u00e1m usnadnila pr\u00e1ci p\u0159i \u0161it\u00ed. Jedn\u00edm z nich je <strong>tla\u010d\u00edtko automatick\u00e9ho zdvihu jehly<\/strong>, pomoc\u00ed kter\u00e9ho m\u016f\u017eeme naprogramovat dokon\u010den\u00ed \u0161it\u00ed v\u017edy se zdvi\u017eenou nebo v l\u00e1tce zap\u00edchnutou jehlou. Tla\u010d\u00edtko <strong>automatick\u00e9 aretace<\/strong> , n\u00e1m zase umo\u017en\u00ed strojov\u011b zapo\u0161\u00edt za\u010d\u00e1tek a konec stehu, \u010d\u00edm\u017e zabr\u00e1n\u00ed jeho roztr\u017een\u00ed. Podobn\u00fdm zp\u016fsobem m\u016f\u017eeme tak\u00e9  libovoln\u011b<strong>prodlu\u017eovat vy\u0161\u00edvan\u00fd<\/strong> <strong>vzor<\/strong> nebo prov\u00e9st \u0161it\u00ed s <strong>zrcadlov\u00fdm<\/strong> obrazem.<\/p>\n<p>Speci\u00e1ln\u00ed<strong>tla\u010d\u00edtko<\/strong> <strong>re\u017eimu dvojit\u00e9 jehly<\/strong> n\u00e1m umo\u017en\u00ed automaticky upravit pot\u0159ebn\u00e9 nastaven\u00ed, \u010d\u00edm\u017e se zv\u00fd\u0161\u00ed bezpe\u010dnost. Nen\u00ed t\u0159eba myslet ani se ob\u00e1vat po\u0161kozen\u00ed stroje, jehly nebo l\u00e1tky.<\/p>\n<p>P\u0159\u00edjemnou vymo\u017eenost\u00ed u Patricie je mo\u017enost volby mezi a\u017e <strong>osmi<\/strong> programy automatick\u00e9ho lemov\u00e1n\u00ed knofl\u00edkov\u00fdch d\u00edrek. Nejen\u017ee sta\u010d\u00ed nasadit vhodnou patku a zvolit velikost knofl\u00edkov\u00e9 d\u00edrky, ale m\u016f\u017eeme tak\u00e9 zvolit tvar v\u00fd\u0161ivky podle tvaru knofl\u00edku a typu materi\u00e1lu<\/p>\n<p>V\u0161echny funkce a parametry m\u016f\u017eeme libovoln\u011b m\u011bnit a ovl\u00e1dat d\u00edky<strong>\u0161irok\u00e9mu LED displeji<\/strong> , kter\u00fd n\u00e1m umo\u017e\u0148uje zobrazit v\u0161echny pot\u0159ebn\u00e9 informace na jednom m\u00edst\u011b.<\/p>\n<p>Patrycja 2090 umo\u017e\u0148uje \u0161\u00edt zcela automaticky pomoc\u00ed <strong>tla\u010d\u00edtka START\/STOP<\/strong> nebo tradi\u010dn\u011b, pomoc\u00ed patky <strong>regul\u00e1toru rychlosti<\/strong>. Rychlost \u0161it\u00ed m\u016f\u017eeme plynule regulovat d\u00edky <strong>posuvn\u00edku rychlosti,<\/strong> kter\u00fd je pohodln\u011b um\u00edst\u011bn uprost\u0159ed t\u011bla stroje, a libovoln\u011b ji sni\u017eovat, kdy\u017e pracujeme na obzvl\u00e1\u0161t\u011b slo\u017eit\u00e9m prvku, vy\u0161\u00edv\u00e1me nebo \u0161ijeme aplikaci, tak\u017ee se nemus\u00edme b\u00e1t, \u017ee bychom regul\u00e1tor necht\u011bn\u011b stiskli p\u0159\u00edli\u0161 siln\u011b. Pro tento typ pr\u00e1ce je tak\u00e9 u\u017eite\u010dn\u00e1 mo\u017enost <strong>libovoln\u00e9 polohy jehly &#8211;<\/strong> bl\u00ed\u017ee vpravo, vlevo nebo uprost\u0159ed.<\/p>\n<p>Stroj m\u00e1 vy\u0161\u0161\u00ed t\u0159\u00eddu<strong> rota\u010dn\u00edho chapa\u010de<\/strong>, kter\u00fd na rozd\u00edl od kyvadlov\u00e9ho chapa\u010de umo\u017e\u0148uje <strong>tich\u00fd<\/strong> <strong>provoz<\/strong> a snadn\u011bj\u0161\u00ed upevn\u011bn\u00ed spodn\u00ed c\u00edvky v bubnu stroje.<\/p>\n<p>Nebojte se ztratit v mno\u017estv\u00ed steh\u016f, kter\u00e9 Patrycja nab\u00edz\u00ed &#8211; p\u0159ipravili jsme pro v\u00e1s speci\u00e1ln\u00ed <strong>&#8222;download&#8220;<\/strong> obsahuj\u00edc\u00ed tematicky seskupen\u00e9 stehy s jejich \u010d\u00edsly a ilustracemi. Je pohodln\u011b um\u00edst\u011bn ve spodn\u00ed \u010d\u00e1sti stroje a v p\u0159\u00edpad\u011b pot\u0159eby jej lze vyt\u00e1hnout.<\/p>\n<h2>Funkce automatick\u00e9ho \u0161ic\u00edho stroje<\/h2>\n<p>Samoz\u0159ejm\u011b, \u017ee <strong>Patrycja 2090<\/strong> m\u00e1 i funkce a vymo\u017eenosti vhodn\u00e9 pro m\u00e9n\u011b pokro\u010dil\u00e9 stroje, jako jsou: z hlediska u\u017eite\u010dnosti neoceniteln\u00fd <strong>automatick\u00fd navl\u00e9ka\u010d<\/strong> nit\u00ed na jehlu stroje, LED osv\u011btlen\u00ed nad pracovn\u00edm prostorem a zp\u011btn\u00e9 \u0161it\u00ed. Diskr\u00e9tn\u00ed, ale snadno \u010diteln\u00fd n\u00e1vod vyra\u017een\u00fd na pouzd\u0159e v\u00e1m pom\u016f\u017ee spr\u00e1vn\u011b navl\u00e9knout nit do stroje, a\u0165 u\u017e jde o navl\u00e9k\u00e1n\u00ed horn\u00ed nit\u011b nebo instalaci c\u00edvky se spodn\u00ed nit\u00ed do bubnu. Ve<strong>v\u00fdsuvn\u00e9m kontejneru<\/strong>   stroje najdete tak\u00e9 sadu pot\u0159ebn\u00e9ho<strong>p\u0159\u00edslu\u0161enstv\u00ed<\/strong> . Po vyjmut\u00ed z\u00e1sobn\u00edku lze k Patricii p\u0159ipojit speci\u00e1ln\u00ed<strong> st\u016fl<\/strong>, kter\u00fd<strong>roz\u0161i\u0159uje<\/strong> jej\u00ed pracovn\u00ed pole &#8211; ide\u00e1ln\u00ed pro usnadn\u011bn\u00ed pro\u0161\u00edv\u00e1n\u00ed nebo \u0161it\u00ed materi\u00e1l\u016f s velkou plochou, jako jsou z\u00e1clony, ubrusy, z\u00e1v\u011bsy nebo lo\u017en\u00ed pr\u00e1dlo.<\/p>\n<h2>Sou\u010d\u00e1st\u00ed dod\u00e1vky je vybaven\u00ed<\/h2>\n<p>Stroj je dod\u00e1v\u00e1n se sadou p\u0159\u00edslu\u0161enstv\u00ed, kter\u00e1 zahrnuje:<\/p>\n<ul>\n<li> <strong>univerz\u00e1ln\u00ed<\/strong> patku<\/li>\n<li>patku pro <strong>zipy<\/strong><\/li>\n<li>patku pro<strong>\u0161it\u00ed knofl\u00edkov\u00fdch d\u00edrek<\/strong> <\/li>\n<li>patku pro<strong>\u0161it\u00ed knofl\u00edk\u016f<\/strong> <\/li>\n<li>patku pro <strong>overlockov\u00fd steh<\/strong><\/li>\n<li>patka pro <strong>kryc\u00ed<\/strong> steh<\/li>\n<li>patka pro <strong>sat\u00e9nov\u00fd<\/strong> steh<\/li>\n<li><strong>c\u00edvky<\/strong> 3 ks<\/li>\n<li><strong>jehly<\/strong> 3 ks<\/li>\n<li><strong>rukoje\u0165<\/strong> c\u00edvky<strong>(velk\u00e9<\/strong>)<\/li>\n<li> <strong>dr\u017e\u00e1k<\/strong> c\u00edvek<strong>(mal\u00fd)<\/strong><\/li>\n<li><strong>pls\u0165<\/strong> pod c\u00edvkov\u00fd kol\u00edk<\/li>\n<li>p\u0159\u00eddavn\u00fd c\u00edvkov\u00fd kol\u00edk<\/li>\n<li>velk\u00fd a mal\u00fd \u0161roubov\u00e1k<\/li>\n<li><strong>vod\u00edtko pro quiltov\u00e1n\u00ed<\/strong><\/li>\n<li>\u0161t\u011btec + \u0159eza\u010dka d\u011br<\/li>\n<li>regul\u00e1tor ot\u00e1\u010dek s nap\u00e1jec\u00edm kabelem<\/li>\n<li>m\u011bkk\u00fd<strong>kryt<\/strong>   proti <strong>prachu<\/strong><\/li>\n<\/ul>\n<h2>z\u00e1ruka 24 m\u011bs\u00edc\u016f<\/h2>\n<p><strong>Patrycja 2090<\/strong> se dod\u00e1v\u00e1 s dvouletou z\u00e1rukou a n\u00e1vodem k obsluze v pol\u0161tin\u011b, kter\u00fd je t\u0159eba si p\u0159ed pou\u017eit\u00edm za\u0159\u00edzen\u00ed p\u0159e\u010d\u00edst, abyste mohli bezpe\u010dn\u011b a v souladu s ur\u010den\u00edm vyu\u017e\u00edvat v\u0161echny jeho mo\u017enosti.<\/p>\n","protected":false},"excerpt":{"rendered":"<p>\u0160pi\u010dkov\u00fd automatick\u00fd \u0161ic\u00ed stroj \u0141ucznik Patrycja 2090. M\u00e1 \u0159adu vymo\u017eenost\u00ed, kter\u00e9 urychluj\u00ed a zp\u0159\u00edjem\u0148uj\u00ed \u0161it\u00ed, a tak\u00e9 nejnov\u011bj\u0161\u00ed technologick\u00e1 a designov\u00e1 \u0159e\u0161en\u00ed<\/p>\n","protected":false},"featured_media":13109,"comment_status":"open","ping_status":"closed","template":"","meta":[],"product_brand":[],"product_cat":[406],"product_tag":[],"class_list":{"0":"post-15977","1":"product","2":"type-product","3":"status-publish","4":"has-post-thumbnail","6":"product_cat-maszyny-do-szycia-elektroniczne","8":"first","9":"instock","10":"purchasable","11":"product-type-simple"},"_links":{"self":[{"href":"https:\/\/gltestm.webology.pl\/cs\/wp-json\/wp\/v2\/product\/15977","targetHints":{"allow":["GET"]}}],"collection":[{"href":"https:\/\/gltestm.webology.pl\/cs\/wp-json\/wp\/v2\/product"}],"about":[{"href":"https:\/\/gltestm.webology.pl\/cs\/wp-json\/wp\/v2\/types\/product"}],"replies":[{"embeddable":true,"href":"https:\/\/gltestm.webology.pl\/cs\/wp-json\/wp\/v2\/comments?post=15977"}],"version-history":[{"count":0,"href":"https:\/\/gltestm.webology.pl\/cs\/wp-json\/wp\/v2\/product\/15977\/revisions"}],"wp:featuredmedia":[{"embeddable":true,"href":"https:\/\/gltestm.webology.pl\/cs\/wp-json\/wp\/v2\/media\/13109"}],"wp:attachment":[{"href":"https:\/\/gltestm.webology.pl\/cs\/wp-json\/wp\/v2\/media?parent=15977"}],"wp:term":[{"taxonomy":"product_brand","embeddable":true,"href":"https:\/\/gltestm.webology.pl\/cs\/wp-json\/wp\/v2\/product_brand?post=15977"},{"taxonomy":"product_cat","embeddable":true,"href":"https:\/\/gltestm.webology.pl\/cs\/wp-json\/wp\/v2\/product_cat?post=15977"},{"taxonomy":"product_tag","embeddable":true,"href":"https:\/\/gltestm.webology.pl\/cs\/wp-json\/wp\/v2\/product_tag?post=15977"}],"curies":[{"name":"wp","href":"https:\/\/api.w.org\/{rel}","templated":true}]}}