{"id":15969,"date":"2024-09-22T21:40:53","date_gmt":"2024-09-22T19:40:53","guid":{"rendered":"https:\/\/gltestm.webology.pl\/produkt\/sici-stroj-lucznik-helena-2060\/"},"modified":"2026-03-22T21:39:24","modified_gmt":"2026-03-22T20:39:24","slug":"sici-stroj-lucznik-helena-2060","status":"publish","type":"product","link":"https:\/\/gltestm.webology.pl\/cs\/produkt\/sici-stroj-lucznik-helena-2060\/","title":{"rendered":"\u0160ic\u00ed stroj Lucznik Helena 2060"},"content":{"rendered":"<h2>\u0160ic\u00ed stroj Lucznik Helena 2060 &#8211; nejvy\u0161\u0161\u00ed komfort \u0161it\u00ed!<\/h2>\n<p><strong>Helena2060<\/strong> je \u0161pi\u010dkov\u00fd elektronick\u00fd stroj. Vyzna\u010duje se \u0159adou funkc\u00ed automatizace \u0161it\u00ed, kter\u00e9 jsou navr\u017eeny tak, aby pr\u00e1ce na stroji byla co nejjednodu\u0161\u0161\u00ed, nejrychlej\u0161\u00ed a nejp\u0159\u00edjemn\u011bj\u0161\u00ed. <strong>Dok\u00e1\u017ee \u0161\u00edt automaticky,<\/strong> zcela bez pou\u017eit\u00ed no\u017en\u00edho ovlada\u010de. Po ukon\u010den\u00ed \u0161it\u00ed <strong>automaticky odst\u0159ihne nit<\/strong>, <strong>zvedne jehlu<\/strong>. S\u00e1m tak\u00e9 vytvo\u0159\u00ed <strong>bezpe\u010dnostn\u00ed smy\u010dku<\/strong> <strong>stehu<\/strong>, s\u00e1m dokonale zapo\u0161ije <strong>d\u00edrku na<\/strong> velikost knofl\u00edku a zvol\u00ed v\u00fdchoz\u00ed nastaven\u00ed pro ka\u017ed\u00fd ze sv\u00fdch <strong>233 \u0161ic\u00edch program\u016f<\/strong>.<\/p>\n<p>Se \u0161ic\u00edm strojem <strong>Helena 2060<\/strong> m\u016f\u017eete tak\u00e9 <strong>ps\u00e1t<\/strong>! Pam\u011b\u0165 stroje obsahuje <strong>dva vzory psan\u00ed<\/strong> &#8211; technick\u00e9 a ozdobn\u00e9, stejn\u011b jako \u010d\u00edsla a interpunk\u010dn\u00ed znam\u00e9nka. Vybran\u00e9 sekvence p\u00edsmen si m\u016f\u017eete ulo\u017eit a kdykoli je vyvolat a podepsat se pod n\u011b.<\/p>\n<h2>Kl\u00ed\u010dov\u00e9 vlastnosti<\/h2>\n<ul>\n<li><strong>233<\/strong> <strong>\u0161ic\u00edchprogram\u016f<\/strong> (klasick\u00fd, overlock, pru\u017en\u00fd, dekorativn\u00ed a mnoho dal\u0161\u00edch)<\/li>\n<li>m\u00e1 tak\u00e9 dva vzory p\u00edsmen v pam\u011bti (technick\u00e9 a ozdobn\u00e9), \u010d\u00edsla, interpunk\u010dn\u00ed znam\u00e9nka<\/li>\n<li><strong>automatick\u00e9 \u0161it\u00ed<\/strong>, aktivuje se jedn\u00edm tla\u010d\u00edtkem<\/li>\n<li>automatick\u00e9 navl\u00e9k\u00e1n\u00ed jehly<\/li>\n<li>automatick\u00e9 nav\u00edjen\u00ed nit\u011b na c\u00edvku<\/li>\n<li>automatick\u00e9 lemov\u00e1n\u00ed knofl\u00edkov\u00e9 d\u00edrky podle velikosti knofl\u00edku<\/li>\n<li><strong>automatick\u00fd o\u0159ez nit\u011b<\/strong><\/li>\n<li>automatick\u00e9 uzam\u010den\u00ed konce stehu<\/li>\n<li>automatick\u00fd zdvih jehly<\/li>\n<li>pam\u011b\u0165 steh\u016f<\/li>\n<li>nastaven\u00ed<strong>patky pro<\/strong> vy\u0161\u00edv\u00e1n\u00ed podle materi\u00e1lu<\/li>\n<li>nastaven\u00ed nap\u011bt\u00ed nit\u011b<\/li>\n<li>mo\u017enost \u00fapravy stehu (d\u00e9lka, \u0161\u00ed\u0159ka, zrcadlov\u00fd obraz, prodlou\u017een\u00ed)<\/li>\n<li>polohov\u00e1n\u00ed jehly<\/li>\n<li>mo\u017enost \u0161it\u00ed <strong>dvojjehlou<\/strong><\/li>\n<li>plynul\u00e9 nastaven\u00ed rychlosti \u0161it\u00ed pomoc\u00ed speci\u00e1ln\u00edho posuvn\u00edku<\/li>\n<li>voln\u00e9 rameno<\/li>\n<li>zp\u011btn\u00e9 \u0161it\u00ed<\/li>\n<li>\u0161pi\u010dkov\u00fd, tich\u00fd rota\u010dn\u00ed chapa\u010d<\/li>\n<li>n\u00e1hled mno\u017estv\u00ed nit\u011b na spodn\u00ed c\u00edvce<\/li>\n<li>varovn\u00fd syst\u00e9m proti nespr\u00e1vn\u00e9mu pou\u017eit\u00ed<\/li>\n<li>pevn\u00e9 <strong>kovov\u00e9 sou\u010d\u00e1sti<\/strong><\/li>\n<\/ul>\n<h2>Sou\u010d\u00e1st\u00ed dod\u00e1vky je vybaven\u00ed<\/h2>\n<p>Stroj <strong>Helena 2060<\/strong> &#8211; je vybaven stehovou deskou, kterou lze p\u0159ipevnit na horn\u00ed \u010d\u00e1st stroje, p\u0159\u00edmo ve v\u00fd\u0161ce va\u0161ich o\u010d\u00ed, nebo ji podle pot\u0159eby vyt\u00e1hnout. <\/p>\n<p>Stroj se dod\u00e1v\u00e1 s p\u0159\u00edslu\u0161enstv\u00edm:<\/p>\n<ul>\n<li>univerz\u00e1ln\u00ed patka<\/li>\n<li>horn\u00ed transportn\u00ed (kr\u00e1\u010dej\u00edc\u00ed) patka<\/li>\n<li>patka pro lemov\u00e1n\u00ed knofl\u00edkov\u00e9 d\u00edrky<\/li>\n<li>patka pro v\u0161\u00edv\u00e1n\u00ed zip\u016f (zdrhovadel)<\/li>\n<li>patka pro overlockov\u00fd steh<\/li>\n<li>kryt\u00fd p\u0159\u00eddavek na \u0161ev<\/li>\n<li>patka pro sat\u00e9nov\u00fd steh<\/li>\n<li>pro\u0161\u00edvac\u00ed patka<\/li>\n<li>patka pro knofl\u00edkov\u00e9 d\u00edrky<\/li>\n<li>rylovac\u00ed patka<\/li>\n<li>patka pro za\u0161\u00edv\u00e1n\u00ed a vy\u0161\u00edv\u00e1n\u00ed<\/li>\n<li>patka pro stahov\u00e1n\u00ed \u0161\u0148\u016fry<\/li>\n<li>patka pro lemov\u00e1n\u00ed<\/li>\n<li>c\u00edvka<\/li>\n<li>jehly<\/li>\n<li>n\u00e1hradn\u00ed c\u00edvky<\/li>\n<li>\u0161roubov\u00e1k<\/li>\n<li>p\u0159\u00eddavn\u00fd kol\u00edk pro c\u00edvku<\/li>\n<li>pr\u016fvodce pro\u0161\u00edv\u00e1n\u00edm<\/li>\n<li>kryt proti prachu<\/li>\n<\/ul>\n<h2>Helena 2060 &#8211; intuitivn\u00ed menu \u0161ic\u00edho stroje<\/h2>\n<p>P\u0159i volb\u011b \u0161ic\u00edho re\u017eimu v\u00e1s Helena <strong>2060 vyzve k v\u00fdb\u011bru patky,<\/strong> jej\u00ed\u017e pou\u017eit\u00ed je pro dan\u00fd steh nejvhodn\u011bj\u0161\u00ed. Jej\u00ed symbol se zobraz\u00ed nad vzorem vybran\u00e9ho stehu.<\/p>\n<p>D\u00edky<strong> intuitivn\u00edmu menu<\/strong> m\u016f\u017eeme plynule a bez omezen\u00ed upravovat a ovl\u00e1dat v\u0161echna nastaven\u00ed steh\u016f, v\u010detn\u011b <strong>d\u00e9lky a \u0161\u00ed\u0159ky<\/strong> jednotliv\u00fdch steh\u016f. Nastavitelnost je tak voln\u00e1, \u017ee v p\u0159\u00edpad\u011b pot\u0159eby m\u016f\u017eeme dokonce <strong>prodlou\u017eit vy\u0161\u00edvan\u00fd vzor nebo ste<\/strong> h, p\u0159\u00edpadn\u011b prov\u00e9st \u0161it\u00ed se<strong> zrcadlov\u00fdm<\/strong> obrazem.<\/p>\n<p>\u0160ic\u00ed strojHelena<strong>2060<\/strong> m\u00e1 tak\u00e9 <strong>v\u00fdstra\u017en\u00fd syst\u00e9m<\/strong>, kter\u00fd zabr\u00e1n\u00ed necht\u011bn\u00e9mu po\u0161kozen\u00ed v d\u016fsledku zamotan\u00e9 nebo zaseknut\u00e9 nit\u011b. D\u00edky zobrazen\u00fdm symbol\u016fm stroj s\u00e1m <strong>u\u017eivateli napov\u00ed, <\/strong>co m\u00e1 ud\u011blat &#8211; p\u0159esunout kol\u00edk spodn\u00edho nav\u00edjen\u00ed c\u00edvky do spr\u00e1vn\u00e9 polohy nebo spustit p\u00e1\u010dku knofl\u00edkov\u00e9 d\u00edrky. V p\u0159\u00edpad\u011b nespr\u00e1vn\u00e9ho pou\u017eit\u00ed upozorn\u00ed u\u017eivatele na riziko po\u0161kozen\u00ed.<\/p>\n<h2>Speci\u00e1ln\u00ed funk\u010dn\u00ed tla\u010d\u00edtka jsou navr\u017eena tak, aby v\u00e1m usnadnila a zp\u0159\u00edjemnila pr\u00e1ci p\u0159i \u0161it\u00ed.<\/h2>\n<ul>\n<li>tla\u010d\u00edtko<strong>automatick\u00e9ho zdvihu jehly<\/strong> &#8211; d\u00edky stroji Lucznik Helena 2060 &#8211; obrovsk\u00e9 mno\u017estv\u00ed mo\u017enost\u00ed a promy\u0161len\u00fdch \u0159e\u0161en\u00ed, aby stroj s\u00e1m nedopustil dokon\u010den\u00ed \u0161it\u00ed se zdvi\u017eenou jehlou nebo zaseknutou v materi\u00e1lu, bez pou\u017eit\u00ed ru\u010dn\u00edho kole\u010dka,<\/li>\n<li>tla\u010d\u00edtko<strong>automatick\u00e9ho odst\u0159ihu nit\u011b<\/strong> &#8211; d\u00edky n\u011bmu odst\u0159ihnete nit p\u0159\u00edmo na konci stehu, ani\u017e byste museli sahat po n\u016f\u017ek\u00e1ch,<\/li>\n<li>tla\u010d\u00edtko<strong>automatick\u00e9ho uzam\u010den\u00ed<\/strong> &#8211; kter\u00e9 umo\u017e\u0148uje strojov\u011b zacyklit za\u010d\u00e1tek a konec stehu a zabr\u00e1nit tak jeho p\u0159etr\u017een\u00ed,<\/li>\n<li><strong>tla\u010d\u00edtko re\u017eimu dvojit\u00e9 jehly<\/strong> &#8211; kter\u00e9 v\u00e1m umo\u017en\u00ed automaticky upravit pot\u0159ebn\u00e9 nastaven\u00ed pro \u0161it\u00ed dvojitou jehlou, ani\u017e byste se museli ob\u00e1vat po\u0161kozen\u00ed stroje, jehly nebo l\u00e1tky.<\/li>\n<li>tla\u010d\u00edtko<strong>sTART\/STOP<\/strong> &#8211; kter\u00e9 automaticky zapne \u0161it\u00ed bez pou\u017eit\u00ed patn\u00edho regul\u00e1toru,<\/li>\n<li><strong>posuvn\u00edk rychlosti<\/strong> &#8211; kter\u00fd umo\u017e\u0148uje nastavit rychlost stroje p\u0159i pr\u00e1ci v re\u017eimu automatick\u00e9ho \u0161it\u00ed. Umo\u017e\u0148uje v\u00fdrazn\u011b sn\u00ed\u017eit rychlost, kdy\u017e pracujete na extr\u00e9mn\u011b slo\u017eit\u00e9m d\u00edle.<span>\n<p><\/span><\/li>\n<\/ul>\n<h2>\u0160ic\u00ed stroj \u0141ucznik Helena 2060 &#8211; obrovsk\u00e9 mo\u017enosti a promy\u0161len\u00e1 \u0159e\u0161en\u00ed<\/h2>\n<p>Tento stroj m\u00e1 tak\u00e9 \u0159adu dal\u0161\u00edch funkc\u00ed, kter\u00e9 jist\u011b ocen\u00edte.<\/p>\n<ul>\n<li>mo\u017enost <strong>libovoln\u00e9ho polohov\u00e1n\u00ed jehly <\/strong>&#8211; bl\u00ed\u017ee vpravo, vlevo nebo uprost\u0159ed (v rozmez\u00ed a\u017e 7 mm), \u0161pi\u010dkov\u00e9 proveden\u00ed,<\/li>\n<li>tich\u00fd <strong>rota\u010dn\u00ed chapa\u010d<\/strong>, kter\u00fd umo\u017e\u0148uje snadn\u00e9 upevn\u011bn\u00ed spodn\u00ed c\u00edvky v bubnu stroje. P\u0159es pr\u016fhledn\u00fd kryt bubnu m\u016f\u017eeme sledovat mno\u017estv\u00ed nit\u011b zb\u00fdvaj\u00edc\u00ed na spodn\u00ed c\u00edvce stroje,<\/li>\n<li><strong>automatick\u00fd navl\u00e9ka\u010d jehly<\/strong>, d\u00edky kter\u00e9mu urychl\u00edte proces p\u0159\u00edpravy stroje k pr\u00e1ci,<\/li>\n<li>pohodln\u00e9 <strong>nastaven\u00ed p\u0159\u00edtlaku patky<\/strong>, kter\u00e9 v\u00e1m umo\u017en\u00ed p\u0159izp\u016fsobit zp\u016fsob pr\u00e1ce stroje \u0161it\u00e9mu materi\u00e1lu.<\/li>\n<\/ul>\n<h2>Helena 2060 &#8211; kr\u00e1sa uvnit\u0159 i zven\u010d\u00ed<\/h2>\n<p>Z \u010deho je vyroben vnit\u0159n\u00ed prostor \u0161ic\u00edho stroje Helena <strong>2060<\/strong>? T\u011blo a drobn\u00e9 sou\u010d\u00e1sti jsou vyrobeny z <strong>modern\u00edch kovov\u00fdch slitin<\/strong>, jejich\u017e vlastnosti odpov\u00eddaj\u00ed podm\u00ednk\u00e1m, ve kter\u00fdch sou\u010d\u00e1sti pracuj\u00ed (nap\u0159. odolnost proti od\u011bru, zv\u00fd\u0161en\u00ed teploty nebo kontaktu s elektrick\u00fdm proudem). Uvnit\u0159 je tak\u00e9 z\u00e1kladn\u00ed deska &#8211; stejn\u00e1 jako v po\u010d\u00edta\u010di -, kter\u00e1 umo\u017e\u0148uje ovl\u00e1d\u00e1n\u00ed softwaru za\u0159\u00edzen\u00ed.<\/p>\n<p><strong>Kovov\u00e9 sou\u010d\u00e1sti p\u0159\u00edstroje Helena 2060<\/strong> jsou uzav\u0159eny v pouzd\u0159e z lehk\u00e9ho <strong>polykarbon\u00e1tu<\/strong>, kter\u00e9 kombinuje ochranu mechanismu s n\u00edzkou hmotnost\u00ed. D\u00edky tomu m\u016f\u017eete s pomoc\u00ed vestav\u011bn\u00e9 rukojeti <strong>za\u0159\u00edzen\u00ed snadno p\u0159en\u00e1\u0161et<\/strong> z m\u00edsta na m\u00edsto nebo jej po skon\u010den\u00ed pr\u00e1ce ulo\u017eit (nap\u0159\u00edklad do sk\u0159\u00edn\u011b).<\/p>\n<h2>z\u00e1ruka 24 m\u011bs\u00edc\u016f<\/h2>\n<p>Na<strong>p\u0159\u00edstroj <\/strong><strong>je poskytov\u00e1na z\u00e1ruka 24 m\u011bs\u00edc\u016f<\/strong>. Dod\u00e1v\u00e1 se tak\u00e9 s <strong>p\u0159\u00edstupn\u011b napsan\u00fdm n\u00e1vodem k obsluze<\/strong> v pol\u0161tin\u011b a angli\u010dtin\u011b, kter\u00fd je ur\u010den k tomu, abyste se se strojem sezn\u00e1mili a mohli pln\u011b vyu\u017e\u00edvat jeho mo\u017enost\u00ed. Ne\u017e za\u010dnete \u0161\u00edt, ur\u010dit\u011b se do n\u011bj pod\u00edvejte!<\/p>\n<h2>\u00dadr\u017eba \u0161ic\u00edho stroje. Krok za krokem.<\/h2>\n","protected":false},"excerpt":{"rendered":"<p>Helena 2060 je nejvy\u0161\u0161\u00ed kvalita, estetick\u00e9 zpracov\u00e1n\u00ed a skute\u010dn\u00fd komfort hladk\u00e9ho a p\u0159esn\u00e9ho \u0161it\u00ed d\u00edky nejmodern\u011bj\u0161\u00edm \u0159e\u0161en\u00edm. Disponuje \u0159adou vymo\u017eenost\u00ed, kter\u00e9 urychluj\u00ed a zp\u0159\u00edjem\u0148uj\u00ed \u0161it\u00ed.<\/p>\n","protected":false},"featured_media":14110,"comment_status":"open","ping_status":"closed","template":"","meta":[],"product_brand":[],"product_cat":[406],"product_tag":[],"class_list":{"0":"post-15969","1":"product","2":"type-product","3":"status-publish","4":"has-post-thumbnail","6":"product_cat-maszyny-do-szycia-elektroniczne","8":"first","9":"instock","10":"purchasable","11":"product-type-simple"},"_links":{"self":[{"href":"https:\/\/gltestm.webology.pl\/cs\/wp-json\/wp\/v2\/product\/15969","targetHints":{"allow":["GET"]}}],"collection":[{"href":"https:\/\/gltestm.webology.pl\/cs\/wp-json\/wp\/v2\/product"}],"about":[{"href":"https:\/\/gltestm.webology.pl\/cs\/wp-json\/wp\/v2\/types\/product"}],"replies":[{"embeddable":true,"href":"https:\/\/gltestm.webology.pl\/cs\/wp-json\/wp\/v2\/comments?post=15969"}],"version-history":[{"count":0,"href":"https:\/\/gltestm.webology.pl\/cs\/wp-json\/wp\/v2\/product\/15969\/revisions"}],"wp:featuredmedia":[{"embeddable":true,"href":"https:\/\/gltestm.webology.pl\/cs\/wp-json\/wp\/v2\/media\/14110"}],"wp:attachment":[{"href":"https:\/\/gltestm.webology.pl\/cs\/wp-json\/wp\/v2\/media?parent=15969"}],"wp:term":[{"taxonomy":"product_brand","embeddable":true,"href":"https:\/\/gltestm.webology.pl\/cs\/wp-json\/wp\/v2\/product_brand?post=15969"},{"taxonomy":"product_cat","embeddable":true,"href":"https:\/\/gltestm.webology.pl\/cs\/wp-json\/wp\/v2\/product_cat?post=15969"},{"taxonomy":"product_tag","embeddable":true,"href":"https:\/\/gltestm.webology.pl\/cs\/wp-json\/wp\/v2\/product_tag?post=15969"}],"curies":[{"name":"wp","href":"https:\/\/api.w.org\/{rel}","templated":true}]}}