{"id":15961,"date":"2024-09-22T21:40:53","date_gmt":"2024-09-22T19:40:53","guid":{"rendered":"https:\/\/gltestm.webology.pl\/produkt\/sici-stroj-lucznik-laura-555\/"},"modified":"2026-03-22T21:38:57","modified_gmt":"2026-03-22T20:38:57","slug":"sici-stroj-lucznik-laura-555","status":"publish","type":"product","link":"https:\/\/gltestm.webology.pl\/cs\/produkt\/sici-stroj-lucznik-laura-555\/","title":{"rendered":"\u0160ic\u00ed stroj Lucznik Laura 555"},"content":{"rendered":"<h2><strong>\u0160ic\u00ed stroj Lucznik Laura 555 <\/strong><\/h2>\n<p>\u0160ic\u00ed stroj <strong>Laura 555<\/strong> je multifunk\u010dn\u00ed model, kter\u00fd umo\u017e\u0148uje \u0161\u00edt \u0161irokou \u0161k\u00e1lu steh\u016f a r\u016fzn\u011b je upravovat.<\/p>\n<h2>Kl\u00ed\u010dov\u00e9 funkce: &#8211; \u0161it\u00ed na m\u00edru &#8211; \u0161it\u00ed na m\u00edru &#8211; \u0161it\u00ed na m\u00edru:<\/h2>\n<div>\n<div>\n<div>\n<ul>\n<li><strong>35 \u0161ic\u00edch program\u016f<\/strong> (rovn\u00e9 stehy, <strong>pru\u017en\u00e9<\/strong> <strong>overlockov\u00e9<\/strong> stehy, \u0161it\u00ed knofl\u00edk\u016f, lemov\u00e1n\u00ed knofl\u00edkov\u00e9 d\u00edrky a dal\u0161\u00ed)<\/li>\n<li>mo\u017enost \u0161it\u00ed dvojjehlou (dekorativn\u00ed \u0161it\u00ed)<\/li>\n<li><strong>3 patky p\u0159ipojen\u00e9 ke stroji<\/strong> (univerz\u00e1ln\u00ed, na zipy, na knofl\u00edkov\u00e9 d\u00edrky)<\/li>\n<li>p\u0159\u00edkon <strong>70 W<\/strong><\/li>\n<li>st\u0159\u00edh\u00e1n\u00ed knofl\u00edkov\u00fdch d\u00edrek &#8211; 4 kroky<\/li>\n<li>nastaven\u00ed d\u00e9lky stehu a\u017e do 4 mm<\/li>\n<li>nastaven\u00ed \u0161\u00ed\u0159ky stehu a\u017e do 5 mm<\/li>\n<li>3 nastaven\u00ed polohy jehly: vlevo, uprost\u0159ed, vpravo<\/li>\n<li>zp\u011btn\u00e9 \u0161it\u00ed<\/li>\n<li><strong>nastaven\u00ed p\u0159\u00edtlaku patky<\/strong><\/li>\n<li>odpojen\u00ed zub\u016f dopravn\u00edku (deska je sou\u010d\u00e1st\u00ed dod\u00e1vky)<\/li>\n<li>voln\u00e9 rameno pro snadn\u00e9 \u0161it\u00ed nohavic, ruk\u00e1v\u016f, man\u017eet<\/li>\n<li>p\u0159ev\u00edjen\u00ed nit\u011b na c\u00edvce<\/li>\n<li>zaklap\u00e1vac\u00ed patky<\/li>\n<li>rukoje\u0165 pro p\u0159en\u00e1\u0161en\u00ed<\/li>\n<li>praktick\u00fd \u00falo\u017en\u00fd prostor pro p\u0159\u00edslu\u0161enstv\u00ed<\/li>\n<li>kyvadlov\u00fd chapa\u010d<\/li>\n<li>lED osv\u011btlen\u00ed<\/li>\n<\/ul>\n<\/div>\n<\/div>\n<\/div>\n<p>\u0160ic\u00ed strojLaura<strong>555<\/strong> umo\u017e\u0148uje plnou kontrolu nad vzhledem stehu d\u00edky vestav\u011bn\u00fdm nastavovac\u00edm knofl\u00edk\u016fm <strong>d\u00e9lky<\/strong> a <strong>\u0161\u00ed\u0159ky stehu<\/strong>. To znamen\u00e1, \u017ee m\u016f\u017eeme libovoln\u011b p\u0159izp\u016fsobit zp\u016fsob \u0161it\u00ed v\u011bt\u0161in\u011b typ\u016f materi\u00e1l\u016f a v p\u0159\u00edpad\u011b pot\u0159eby <strong>zm\u011bnit polohu jehly<\/strong> p\u0159i \u0161it\u00ed rovn\u00e9ho stehu (lockstitch). <strong>D\u00e9lku stehu<\/strong> lze nastavit a\u017e na 4 milimetry, zat\u00edmco <strong>\u0161\u00ed\u0159ku stehu<\/strong>  lze nastavit a\u017e na 5 milimetr\u016f. \u00dapravu zp\u016fsobu \u0161it\u00ed pro r\u016fzn\u00e9 materi\u00e1ly usnadn\u00ed tak\u00e9  nastaven\u00ed<strong>p\u0159\u00edtlaku patky<\/strong> pomoc\u00ed pohodln\u00e9ho knofl\u00edku. <\/p>\n<p>Dva samostatn\u00e9 nitn\u00ed kol\u00edky, kter\u00e9 lze pohodln\u011b zastr\u010dit do pouzdra, umo\u017e\u0148uj\u00ed bez probl\u00e9m\u016f instalovat <strong>dvojjehlu<\/strong>.<\/p>\n<p>Mezi <strong>35 r\u016fzn\u00fdmi stehy, kter\u00e9<\/strong> stroj um\u00ed, jsou <strong>elastick\u00e9 stehy<\/strong>, pou\u017e\u00edvan\u00e9 pro \u0161it\u00ed s elastick\u00fdmi l\u00e1tkami, <strong>dekorativn\u00ed<\/strong>stehy<span> &#8211; <\/span>pro ozdobn\u00e9 \u0161it\u00ed a <strong>overlockov\u00e9<\/strong> stehy, tj. stehy neoceniteln\u00e9 p\u0159i dokon\u010dov\u00e1n\u00ed \u0161it\u00ed, imituj\u00edc\u00ed lemov\u00e1n\u00ed na skute\u010dn\u00e9m overlocku. Laura 555 umo\u017e\u0148uje tak\u00e9 neviditeln\u00e9 lemov\u00e1n\u00ed okraj\u016f  <strong>pokryt\u00fdm stehem<\/strong>.<\/p>\n<p>Pro snadn\u011bj\u0161\u00ed vy\u0161\u00edv\u00e1n\u00ed drobn\u00fdch detail\u016f a viditelnost stehu na l\u00e1tce m\u00e1 stroj Laura 555 nad pracovn\u00ed plochou <strong>LED osv\u011btlen\u00ed <\/strong>.<\/p>\n<p>Stroj m\u00e1 tak\u00e9 pohodln\u011b um\u00edst\u011bnou p\u00e1\u010dku<strong> zp\u011btn\u00e9ho \u0161it\u00ed<\/strong> pro snadn\u00e9 zaji\u0161t\u011bn\u00ed konce a za\u010d\u00e1tku ka\u017ed\u00e9ho stehu a tak\u00e9 speci\u00e1ln\u00ed  <strong> od\u0159ez nit\u011b<\/strong> ukryt\u00fd v krytu, kter\u00fd lze pou\u017e\u00edt k rychl\u00e9mu odst\u0159i\u017een\u00ed konc\u016f nit\u011b vyta\u017een\u00edm materi\u00e1lu zpod patky po dokon\u010den\u00ed \u0161it\u00ed.<\/p>\n<p>Po odd\u011blen\u00ed \u010d\u00e1sti pracovn\u00edho prostoru stroje lze vytvo\u0159it tzv. <strong>voln\u00e9 rameno<\/strong>, kter\u00e9 umo\u017e\u0148uje pohodln\u00e9 lemov\u00e1n\u00ed l\u00edmc\u016f nebo man\u017eet ko\u0161il. Stejn\u00e1 \u010d\u00e1st stroje slou\u017e\u00ed jako praktick\u00fd <strong>\u00falo\u017en\u00fd prostor pro p\u0159\u00edslu\u0161enstv\u00ed <\/strong>dod\u00e1van\u00e9 se strojem, mezi kter\u00fdm najdete: n\u00e1hradn\u00ed jehly, c\u00edvky, n\u00e1hradn\u00ed patky (pro \u0161it\u00ed knofl\u00edkov\u00fdch d\u00edrek a zip\u016f), vod\u00edtko pro quiltov\u00e1n\u00ed, desku pro zakryt\u00ed zub\u016f dopravn\u00edku l\u00e1tky, vol\u00e1n a p\u0159\u00edslu\u0161enstv\u00ed pro \u00fadr\u017ebu stroje: \u0161roubov\u00e1ky, kart\u00e1\u010dek a olejni\u010dku.<\/p>\n<h2>Sou\u010d\u00e1st\u00ed dod\u00e1vky je vybaven\u00ed<\/h2>\n<ul>\n<li>patka <strong>univerz\u00e1ln\u00ed<\/strong><\/li>\n<li>patka pro <strong>zipy<\/strong><\/li>\n<li>patka pro <strong>knofl\u00edkov\u00e9 d\u00edrky<\/strong><\/li>\n<li>ripper<\/li>\n<li>olej<\/li>\n<li>\u0161roubov\u00e1k<\/li>\n<li>vlo\u017eka pro vypnut\u00ed dopravn\u00edku<\/li>\n<li><strong>n\u00e1hradn\u00ed c\u00edvky (3 ks)<\/strong><\/li>\n<li><strong>n\u00e1hradn\u00ed jehly 90 (3 ks)<\/strong><\/li>\n<li>pr\u016fvodce pro\u0161\u00edv\u00e1n\u00edm<\/li>\n<li>kryt proti prachu<\/li>\n<li>patn\u00ed regul\u00e1tor rychlosti s nap\u00e1jec\u00edm kabelem<\/li>\n<\/ul>\n<h2>24m\u011bs\u00ed\u010dn\u00ed z\u00e1ruka<\/h2>\n<p><span>Na stroj je <\/span><strong>poskytov\u00e1na 24m\u011bs\u00ed\u010dn\u00ed<\/strong><span>z\u00e1rukaa <\/span><strong>n\u00e1vod v polsk\u00e9m jazyce<\/strong>,<span> kter\u00fd je t\u0159eba si p\u0159ed pou\u017eit\u00edm za\u0159\u00edzen\u00ed p\u0159e\u010d\u00edst, abyste mohli bezpe\u010dn\u011b a v souladu se sv\u00fdm ur\u010den\u00edm vyu\u017e\u00edvat v\u0161echny jeho mo\u017enosti<\/span>.<\/p>\n<h2>\u00dadr\u017eba \u0161ic\u00edho stroje. Krok za krokem.<\/h2>\n","protected":false},"excerpt":{"rendered":"<p>Laura 555 je multifunk\u010dn\u00ed stroj s 35 pln\u011b nastaviteln\u00fdmi stehy &#8211; jak na d\u00e9lku, tak na \u0161\u00ed\u0159ku. M\u00e1 tak\u00e9 nastaviteln\u00fd p\u0159\u00edtlak patky v podob\u011b praktick\u00e9ho voli\u010de. Umo\u017e\u0148uje \u0161it\u00ed v re\u017eimu overlock.<\/p>\n","protected":false},"featured_media":14514,"comment_status":"open","ping_status":"closed","template":"","meta":[],"product_brand":[],"product_cat":[396],"product_tag":[],"class_list":{"0":"post-15961","1":"product","2":"type-product","3":"status-publish","4":"has-post-thumbnail","6":"product_cat-maszyny-do-szycia-tradycyjne","8":"first","9":"instock","10":"purchasable","11":"product-type-simple"},"_links":{"self":[{"href":"https:\/\/gltestm.webology.pl\/cs\/wp-json\/wp\/v2\/product\/15961","targetHints":{"allow":["GET"]}}],"collection":[{"href":"https:\/\/gltestm.webology.pl\/cs\/wp-json\/wp\/v2\/product"}],"about":[{"href":"https:\/\/gltestm.webology.pl\/cs\/wp-json\/wp\/v2\/types\/product"}],"replies":[{"embeddable":true,"href":"https:\/\/gltestm.webology.pl\/cs\/wp-json\/wp\/v2\/comments?post=15961"}],"version-history":[{"count":0,"href":"https:\/\/gltestm.webology.pl\/cs\/wp-json\/wp\/v2\/product\/15961\/revisions"}],"wp:featuredmedia":[{"embeddable":true,"href":"https:\/\/gltestm.webology.pl\/cs\/wp-json\/wp\/v2\/media\/14514"}],"wp:attachment":[{"href":"https:\/\/gltestm.webology.pl\/cs\/wp-json\/wp\/v2\/media?parent=15961"}],"wp:term":[{"taxonomy":"product_brand","embeddable":true,"href":"https:\/\/gltestm.webology.pl\/cs\/wp-json\/wp\/v2\/product_brand?post=15961"},{"taxonomy":"product_cat","embeddable":true,"href":"https:\/\/gltestm.webology.pl\/cs\/wp-json\/wp\/v2\/product_cat?post=15961"},{"taxonomy":"product_tag","embeddable":true,"href":"https:\/\/gltestm.webology.pl\/cs\/wp-json\/wp\/v2\/product_tag?post=15961"}],"curies":[{"name":"wp","href":"https:\/\/api.w.org\/{rel}","templated":true}]}}